{"id":83,"date":"2016-10-26T10:35:18","date_gmt":"2016-10-26T10:35:18","guid":{"rendered":"https:\/\/esa.ipb.pt\/cv\/msabenca\/?page_id=83"},"modified":"2021-11-18T17:59:51","modified_gmt":"2021-11-18T17:59:51","slug":"papers-2","status":"publish","type":"page","link":"https:\/\/esa.ipb.pt\/cv\/msabenca\/publications\/papers-2\/","title":{"rendered":"Indexed Papers"},"content":{"rendered":"<ul>\n<li><span style=\"color: #000000\">Presumido P.H.,Santos L.F.d.,Neuparth T.,Santos M.M.,Feliciano M.,Primo A.,Garcia H.,B- \u0110oli\u0107 M.,Vilar V.J.P. (2021). <a style=\"color: #000000\" href=\"http:\/\/www.sciencedirect.com\/science\/article\/pii\/S1385894721042170\" target=\"_blank\" rel=\"noopener noreferrer\">A Novel ceramic tubular membrane coated with a continuous graphene-TiO2 nanocomposite thin-film for CECs mitigation.\u00a0<\/a>Chemical Engineering Journal, 430, 2022<\/span><\/li>\n<li><span style=\"color: #000000\">Furst L.,Feliciano M.,Frare L.,Igrejas G. (2021). <a style=\"color: #000000\" href=\"http:\/\/dx.doi.org\/10.3390\/s21227456\" target=\"_blank\" rel=\"noopener noreferrer\">A portable device for methane measurement using a low-cost semiconductor sensor: Development, calibration and environmental applications.\u00a0<\/a>Sensors, 21, 2021<\/span><\/li>\n<li><span style=\"color: #000000\">Blanco-Ward D.,Rocha A.,Viceto C.,Ribeiro A.C.,Feliciano M.,Paoletti E.,Miranda A.I. (2021). <a style=\"color: #000000\" href=\"http:\/\/www.sciencedirect.com\/science\/article\/pii\/S1352231021003289\" target=\"_blank\" rel=\"noopener noreferrer\">Validation of meteorological and ground-level ozone WRF-CHIMERE simulations in a mountainous grapevine growing area for phytotoxic risk assessment.\u00a0<\/a>Atmospheric Environment, 259, 2021<\/span><\/li>\n<li><span style=\"color: #000000\">Pereira E.L.,Madacussengua O.,Baptista P.,Feliciano M. (2021). <a style=\"color: #000000\" href=\"http:\/\/dx.doi.org\/10.1007\/s10453-020-09681-5\" target=\"_blank\" rel=\"noopener noreferrer\">Assessment of indoor air quality in geriatric environments of southwestern Europe.\u00a0<\/a><\/span><span style=\"color: #000000\">Aerobiologia, 37, 139-153, 2021<\/span><\/li>\n<li><span style=\"color: #000000\">Saraiva, A.; Presumido, P.; Silvestre, J.; Feliciano, M.; Rodrigues, G.; Silva, P.O.; Dam\u00e1sio, M.; Ribeiro, A.; Ram\u00f4a, S.; Ferreira, L.; Gon\u00e7alves, A.; Ferreira, A.; Grifo, A.; Paulo, A.; Ribeiro, A.C.; Oliveira, A.; Dias, I.; Mira, H.; Amaral, A.; Mamede, H.; Oliveira, M. (2020). Water Footprint Sustainability as a Tool to Address Climate Change in the Wine Sector: A Methodological Approach Applied to a Portuguese Case Study. <em>Atmosphere<\/em>, <em>11<\/em>, 934. https:\/\/doi.org\/10.3390\/atmos11090934.10.3390\/atmos110909342<\/span><\/li>\n<li><span style=\"color: #000000\">Presumido, Pedro Henrique; Sousa, Fernando; Gon\u00e7alves, Artur; Dal Bosco, Tatiane Cristina; Feliciano, Manuel. (2020). Environmental Sustainability in Beef Production and Life Cycle Assessment as a Tool for Analysis. U.Porto Journal of Engineering 6, 1: 11-25. http:\/\/dx.doi.org\/10.24840\/2183-6493_006.001_0002.\u00a0<\/span><\/li>\n<li><span style=\"color: #000000\">Saraiva, A.; Rodrigues, G.; Mamede, H.; Silvestre, J.; Dias, I.; Feliciano, M.; Oliveira e Silva, P.; Oliveira, M.. (2019). The impact of the winery&#8217;s wastewater treatment system on the winery water footprint. Water Science and Technology 80, 10: 1823-1831. http:\/\/dx.doi.org\/10.2166\/wst.2019.432.<\/span><\/li>\n<\/ul>\n<ul>\n<li><span style=\"color: #000000\">Blanco-Ward, Daniel; Monteiro, Alexandra; Lopes, Myriam; Borrego, Carlos; Silveira, Carlos; Viceto, Carolina; Rocha, Alfredo; Ribeiro, Ant\u00f3nio; Andrade, Jo\u00e3o; Feliciano, Manuel; Castro, Jo\u00e3o; Barreales, David; Neto, Jorge; Carlos, Cristina; Peixoto, Carlos; Miranda, Ana (2019). Climate change impact on a wine-producing region using a dynamical downscaling approach: Climate parameters, bioclimatic indices and extreme indices. International Journal of Climatology 39, 15: 5741-5760. http:\/\/dx.doi.org\/10.1002\/joc.6185.10.1002\/joc.6185<\/span><\/li>\n<li><span style=\"color: #000000\">Gon\u00e7alves, Artur; Castro Ribeiro, Ant\u00f3nio; Maia, Filipe; Nunes, Lu\u00eds; Feliciano, Manuel. (2019). Influence of Green Spaces on Outdoors Thermal Comfort\u2014Structured Experiment in a Mediterranean Climate&#8221;. Climate 7, 2: 20. http:\/\/dx.doi.org\/10.3390\/cli7020020.10.3390\/cli70200208<\/span><\/li>\n<li><span style=\"color: #000000\">Feliciano, Manuel; Rodrigues, Filipe. (2019). Improving indoor air quality of naturally ventilated classrooms in the northeast of Portugal. Environmental Engineering and Management Journal 18, 7: 1423-1437. http:\/\/dx.doi.org\/10.30638\/eemj.2019.135.10.30638\/eemj.2019.1359<\/span><\/li>\n<li><span style=\"color: #000000\">Presumido, Pedro Henrique; Sousa, Fernando; Gon\u00e7alves, Artur; Bosco, Tatiane Cristina Dal; Feliciano, Manuel. (2018). Environmental Impacts of the Beef Production Chain in the Northeast of Portugal Using Life Cycle Assessment. Agriculture 810: 165. http:\/\/dx.doi.org\/10.3390\/agriculture8100165.10.3390\/agriculture810016510<\/span><\/li>\n<li><span style=\"color: #000000\">Gon\u00e7alves, Artur; Ornellas, Gabriella; Castro Ribeiro, Ant\u00f3nio; Maia, Filipe; Rocha, Alfredo; Feliciano, Manuel. (2018). Urban Cold and Heat Island in the City of Bragan\u00e7a(Portugal). Climate 6, 3: 70. http:\/\/dx.doi.org\/10.3390\/cli6030070.10.3390\/cli603007011<\/span><\/li>\n<li><span style=\"color: #000000\">Ribeiro, A.C; Feliciano, M.; Blanco-Ward, Daniel; Barreales, David; Castro, Jo\u00e3o Paulo; Andrade, Jo\u00e3o Verdial; Pires, Jaime; Rodrigues, M.A. (2018). Efeitos potenciais do ozono na vinha&#8221;. Revista Portuguesa de Horticultura 129: 37-41. http:\/\/hdl.handle.net\/10198\/19063.<\/span><\/li>\n<li><span style=\"color: #000000\">Samuel, Fernandes; Igrejas, Get\u00falio; Feliciano, Manuel. (2017). Monitoriza\u00e7\u00e3o e controlo de qualidade do ar interior em gabinetes de edif\u00edcios escolares. Revista de Ci\u00eancias Agr\u00e1rias 40 SP: S274-S281. http:\/\/dx.doi.org\/10.19084\/rca16192.10.19084\/rca1619213<\/span><\/li>\n<li><span style=\"color: #000000\">L\u00facia, Dantas; Azevedo, Jo\u00e3o C.; Feliciano, Manuel. (2017). O impacto da queima dom\u00e9stica de biomassa lenhosa nos n\u00edveis de PM2,5 na cidade de Bragan\u00e7a, Portugal. Revista de Ci\u00eancias Agr\u00e1rias 40 SP: S282-S290. http:\/\/dx.doi.org\/10.19084\/rca16191.10.19084\/rca1619114<\/span><\/li>\n<li><span style=\"color: #000000\">Lopes, A.; Gon\u00e7alves, A.; Feliciano, M.. (2017). Desempenho Ambiental de uma empresa do sector vin\u00edcola. Revista de Ci\u00eancias Agr\u00e1rias 40 SP: S245-S254. http:\/\/dx.doi.org\/10.19084\/rca16194.10.19084<\/span><\/li>\n<li><span style=\"color: #000000\">Blanco-Ward D., Monteiro A., Lopes M., Borrego C., Silveira C., Viceto C., Rocha A., Ribeiro A.C., Andrade J., Feliciano M., Castro J., Barreales D., Carlos C., Peixoto C., Miranda A. (2017). Analysis of climate change indices in relation to wine production: a case study in the Douro region (Portugal). BIO Web Conf., 9 (2017) 01011 DOI: https:\/\/doi.org\/10.1051\/bioconf\/20170901011<\/span><\/li>\n<li><span style=\"color: #000000\">Azevedo J., Ferreira M., Nunes, L. F., Feliciano M. (2016). What Drives Consumption of Wood Energy in the Residential Sector of Small Cities in Europe and How that Can Affect Forest Resources Locally? The Case of Bragan\u00e7a, Portugal. International Forestry Review 18(1):1-12. 2016.<\/span><\/li>\n<li><span style=\"color: #000000\">Monteiro A., Gouveia S., Scotto M.G., Lopes J., Gama C., Feliciano M., Miranda A.I. (2016). Investigating ozone episodes in Portugal: a wavelet-based approach. <span class=\"JournalTitle\"><a style=\"color: #000000\" title=\"Air Quality, Atmosphere &amp; Health\" href=\"http:\/\/link.springer.com\/journal\/11869\">Air Quality, Atmosphere &amp; Health<\/a>\u00a0<\/span><span id=\"ctl00_corpo_GridView1_ctl05_Label14\">9: 775-783. http:\/\/dx.doi.org\/10.1007\/s11869-015-0379-7.<\/span><\/span><\/li>\n<li><span style=\"color: #000000\">Feliciano M., Rodrigues F., Pereira J.A., Reis F. (2015). Efici\u00eancia Energ\u00e9tica no Setor Agroalimentar: Uma Avalia\u00e7\u00e3o para o Norte Interior de Portugal. Tecnoalimentar, Revista da Industria alimentar, n\u00ba4. Publind\u00fastria. Porto.<\/span><\/li>\n<li><span style=\"color: #000000\"><span id=\"ctl00_corpo_GridView1_ctl05_Label14\">Feliciano, M., Maia, F., Rodrigues, F., Gon\u00e7alves, (2014). Eco-Efficiency Assessment in Apple Production and Storage in the Northeast of Portugal. The IAFOR European Conference Series 2014. pp. 119-134. ISSN: 2188-1146.\u00a0<\/span>DOI:\u00a0<a class=\"nova-e-link nova-e-link--color-inherit nova-e-link--theme-decorated\" style=\"color: #000000\" href=\"https:\/\/www.researchgate.net\/deref\/http%3A%2F%2Fdx.doi.org%2F10.13140%2F2.1.3110.7843?_sg%5B0%5D=6RVLH2WAdaSoFe5XIKxMzYP2J6FP54WlZq5f2QhbH7kZD0IZTRwYIeJYzTQvl5EI9qWAvufV52876rBTHCGlXcKT9w.g4Vu5EyBZ_cnvETCDb71VyY5ywh4pLTtFdw2G2wtbGRxd2H4_QaJf-bfdm0TcP13eMIIBOwI9bA0QnZ_au7MGQ\">10.13140\/2.1.3110.7843<\/a><\/span><\/li>\n<li><span id=\"ctl00_corpo_GridView1_ctl05_Label14\" style=\"color: #000000\">Feliciano, M., Rodrigues, F., Gon\u00e7alves, A., Santos, J. M. R. C. A., Leite, V. (2014). Assessment of Energy Use and Energy Efficiency in Two Portuguese Slaughterhouses. International Journal of Environmental and Ecological Engineering, 8(4): 253-257. <a style=\"color: #000000\" href=\"https:\/\/doi.org\/10.5281\/zenodo.1091846\" target=\"_blank\" rel=\"noopener noreferrer\">doi.org\/10.5281\/zenodo.1091846<\/a><\/span><\/li>\n<li><span id=\"ctl00_corpo_GridView1_ctl05_Label14\" style=\"color: #000000\">Feliciano, M., Rodrigues, F., Gon\u00e7alves, A., Santos, J. M. R. C. A., Leite, V. (2014). An Analysis of Eco-efficiency and GHG emission of Olive Oil Production in Northeast of Portugal. International Journal of Environmental and Ecological Engineering, 8(4): 359-364. <a style=\"color: #000000\" href=\"https:\/\/doi.org\/10.5281\/zenodo.1091982\" target=\"_blank\" rel=\"noopener noreferrer\">doi.org\/10.5281\/zenodo.1091982<\/a><\/span><\/li>\n<li><span id=\"ctl00_corpo_GridView1_ctl05_Label14\" style=\"color: #000000\">Feliciano M. S., Pio C. A. e Vermeulen A. 2001. Evaluation of SO2 dry deposition over short vegetation in Portugal. Atmospheric Environment 35, 3633-3643.\u00a0<\/span><\/li>\n<li><span id=\"ctl00_corpo_GridView1_ctl05_Label14\" style=\"color: #000000\">Pio C. A., Feliciano M. S., Vermeulen A. e Sousa E. 2000. Seasonal variability of ozone dry deposition under southern european climate conditions, in Portugal. Atmospheric Environment 34, 195-205.\u00a0<\/span><\/li>\n<li><span id=\"ctl00_corpo_GridView1_ctl05_Label14\" style=\"color: #000000\">Pio C. A. e Feliciano M. S. 1996. Dry deposition of sulphur dioxide and ozone over low vegetation in moderate southern european weather conditions. Measurements and Modelling. Phys. Chem. Earth, Vol. 21, N\u00ba 5-6, pp. 373-377.<\/span><\/li>\n<\/ul>\n","protected":false},"excerpt":{"rendered":"<p>Presumido P.H.,Santos L.F.d.,Neuparth T.,Santos M.M.,Feliciano M.,Primo A.,Garcia H.,B- \u0110oli\u0107 M.,Vilar V.J.P. (2021). A Novel ceramic tubular membrane coated with a continuous graphene-TiO2 nanocomposite thin-film for CECs mitigation.\u00a0Chemical Engineering Journal, 430, 2022 Furst L.,Feliciano M.,Frare L.,Igrejas G. (2021). A portable device for methane measurement using a low-cost semiconductor sensor: Development, calibration and environmental applications.\u00a0Sensors, 21, 2021 [&hellip;]<\/p>\n","protected":false},"author":4,"featured_media":0,"parent":64,"menu_order":0,"comment_status":"closed","ping_status":"closed","template":"","meta":[],"_links":{"self":[{"href":"https:\/\/esa.ipb.pt\/cv\/msabenca\/wp-json\/wp\/v2\/pages\/83"}],"collection":[{"href":"https:\/\/esa.ipb.pt\/cv\/msabenca\/wp-json\/wp\/v2\/pages"}],"about":[{"href":"https:\/\/esa.ipb.pt\/cv\/msabenca\/wp-json\/wp\/v2\/types\/page"}],"author":[{"embeddable":true,"href":"https:\/\/esa.ipb.pt\/cv\/msabenca\/wp-json\/wp\/v2\/users\/4"}],"replies":[{"embeddable":true,"href":"https:\/\/esa.ipb.pt\/cv\/msabenca\/wp-json\/wp\/v2\/comments?post=83"}],"version-history":[{"count":18,"href":"https:\/\/esa.ipb.pt\/cv\/msabenca\/wp-json\/wp\/v2\/pages\/83\/revisions"}],"predecessor-version":[{"id":372,"href":"https:\/\/esa.ipb.pt\/cv\/msabenca\/wp-json\/wp\/v2\/pages\/83\/revisions\/372"}],"up":[{"embeddable":true,"href":"https:\/\/esa.ipb.pt\/cv\/msabenca\/wp-json\/wp\/v2\/pages\/64"}],"wp:attachment":[{"href":"https:\/\/esa.ipb.pt\/cv\/msabenca\/wp-json\/wp\/v2\/media?parent=83"}],"curies":[{"name":"wp","href":"https:\/\/api.w.org\/{rel}","templated":true}]}}