{"id":77,"date":"2016-10-26T10:32:00","date_gmt":"2016-10-26T10:32:00","guid":{"rendered":"https:\/\/esa.ipb.pt\/cv\/msabenca\/?page_id=77"},"modified":"2018-01-15T15:10:57","modified_gmt":"2018-01-15T15:10:57","slug":"papers","status":"publish","type":"page","link":"https:\/\/esa.ipb.pt\/cv\/msabenca\/publications\/papers\/","title":{"rendered":"Proceedings"},"content":{"rendered":"<ul>\n<li>Presumido P., Sousa F., Goncalves A., Bosco T., Feliciano M. 2017. Pegada de Carbono da Produ\u00e7\u00e3o de Carne Bovina no Nordeste de Portugal: Compara\u00e7\u00e3o entre Dois Sistemas Produtivos. Atas do III Congresso Ibero-Americano de Empreendedorismo, Energia, Ambiente e Tecnologia (CIEEMAT 2017). Bragan\u00e7a. Portugal.<\/li>\n<li>Pituco M., Goncalves A., Eyng E., Feliciano M. 2017. An\u00e1lise do Potencial de Eutrofiza\u00e7\u00e3o Associado \u00e0 Opera\u00e7\u00e3o de uma ETAR Urbana. Atas do III Congresso Ibero-Americano de Empreendedorismo, Energia, Ambiente e Tecnologia (CIEEMAT 2017). Bragan\u00e7a. Portugal.<\/li>\n<li>Leite L., Oliveira R., Feliciano M. 2017. Simula\u00e7\u00e3o do Tratamento de \u00c1guas Residuais Urbanas por um Sistema de Lamas Ativadas. Atas do III Congresso Ibero-Americano de Empreendedorismo, Energia, Ambiente e Tecnologia (CIEEMAT 2017). Bragan\u00e7a. Portugal.<\/li>\n<li>Blanco-Ward D., Monteiro A., Lopes M., Borrego C., Silveira C., Miranda A., Viceto C., Rocha A., Ribeiro A.C., Andrade J., Feliciano M., Castro J., Barreales D., Carlos C., Peixoto C. 2017. Grapevine Bioclimatic Indices in Relation to Climate Change: a Case Study in the Portuguese Douro Demarcated Region. Atas do III Congresso Ibero-Americano de Empreendedorismo, Energia, Ambiente e Tecnologia (CIEEMAT 2017). Bragan\u00e7a. Portugal.<\/li>\n<li>Furst L., Feliciano M., Frare L., Igrejas G. 2017. Estudo do Potencial de Aplica\u00e7\u00e3o de um Sensor de Baixo Custo para Medi\u00e7\u00e3o de Metano em \u00c1reas Urbanas: Ensaios Preliminares. Atas do III Congresso Ibero-Americano de Empreendedorismo, Energia, Ambiente e Tecnologia (CIEEMAT 2017). Bragan\u00e7a. Portugal.<\/li>\n<li>Menezes G., Gon\u00e7alves A., Ribeiro A. C., Feliciano M., Bineli A. 2007. An\u00e1lise do Efeito de Ilha de Calor Urbano na Cidade de Bragan\u00e7a. Atas do III Congresso Ibero-Americano de Empreendedorismo, Energia, Ambiente e Tecnologia (CIEEMAT 2017). Bragan\u00e7a. Portugal.<\/li>\n<li>Remor P., Azevedo J., Arioli R., Feliciano M. 2017. An\u00e1lise de um Sistema de Aquecimento Urbano no Campus do Instituto Polit\u00e9cnico de Bragan\u00e7a. Atas do III Congresso Ibero-Americano de Empreendedorismo, Energia, Ambiente e Tecnologia (CIEEMAT 2017). Bragan\u00e7a. Portugal.<\/li>\n<li>Belo S., Dias A., Feliciano M., Sousa F., Almeida J., Trindade H, Arroja L. (2015). Evaluating the environmental impact of two beef production systems using life cycle assessment. In: Proceedings of the Conference Energy for Sustainability 2015: Sustainable Cities: Designing for People and the Planet. Coimbra, 14-15 May 2015. 6pp.<\/li>\n<li>Rosa D., Figueiredo F., Castanheira E., Feliciano M., Maia F., Santos J., Silva A.P., Trindade H., Freire F. (2015). Life-cycle greenhouse gas assessment of Portuguese chestnut. In: Proceedings of the Conference Energy for Sustainability 2015: Sustainable Cities: Designing for People and the Planet. Coimbra, 14-15 May 2015. 6pp.<\/li>\n<li>Feliciano M, Azevedo J., Tarelho L., Matos A., 2013. Fluxos verticais de CO2 em v\u00e1rias fases do ciclo de crescimento de uma cultura de curta rota\u00e7\u00e3o de choupo no nordeste de Portugal. In: Borrego, C., Miranda, A.I., Arroja, L., Fid\u00e9lis, T., Castro, E.A., Gomes, A.P. (eds.). Atas da 10\u00aa Confer\u00eancia Nacional do Ambiente\/XII Congresso Nacional do Ambiente, 6 a 8 de Novembro de 2013. Vol. IV, pp. 903-904. ISBN: 978-989-98673-0-7. Universidade de Aveiro. Aveiro, Portugal.<\/li>\n<li>Feliciano, M., Rodrigues, F., Maia, F., Gon\u00e7alves, A. (2013). Urban Vegetation as a Filter for Airborne Particles: Brief Studies. In: The Walking Urban Forest \u2013 A Dynamic Green Infrastructure for Our Cities. 16th European Forum on Urban Forestry, 7-11 May, 2013. Milano, Italy. Book of abstracts. p.105.<\/li>\n<li>Figueiredo F., Castanheira E. G., Feliciano M., Rodrigues M. A., Peres A., Maia F., Ramos A., Carneiro J., Coroama V. C., Freire F. 2013. CARBON FOOTPRINT OF APPLE AND PEAR: ORCHARDS, STORAGE AND DISTRIBUTION. In: Proceedings of the Conference Energy for Sustainability 2013: Sustainable Cities: Designing for People and the Planet. Coimbra, 8-10 September 2013. 6pp.<\/li>\n<li>Figueiredo F., Coroama V. C., Ramos A., Almeida A., Ramalhosa E., Castanheira E. G., Peres P., Carneiro J., Pereira J. A., Feliciano M., Gomes P., Marques P., Freire F. 2013. LIFE-CYCLE GREENHOUSE GAS EMISSIONS OF PORTUGUESE OLIVE OIL. Energy for Sustainability 2013: Sustainable Cities: Designing for People and the Planet. Coimbra, 8 to 10 September 2013. 6pp.<\/li>\n<li>Gon\u00e7alves A., Fonseca F., Ribeiro A. C., Feliciano M., 2013. Perception and attitudes towards public green spaces exploring the spatial dimension. The Walking Urban Forest. 16th European Forum for Urban Forestry (EFUF). 7-11 May, Milan, Italy. Book of abstracts. p. 44.<\/li>\n<li>Gon\u00e7alves A., Ribeiro A. C., Maia F., Pinto M.V., Feliciano M., 2013. Urban climate studies &#8211; addressing the role of urban green spaces. The Walking Urban Forest. 16th European Forum for Urban Forestry (EFUF). 7-11 May, Milan, Italy. Book of abstracts. p. 108.<\/li>\n<li>Gon\u00e7alves A., Ribeiro A., Pinto M., Maia F., Feliciano M. 2013. Mapeamento clim\u00e1tico urbano, aplica\u00e7\u00f5es \u00e0 cidade de Bragan\u00e7a. In: Borrego, C., Miranda, A.I., Arroja, L., Fid\u00e9lis, T., Castro, E.A., Gomes, A.P. (eds.). Atas da 10\u00aa Confer\u00eancia Nacional do Ambiente\/XII Congresso Nacional do Ambiente, 6 a 8 de Novembro de 2013. Vol. IV, pp. 995-996. ISBN: 978-989-98673-0-7. Universidade de Aveiro. Aveiro, Portugal.<\/li>\n<li>Maia F., Gon\u00e7alves A., Rocha A., Ribeiro. A. Feliciano M. 2013. Avalia\u00e7\u00e3o da Ilha de calor de Bragan\u00e7a. In: Borrego, C., Miranda, A.I., Arroja, L., Fid\u00e9lis, T., Castro, E.A., Gomes, A.P. (eds.). Atas da 10\u00aa Confer\u00eancia Nacional do Ambiente\/XII Congresso Nacional do Ambiente, 6 a 8 de Novembro de 2013. Vol. IV, pp. 704-709. ISBN: 978-989-98673-0-7. Universidade de Aveiro. Aveiro, Portugal.<\/li>\n<li>Martins T., Feliciano M. 2013. Sistema de abastecimento de \u00e1gua para consumo humano \u2013 desenvolvimento e aplica\u00e7\u00e3o de ferramenta inform\u00e1tica para a sua gest\u00e3o integrada. In: Borrego, C., Miranda, A.I., Arroja, L., Fid\u00e9lis, T., Castro, E.A., Gomes, A.P. (eds.). Atas da 10\u00aa Confer\u00eancia Nacional do Ambiente\/XII Congresso Nacional do Ambiente, 6 a 8 de Novembro de 2013. Vol. IV, pp. 947-948. ISBN: 978-989-98673-0-7. Universidade de Aveiro. Aveiro, Portugal.<\/li>\n<li>Rodrigues, F., Feliciano, M. (2013). Avalia\u00e7\u00e3o de CO2 em Salas de Aula sem Ventila\u00e7\u00e3o. In: Borrego, C., Miranda, A.I., Arroja, L., Fid\u00e9lis, T., Castro, E.A., Gomes, A.P. (eds.). Atas da 10\u00aa Confer\u00eancia Nacional do Ambiente\/XII Congresso Nacional do Ambiente, 6 a 8 de Novembro de 2013. Vol. IV, pp. 873-874. ISBN: 978-989-98673-0-7. Universidade de Aveiro. Aveiro, Portugal.<\/li>\n<li>Rodrigues, F., Feliciano, M. (2013). Ozono Superficial em Atmosfera Urbana do Nordeste Transmontano. In: Borrego, C., Miranda, A.I., Arroja, L., Fid\u00e9lis, T., Castro, E.A., Gomes, A.P. (eds.). Atas da 10\u00aa Confer\u00eancia Nacional do Ambiente\/XII Congresso Nacional do Ambiente, 6 a 8 de Novembro de 2013. Vol. IV, pp. 879-880. ISBN: 978-989-98673-0-7. Universidade de Aveiro. Aveiro, Portugal.<\/li>\n<li>Azevedo, J. C., M. V. Pinto, E. Escalante, M. Feliciano, J. Aranha &amp; J.P. Castro. 2012. Potential forest biomass and energy production at the regional scale: the case of maritime pine (Pinus pinaster Ait.) in the district of Bragan\u00e7a, Northeastern Portugal. In Ramos, R.A.R, I. Strape &amp; T. Panagopoulos (eds.) Recent Researches in Environment, Energy Systems and Sustainability. Proceedings of the 8th WSEAS International Conference on Energy, Environment, Ecosystems and Sustainable Development (EEESD&#8217;12), May 2-4, 2012, University of Algarve, Faro, Portugal. Pp.226-231. Energy, Environmental and Structural Engineering Series, 1. WSEAS Press. ISBN: 978-1-61804-088-6; ISSN: 2227-4359.<\/li>\n<li>Feliciano M., Gon\u00e7alves A., Maia F., Rocha A., Ribeiro A. C. 2012. Projeto BIOURB &#8211; An\u00e1lise do clima urbano e o seu contributo para o planeamento urbano sustent\u00e1vel \u2013 estudo da cidade de Bragan\u00e7a. Livro de Atas do F\u00f3rum CIMO &#8211; Ci\u00eancia e Desenvolvimento 2012, Centro de Investiga\u00e7\u00e3o de Montanha, Instituto Polit\u00e9cnico de Bragan\u00e7a. Pp. 1-7. ISBN: 978-972-745-146-3.<\/li>\n<li>Azevedo, J.; Castro, J. P.; Tarelho, L.; Escalante, E.; Feliciano, M. (2011) &#8211; Avalia\u00e7\u00e3o do potencial de produ\u00e7\u00e3o e utiliza\u00e7\u00e3o sustent\u00e1vel de biomassa para energia no distrito de Bragan\u00e7a. In 17\u00ba Congresso da Associa\u00e7\u00e3o Portuguesa para o Desenvolvimento Regional, 5\u00ba Congresso de Gest\u00e3o e Conserva\u00e7\u00e3o da Natureza, Workshop de Zamora da Associa\u00e7\u00e3o Espanhola de Ci\u00eancia Regional: gest\u00e3o de bens comuns e desenvolvimento regional sustent\u00e1vel. Bragan\u00e7a. p. 1008-1021. ISBN 978-989-96353-2-6.<\/li>\n<li>Feliciano, M., Ribeiro, A., Rodrigues, F. 2010. Padr\u00f5es de Varia\u00e7\u00e3o Temporal de Temperatura do Ar e Ozono Superficial na Cidade de Bragan\u00e7a, Portugal. In: II Workshop Clima e Recursos Naturais \u2013 Bragan\u00e7a, Portugal -15 a 19 de Novembro 2010 \u2013 Livro de Actas. (Eds)Tom\u00e1s de Figueiredo, Lu\u00eds Fr\u00f6l\u00e9n Ribeiro, Ant\u00f3nio Castro Ribeiro. Pag. 379-387. Instituto Polit\u00e9cnico de Bragan\u00e7a (ISBN: 978-972-745-114-2.<\/li>\n<li>Gon\u00e7alves, A., Ribeiro, A.C., Azevedo, J., Carvalho, A. e Feliciano, A. 2010. Planning Green Infraestructures as a Mean to Improve Urban Quality of Life \u2013 Lessons from the Bragan\u00e7a (Portugal) Green Plann. In Proceedings of the I European Conference on Energy Efficiency and Sustainability in Architecture and Planning. Donostia \u2013 San Sebastian 28, 29 e 30 de Junho de 2010. Pag. 219-227. Departamento de Arquitectura. Universidad del Pa\u00eds Basco. ISBN 978-84-693-3502-4.<\/li>\n<li>Feliciano M., Maia F., Gon\u00e7alves A., Castro J. 2009. A modela\u00e7\u00e3o como ferramenta de melhoria de qualidade ac\u00fastica urbana: o caso do Parque da Braguinha (Bragan\u00e7a). Livro de Actas da Confer\u00eancia Qualidade do Ambiente Urbano: Novos Desafios, 8 e 9 de Outubro, Bragan\u00e7a. pp. 52-58.<\/li>\n<li>Feliciano M., Maia F., Rodrigues F., Ribeiro A., Gon\u00e7alves A. e Nunes L. 2009. O Papel da Vegeta\u00e7\u00e3o Urbana no Controlo das Concentra\u00e7\u00f5es de PM10. Livro de Actas da Confer\u00eancia Qualidade do Ambiente Urbano: Novos Desafios, 8 e 9 de Outubro, Bragan\u00e7a. pp. 39-45.<\/li>\n<li>Gon\u00e7alves, A., Ribeiro, A. C., Nunes, L., Maia, F. e Feliciano, M., 2009. Green Space Influence on Thermal Comfort &#8211; Contrasting Approaches in the Assessment of Conditions in Bragan\u00e7a (Portugal). In (Ed. Demers, C.; Potvin, A. Proceedings PLEA2009 &#8211; 26th Conference on Passive and Low Energy Architecture, 22-24 Junho, Quebec City, Canada.<\/li>\n<li>Gon\u00e7alves, A., Ribeiro, A. C., Nunes, L., Maia, F. e Feliciano, M., 2009. Green Space Influence on Thermal Comfort &#8211; Contrasting Approaches in the Assessment of Conditions in Bragan\u00e7a (Portugal). In (Ed. Demers, C.; Potvin, A.) Proceedings PLEA2009 &#8211; 26th Conference on Passive and Low Energy Architecture, , 22-24 Junho, Quebec City, Canada (ISBN 978-2-7637-8940-8 CD).<\/li>\n<li>Castro, Jo\u00e3o Paulo M, Martins, Lu\u00eds Miguel P. e Feliciano, M. 2009. Quantifica\u00e7\u00e3o da dispers\u00e3o atmosf\u00e9rica no espa\u00e7o urbano por detec\u00e7\u00e3o remota. Actas do X Congresso Nacional de Engenharia do Ambiente \/ I Congresso Lus\u00f3fono de Engenharia do Ambiente, 1-2 Outubro, Faro, Univ. Algarve.<\/li>\n<li>Castro, J., M. Feliciano and L. Martins. 2009. Dispers\u00e3o atmosf\u00e9rica na cidade de Bragan\u00e7a com recurso \u00e0 detec\u00e7\u00e3o remota. In: 6\u00ba Congresso Ibero-Americano de Parques e Jardins P\u00fablicos, P\u00f3voa de Lanhoso, 23-27 de Junho, 160-165 pp.<\/li>\n<li>Castro, J., M. Feliciano and L. Martins. 2009. Dispers\u00e3o atmosf\u00e9rica na cidade de Bragan\u00e7a com recurso \u00e0 detec\u00e7\u00e3o remota. In: 6\u00ba Congresso Ibero-Americano de Parques e Jardins P\u00fablicos, P\u00f3voa de Lanhoso, 23-27 de Junho, pp. 160-165.<\/li>\n<li>Gon\u00e7alves A, Ribeiro A.C., Rodrigues O., Cortez P., Nunes, L., M. Feliciano 2007: Avalia\u00e7\u00e3o da influ\u00eancia dos espa\u00e7os verdes no conforto t\u00e9rmico urbano. In: 9\u00aa Confer\u00eancia Nacional de Ambiente: um futuro sustent\u00e1vel, ambiente, sociedade e desenvolvimento. Eds. C. Borrego, A.I. Miranda, E. Figueiredo, F. Martins, L. Arroja e T. Fidelis. Vol. 4, Universidade de Aveiro. pp. 1357-1362.<\/li>\n<li>Gon\u00e7alves, A., Veloso, M., Carvalho, A., Miranda, C., Rodrigues, O., Nunes, L., Castro, J.P. e Feliciano, M. 2007. Indicadores de Avalia\u00e7\u00e3o de estrutura verde da cidade de Bragan\u00e7a. In: 9\u00aa Confer\u00eancia Nacional de Ambiente: um futuro sustent\u00e1vel, ambiente, sociedade e desenvolvimento. Eds. C. Borrego, A.I. Miranda, E. Figueiredo, F. Martins, L. Arroja e T. Fidelis. Vol. 2, Universidade de Aveiro. pp. 479-485.<\/li>\n<li>Feliciano M., Gon\u00e7alves A., Silvana P., Teixeira G., Nunes L., Cortez P., Cerqueira M. 2007. O ru\u00eddo ambiente a cidade de Bragan\u00e7a: o papel dos espa\u00e7os verdes. In: 9\u00aa Confer\u00eancia Nacional de Ambiente: um futuro sustent\u00e1vel, ambiente, sociedade e desenvolvimento. Eds. C. Borrego, A.I. Miranda, E. Figueiredo, F. Martins, L. Arroja e T. Fidelis. Vol. 2, Universidade de Aveiro. pp. 473-478.<\/li>\n<li>Feliciano M., Rementeria E., Gon\u00e7alves A., Dias L., Nunes L., Cortez P., Castro J., Fernandes A. e Ara\u00fajo A. 2007. Part\u00edculas PM10 na cidade de Bragan\u00e7a e sua rela\u00e7\u00e3o com os espa\u00e7os verdes. In: 9\u00aa Confer\u00eancia Nacional de Ambiente: um futuro sustent\u00e1vel, ambiente, sociedade e desenvolvimento. Eds. C. Borrego, A.I. Miranda, E. Figueiredo, F. Martins, L. Arroja e T. Fidelis. Vol. 2, Universidade de Aveiro. pp. 467-472.<\/li>\n<li>Feliciano M., Gon\u00e7alves A., Cortez P., Nunes L., Rodrigues O., Ribeiro A., Nunes T., Cardoso A. 2006. Os Impactes dos Espa\u00e7os Verdes na Qualidade do Ambiente Urbano. Actas da Confer\u00eancia CNAI 2006. Castelo Branco (CD ROM). 13 pp.<\/li>\n<li>Feliciano M., Gon\u00e7alves A., Cardoso A., Nunes T., Nunes L., Cortez P., Ribeiro A., Rodrigues O., Castro J., Martins L., Cerqueira M., Castro J., Teixeira A., Monteiro M. 2006. the role of green spaces on urban environmental quality. Actas da Confer\u00eancias ICERA 06. Rom\u00e9nia (CD ROM). 18pp.<\/li>\n<li>Feliciano, M., Gon\u00e7alves, A. e Ara\u00fajo, R. 2004. O acompanhamento ambiental de obras de constru\u00e7\u00e3o civil \u2013 o caso do projecto de constru\u00e7\u00e3o do parque de estacionamento da Pra\u00e7a de Cam\u00f5es em Bragan\u00e7a. Actas da 8\u00aa Confer\u00eancia Nacional do Ambiente, Lisboa, 2004 (CD ROM). 12 pp.<\/li>\n<li>Feliciano M., Gon\u00e7alves A., Gomes P., Cardoso A., Ara\u00fajo R. 2004. Part\u00edculas em Suspens\u00e3o na Pra\u00e7a Cam\u00f5es (Bragan\u00e7a), durante a Constru\u00e7\u00e3o do Parque de Estacionamento. Actas da 8\u00aa Confer\u00eancia Nacional do Ambiente, Lisboa, 2004 (CD ROM). 12 pp.<\/li>\n<li>Feliciano M., Gon\u00e7alves A., Ara\u00fajo R., Almeida R. 2004. O Ru\u00eddo Gerado pela Constru\u00e7\u00e3o Civil: O Caso da Obra do Parque de Estacionamento Subterr\u00e2neo da Pra\u00e7a Cam\u00f5es, em Bragan\u00e7a. Actas da 8\u00aa Confer\u00eancia Nacional do Ambiente, Lisboa, 2004 (CD ROM). 12 pp.<\/li>\n<li>Gon\u00e7alves A., Feliciano M., Ara\u00fajo R., Cardoso A. e Almeida R. 2003. Acompanhamento ambiental da obra do Parque de Estacionamento da Pra\u00e7a de Cam\u00f5es, em Bragan\u00e7a. Actas do VII Congresso Nacional de Engenharia do Ambiente, APEA (CD ROM). 11 pp.<\/li>\n<li>Borrego, C; Barros, N; Valinhas, M. J.; Carvalho, A. C.; Pio, C. e Feliciano, M. 2000. Improvement of dry deposition model for critical loads (levels) assessment. In: Global and Regional Atmospheric Modelling. Eds. G. Barone, B. J. Builtjes and G. Giunta. Istituto Universitario Navale Napoli, Annale, Facult\u00e1 di Scienze Nautiche, Napoli, 2000, pp. 240-254.<\/li>\n<li>Feliciano M. S. e Pio C. A. 1999. Deposi\u00e7\u00e3o seca de ozono sobre vegeta\u00e7\u00e3o rasteira na regi\u00e3o do Alentejo. Actas da 6\u00aa Confer\u00eancia Nacional da Qualidade do Ambiente, Pl\u00e1tano Editora, pp 71- 82.<\/li>\n<li>Feliciano M. S., Pio C. A. e Vermeulen A. 1999. Trace gases and energy exchange over Souhwest European grasslands, in Proceedings of Eurotrac Symposium \u201998, Eds. P. M. Borrel e P. Borrel, WITpress, Southampton, pp. 208-212.<\/li>\n<li>Feliciano M. S. e Pio C. A. 1996. Monitoriza\u00e7\u00e3o da deposi\u00e7\u00e3o seca de ozono e di\u00f3xido de enxofre: a import\u00e2ncia relativa das condi\u00e7\u00f5es micrometeorol\u00f3gicas e de superf\u00edcie. 5\u00aa Confer\u00eancia Nacional da Qualidade do Ambiente, editada por C. Borrego, C. Coelho, C. Boia e E. Figueiredo, pp. 1017-1028.<\/li>\n<li>Pio C. A., Feliciano M. S., San Jos\u00e9 R., Lopez A., Carrara A., Cieslik S., Dutaur L., Vermeulen A. e Slanina J. 1999. Dry deposition of trace contaminants: Results from Madrid Intercomparison Campaign. In Proceedings of Eurotrac Symposium \u201998, Eds. P. M. Borrel e P. Borrel, WITpress, Southampton, pp. 213-217.<\/li>\n<li>Pio, C. A. e Feliciano M. S. 1999. Exchange rates of NO and NO2 over Southern European grasslands. Geophysical Research Abstracts, Vol. 1, N\u00ba 2, European Geophysical Society, Germany.<\/li>\n<li>Pio, C. A. e Feliciano M. S. 1996. Dry deposition of sulphur dioxide and ozone over low vegetation in moderate southern european weather conditions. Measurements and Modelling. 21 st EGS General Assembly, The Hague, Netherlands. Annals of Geophysicae, Part II, Suppl.II, Vol 14, pp. C468.<\/li>\n<\/ul>\n","protected":false},"excerpt":{"rendered":"<p>Presumido P., Sousa F., Goncalves A., Bosco T., Feliciano M. 2017. Pegada de Carbono da Produ\u00e7\u00e3o de Carne Bovina no Nordeste de Portugal: Compara\u00e7\u00e3o entre Dois Sistemas Produtivos. Atas do III Congresso Ibero-Americano de Empreendedorismo, Energia, Ambiente e Tecnologia (CIEEMAT 2017). Bragan\u00e7a. Portugal. Pituco M., Goncalves A., Eyng E., Feliciano M. 2017. An\u00e1lise do Potencial [&hellip;]<\/p>\n","protected":false},"author":4,"featured_media":0,"parent":64,"menu_order":0,"comment_status":"closed","ping_status":"closed","template":"","meta":[],"_links":{"self":[{"href":"https:\/\/esa.ipb.pt\/cv\/msabenca\/wp-json\/wp\/v2\/pages\/77"}],"collection":[{"href":"https:\/\/esa.ipb.pt\/cv\/msabenca\/wp-json\/wp\/v2\/pages"}],"about":[{"href":"https:\/\/esa.ipb.pt\/cv\/msabenca\/wp-json\/wp\/v2\/types\/page"}],"author":[{"embeddable":true,"href":"https:\/\/esa.ipb.pt\/cv\/msabenca\/wp-json\/wp\/v2\/users\/4"}],"replies":[{"embeddable":true,"href":"https:\/\/esa.ipb.pt\/cv\/msabenca\/wp-json\/wp\/v2\/comments?post=77"}],"version-history":[{"count":6,"href":"https:\/\/esa.ipb.pt\/cv\/msabenca\/wp-json\/wp\/v2\/pages\/77\/revisions"}],"predecessor-version":[{"id":332,"href":"https:\/\/esa.ipb.pt\/cv\/msabenca\/wp-json\/wp\/v2\/pages\/77\/revisions\/332"}],"up":[{"embeddable":true,"href":"https:\/\/esa.ipb.pt\/cv\/msabenca\/wp-json\/wp\/v2\/pages\/64"}],"wp:attachment":[{"href":"https:\/\/esa.ipb.pt\/cv\/msabenca\/wp-json\/wp\/v2\/media?parent=77"}],"curies":[{"name":"wp","href":"https:\/\/api.w.org\/{rel}","templated":true}]}}