{"id":75,"date":"2016-10-26T10:31:16","date_gmt":"2016-10-26T10:31:16","guid":{"rendered":"https:\/\/esa.ipb.pt\/cv\/msabenca\/?page_id=75"},"modified":"2016-11-02T17:15:34","modified_gmt":"2016-11-02T17:15:34","slug":"book-chapters","status":"publish","type":"page","link":"https:\/\/esa.ipb.pt\/cv\/msabenca\/publications\/book-chapters\/","title":{"rendered":"Books &amp; Book Chapters"},"content":{"rendered":"<ul>\n<li>Pinto de Andrade, L., Nunes J., Dinho P., Dinis P., Domingues L.C., Nobre T., Gaspar A., Feliciano M., Ara\u00fajo A., Brito P., F\u00e9lix P. 2015. Manual de Boas Pr\u00e1ticas \u2013 Inovenergy. L. Pinto de Andrade, J. Nunes e L. C. Domingues (Eds). Instituto Polit\u00e9cnico de Castelo Branco. ISBN:\u00a0978-989-8196-46-0.<\/li>\n<li>Figueiredo F., Castanheira E., Maia F., Pereira, J., Ramalhosa E., Ramos A., Gon\u00e7alves A., Rodrigues F., Marques P., Peres F., Carneiro J., Gomes P., Pinto de Andrade L., Feliciano M., Freire F. 2015. Eco-efici\u00eancia e Eco-Gest\u00e3o no Setor do Azeite: Uma Avalia\u00e7\u00e3o de Ciclo de Vida. Manuel Feliciano e Fausto Freire (Eds). Instituto Polit\u00e9cnico de Bragan\u00e7a. ISBN: 978-972-745-182-1<\/li>\n<li>Gon\u00e7alves, A., Ribeiro, A. C., Maia, F., &amp; Feliciano, M. (2014). Metodologia de Avalia\u00e7\u00e3o do Clima Urbano. In A. Gon\u00e7alves (Ed.), (pp. 43): Instituto Polit\u00e9cnico de Bragan\u00e7a. (Documento elaborado no \u00e2mbito do Projeto POCTEP &#8211; BIOURB: www.biourb.net).<\/li>\n<li>Gon\u00e7alves, A., Ribeiro, A. C., Maia, F., &amp; Feliciano, M. (2014). Clima Urbano de Bragan\u00e7a. In A. Gon\u00e7alves (Ed.): Instituto Polit\u00e9cnico de Bragan\u00e7a.(Documento elaborado no \u00e2mbito do Projeto POCTEP &#8211; BIOURB: www.biourb.net).<\/li>\n<li>Gon\u00e7alves, A., &amp; Feliciano, M. 2009. An\u00e1lise do local e envolvente. In J. Azevedo, &amp; A. Gon\u00e7alves, Manual de Boas Pr\u00e1ticas em Espa\u00e7os Verdes (pp. 13-20). C\u00e2mara Municipal de Bragan\u00e7a.<\/li>\n<li>Azevedo, Jo\u00e3o; Feliciano, Manuel; Castro, Jos\u00e9; Pinto, Maria Alice (2010) &#8211; Book of abstracts of the IUFRO Landscape Ecology Working Group International Conference: Forest Landscapes and Global Change &#8211; New Frontiers in Management, Conservation and Restoration. Bragan\u00e7a: IUFRO. ISBN 978-972-745-111-1.<\/li>\n<li>Azevedo, Jo\u00e3o; Feliciano, Manuel; Castro, Jos\u00e9; Pinto, Maria Alice (2010) &#8211; Forest landscapes and global change. New frontiers in management, conservation and restoration. Proceedings of the IUFRO Landscape Ecology Working Group International Conference. Bragan\u00e7a: IUFRO. ISBN 978-972-745-110-4.<\/li>\n<li>Vicente F., Cardoso M., Silva M., Carvalho M., Feliciano M. 2007. \u201cQualidade do Ambiente em Macedo de Cavaleiros\u201d. Young Reporters for the Enviroment. http:\/\/www.youngreporters.org\/article.php3?id_article=2640. 4 pp.<\/li>\n<\/ul>\n","protected":false},"excerpt":{"rendered":"<p>Pinto de Andrade, L., Nunes J., Dinho P., Dinis P., Domingues L.C., Nobre T., Gaspar A., Feliciano M., Ara\u00fajo A., Brito P., F\u00e9lix P. 2015. Manual de Boas Pr\u00e1ticas \u2013 Inovenergy. L. Pinto de Andrade, J. Nunes e L. C. Domingues (Eds). Instituto Polit\u00e9cnico de Castelo Branco. ISBN:\u00a0978-989-8196-46-0. Figueiredo F., Castanheira E., Maia F., Pereira, [&hellip;]<\/p>\n","protected":false},"author":4,"featured_media":0,"parent":64,"menu_order":0,"comment_status":"closed","ping_status":"closed","template":"","meta":[],"_links":{"self":[{"href":"https:\/\/esa.ipb.pt\/cv\/msabenca\/wp-json\/wp\/v2\/pages\/75"}],"collection":[{"href":"https:\/\/esa.ipb.pt\/cv\/msabenca\/wp-json\/wp\/v2\/pages"}],"about":[{"href":"https:\/\/esa.ipb.pt\/cv\/msabenca\/wp-json\/wp\/v2\/types\/page"}],"author":[{"embeddable":true,"href":"https:\/\/esa.ipb.pt\/cv\/msabenca\/wp-json\/wp\/v2\/users\/4"}],"replies":[{"embeddable":true,"href":"https:\/\/esa.ipb.pt\/cv\/msabenca\/wp-json\/wp\/v2\/comments?post=75"}],"version-history":[{"count":5,"href":"https:\/\/esa.ipb.pt\/cv\/msabenca\/wp-json\/wp\/v2\/pages\/75\/revisions"}],"predecessor-version":[{"id":244,"href":"https:\/\/esa.ipb.pt\/cv\/msabenca\/wp-json\/wp\/v2\/pages\/75\/revisions\/244"}],"up":[{"embeddable":true,"href":"https:\/\/esa.ipb.pt\/cv\/msabenca\/wp-json\/wp\/v2\/pages\/64"}],"wp:attachment":[{"href":"https:\/\/esa.ipb.pt\/cv\/msabenca\/wp-json\/wp\/v2\/media?parent=75"}],"curies":[{"name":"wp","href":"https:\/\/api.w.org\/{rel}","templated":true}]}}