{"id":72,"date":"2016-10-26T10:27:17","date_gmt":"2016-10-26T10:27:17","guid":{"rendered":"https:\/\/esa.ipb.pt\/cv\/msabenca\/?page_id=72"},"modified":"2016-11-01T18:47:35","modified_gmt":"2016-11-01T18:47:35","slug":"editor","status":"publish","type":"page","link":"https:\/\/esa.ipb.pt\/cv\/msabenca\/publications\/editor\/","title":{"rendered":"Editor"},"content":{"rendered":"<ul>\n<li>Figueiredo F., Castanheira E., Maia F., Pereira, J., Ramalhosa E., Ramos A., Gon\u00e7alves A., Rodrigues F., Marques P., Peres F., Carneiro J., Gomes P., Pinto de Andrade L., Feliciano M., Freire F. 2015. Eco-efici\u00eancia e Eco-Gest\u00e3o no Setor do Azeite: Uma Avalia\u00e7\u00e3o de Ciclo de Vida. Manuel Feliciano e Fausto Freire (Eds). Instituto Polit\u00e9cnico de Bragan\u00e7a. ISBN: 978-972-745-182-1.<\/li>\n<li>HERN\u00c1NDEZ, Agust\u00edn (coord.). Manual de Desenho Bioclim\u00e1tico Urbano. Manual de Orienta\u00e7\u00f5es para a Elabora\u00e7\u00e3o de Normas Urban\u00edsticas. Redac\u00e7\u00e3o: Jos\u00e9 FARI\u00d1A, Victoria FERN\u00c1NDEZ, Miguel \u00c1ngel G\u00c1LVEZ, Agust\u00edn HERN\u00c1NDEZ e Nagore URRUTIA. Colaboradoras: Carolina ASTORGA e Itxaso CEBERIO. Coordena\u00e7\u00e3o editorial e tradu\u00e7\u00e3o para portugu\u00eas: Artur GON\u00c7ALVES, Antonio CASTRO e Manuel FELICIANO. Bragan\u00e7a [Portugal]: Instituto Polit\u00e9cnico de Bragan\u00e7a, 2013. ISBN: 978-972-745-157-9.<\/li>\n<li>Livro de Atas 14\u00ba Encontro Nacional de Ecologia SPECO\/Encontro da Primavera APEP 2013 17 a 19 junho 2013. (Eds) Jo\u00e3o Azevedo, Manuel Feliciano, Jos\u00e9 Castro e Alice Pinto. 2013. Instituto Polit\u00e9cnico de Bragan\u00e7a. ISBN: 978-972-745-158-6.<\/li>\n<li>Book of abstracts of the IUFRO landscape ecology working group international conference: forest landscapes and global change: new frontiers in management, conservation and restoration. (Eds) Jo\u00e3o Azevedo, Manuel Feliciano, Jos\u00e9 Castro e Alice Pinto. 2010. Instituto Polit\u00e9cnico de Bragan\u00e7a. ISBN: 978-972-745-111-1.<\/li>\n<li>Forest landscapes and global change. New frontiers in management, conservation and restoration. Proceedings of the IUFRO Landscape Ecology Working Group International Conference. (Eds) Jo\u00e3o Azevedo, Manuel Feliciano, Jos\u00e9 Castro e Alice Pinto. 2010. Instituto Polit\u00e9cnico de Bragan\u00e7a. ISBN: 978-972-745-110-4.<\/li>\n<li>Qualidade do ambiente urbano: novos desafios. Livro de atas. (Eds) Manuel Feliciano, Artur Gon\u00e7alves e Ant\u00f3nio Castro Ribeiro e Filipe Maia. 2009. Instituto Polit\u00e9cnico de Bragan\u00e7a. ISBN: 978-972-745-105-0.<\/li>\n<\/ul>\n","protected":false},"excerpt":{"rendered":"<p>Figueiredo F., Castanheira E., Maia F., Pereira, J., Ramalhosa E., Ramos A., Gon\u00e7alves A., Rodrigues F., Marques P., Peres F., Carneiro J., Gomes P., Pinto de Andrade L., Feliciano M., Freire F. 2015. Eco-efici\u00eancia e Eco-Gest\u00e3o no Setor do Azeite: Uma Avalia\u00e7\u00e3o de Ciclo de Vida. Manuel Feliciano e Fausto Freire (Eds). Instituto Polit\u00e9cnico de [&hellip;]<\/p>\n","protected":false},"author":4,"featured_media":0,"parent":64,"menu_order":0,"comment_status":"closed","ping_status":"closed","template":"","meta":[],"_links":{"self":[{"href":"https:\/\/esa.ipb.pt\/cv\/msabenca\/wp-json\/wp\/v2\/pages\/72"}],"collection":[{"href":"https:\/\/esa.ipb.pt\/cv\/msabenca\/wp-json\/wp\/v2\/pages"}],"about":[{"href":"https:\/\/esa.ipb.pt\/cv\/msabenca\/wp-json\/wp\/v2\/types\/page"}],"author":[{"embeddable":true,"href":"https:\/\/esa.ipb.pt\/cv\/msabenca\/wp-json\/wp\/v2\/users\/4"}],"replies":[{"embeddable":true,"href":"https:\/\/esa.ipb.pt\/cv\/msabenca\/wp-json\/wp\/v2\/comments?post=72"}],"version-history":[{"count":3,"href":"https:\/\/esa.ipb.pt\/cv\/msabenca\/wp-json\/wp\/v2\/pages\/72\/revisions"}],"predecessor-version":[{"id":224,"href":"https:\/\/esa.ipb.pt\/cv\/msabenca\/wp-json\/wp\/v2\/pages\/72\/revisions\/224"}],"up":[{"embeddable":true,"href":"https:\/\/esa.ipb.pt\/cv\/msabenca\/wp-json\/wp\/v2\/pages\/64"}],"wp:attachment":[{"href":"https:\/\/esa.ipb.pt\/cv\/msabenca\/wp-json\/wp\/v2\/media?parent=72"}],"curies":[{"name":"wp","href":"https:\/\/api.w.org\/{rel}","templated":true}]}}