{"id":56,"date":"2016-10-26T10:23:39","date_gmt":"2016-10-26T10:23:39","guid":{"rendered":"https:\/\/esa.ipb.pt\/cv\/msabenca\/?page_id=56"},"modified":"2021-11-19T23:41:15","modified_gmt":"2021-11-19T23:41:15","slug":"students","status":"publish","type":"page","link":"https:\/\/esa.ipb.pt\/cv\/msabenca\/students\/","title":{"rendered":"Supervision"},"content":{"rendered":"<h3><div class=\"wm-call-to-action cta-button-color-blue\/gray\/green\/orange\/red\"><div class=\"wm-call-to-action-content wm-call-to-action-element\">PhD Theses<\/div><\/div><\/h3>\n<ul>\n<li>Yago Alonso Cipoli, <i>Indoor and <i>Outdoor Air Pollution in Braganza: Causes, Inhalation Exposure and Toxicity. <\/i><\/i>Tese de Doutoramento. Ci\u00eancias e Engenharia do Ambiente, Universidade de Aveiro, Aveiro, Portugal. (ongoing).<\/li>\n<li>Leonardo Campestrini Furst, <i>Development and application of a low-cost platform for IAQ monitoring in transport microenvironments to improve comfort and safety. <\/i>Ci\u00eancias e Engenharia do Ambiente, Universidade de Aveiro, Aveiro, Portugal. (ongoing)<\/li>\n<li>Samuel Queijo Fernandes, <i>Assessment of water quality with remote sensing techniques. <\/i>Ci\u00eancias da Terra e do Espa\u00e7o, Universidade de \u00c9vora, Universidade de \u00c9vora, \u00c9vora, Portugal. (ongoing)<\/li>\n<li>Pedro Henrique Presumido, <i>Disruptive Photo-Catalytic\/Electrocatalytic Membrane Reactors for Tertiary Treatment of Urban Wastewaters. <\/i>Environmental Engineering, FEUP &#8211; Universidade do Porto, Porto, Portugal, Portugal. (ongoing)<\/li>\n<\/ul>\n<h3><div class=\"wm-call-to-action cta-button-color-blue\/gray\/green\/orange\/red\"><div class=\"wm-call-to-action-content wm-call-to-action-element\">Master Theses<\/div><\/div><\/h3>\n<hr \/>\n<h3>MSc in Environmental Technology (ESA\/IPB)<\/h3>\n<ul>\n<li>Ellen Cristina Paim Silva. 2020. Impactes ambientais na produ\u00e7\u00e3o de vinho na regi\u00e3o sul de Portugal usando uma abordagem de avalia\u00e7\u00e3o do ciclo de vida. Disserta\u00e7\u00e3o de Mestrado em Tecnologia Ambiental. Instituto Polit\u00e9cnico de Bragan\u00e7a.<\/li>\n<li>La\u00eds Fabiana Serafini. 2020. Pegada de carbono de sistemas de tratamento de \u00e1guas residuais urbanas. Disserta\u00e7\u00e3o de Mestrado em Tecnologia Ambiental. Instituto Polit\u00e9cnico de Bragan\u00e7a.<\/li>\n<li>Lucas Abreu Gomes. 2020. Qualidade do ar em zonas industriais: an\u00e1lise dos padr\u00f5es temporais e espaciais de ozono e de \u00f3xidos de azoto na zona industrial urbana de Mirandela (Portugal). Disserta\u00e7\u00e3o de Mestrado em Tecnologia Ambiental. Instituto Polit\u00e9cnico de Bragan\u00e7a.<\/li>\n<li>Marcos Jorge Gon\u00e7alves da Costa. 2020. Desenvolvimento e aplica\u00e7\u00e3o de um modelo de previs\u00e3o microclim\u00e1tico com ENVI-met para o Bairro Rainha Santa Isabel em Bragan\u00e7a. Disserta\u00e7\u00e3o de Mestrado em Tecnologia Ambiental. Instituto Polit\u00e9cnico de Bragan\u00e7a.<\/li>\n<li>Mark Matheus Yuri Lee Farias. 2020.\u00a0 Avalia\u00e7\u00e3o do desempenho ambiental de uma esta\u00e7\u00e3o de tratamento de \u00e1guas residuais utilizando a metodologia de an\u00e1lise de ciclo de vida. Disserta\u00e7\u00e3o de Mestrado em Tecnologia Ambiental. Instituto Polit\u00e9cnico de Bragan\u00e7a.<\/li>\n<li>Ricardo Bruno Caravau Lopes. 2020. Estudo da digest\u00e3o anaer\u00f3bia e produ\u00e7\u00e3o de biog\u00e1s da ETAR de Bragan\u00e7a. Disserta\u00e7\u00e3o de Mestrado em Tecnologia Ambiental. Instituto Polit\u00e9cnico de Bragan\u00e7a.<\/li>\n<li>Thais Messias Berto. 2020. Modela\u00e7\u00e3o e otimiza\u00e7\u00e3o de um sistema de lamas ativadas com reatores biol\u00f3gicos do tipo vala de oxida\u00e7\u00e3o. Disserta\u00e7\u00e3o de Mestrado em Tecnologia Ambiental. Instituto Polit\u00e9cnico de Bragan\u00e7a.<\/li>\n<li>Thalles Perdig\u00e3o Lima. 2020. Performance and effectiveness of adsorbents prepared from lignocellulosic agro-industrial residues on the abatement of leachate odor containing ammonia. Disserta\u00e7\u00e3o de Mestrado em Tecnologia Ambiental. Instituto Polit\u00e9cnico de Bragan\u00e7aYago Alonso Cipoli. 2020. Avalia\u00e7\u00e3o de contrastes espaciais dos n\u00edveis de material particulado na cidade de Bragan\u00e7a. Disserta\u00e7\u00e3o de Mestrado em Tecnologia Ambiental. Instituto Polit\u00e9cnico de Bragan\u00e7a.<\/li>\n<li>Lucas D\u2019avila (2019). Gest\u00e3o da Qualidade do Ar Interior em Ambiente Hospitalar. Mestrado em Tecnologia Ambiental; Instituto Polit\u00e9cnico de Bragan\u00e7a (IPB\/ESA); Universidade Tecnol\u00f3gica Federal do Paran\u00e1 (UTFPR).<\/li>\n<li>Milena Clarindo Ianela (2019). An\u00e1lise de Vari\u00e1veis de Gest\u00e3o Ambiental em Parques Industriais &#8211; O Caso de Estudo da Zona Industrial de Mirandela, Portugal. Mestrado em Tecnologia Ambiental; Instituto Polit\u00e9cnico de Bragan\u00e7a (IPB\/ESA); Universidade Tecnol\u00f3gica Federal do Paran\u00e1 (UTFPR).<\/li>\n<li>Vanessa Yukie Yamanaka (2019). Exposi\u00e7\u00e3o ocupacional a gases anest\u00e9sicos a gases anest\u00e9sicos no Bloco Operat\u00f3rio do Hospital Distrital de Bragan\u00e7a. Mestrado em Tecnologia Ambiental; Instituto Polit\u00e9cnico de Bragan\u00e7a (IPB\/ESA); Universidade Tecnol\u00f3gica Federal do Paran\u00e1 (UTFPR).<\/li>\n<li>Leonardo Almeida Delgado (2019). Qualidade do ar em instala\u00e7\u00f5es agropecu\u00e1rias: constru\u00e7\u00e3o e aplica\u00e7\u00e3o de um sistema de baixo custo. Mestrado em Tecnologia Ambiental; Instituto Polit\u00e9cnico de Bragan\u00e7a (IPB\/ESA); Universidade Tecnol\u00f3gica Federal do Paran\u00e1 (UTFPR).<\/li>\n<li>Lucil\u00e9ia Barbosa Reis (2019). Estudo comparativo dos fluxos de CO2 na interface solo-atmosfera em sistema agroflorestal com maneio contrastante no nordeste de Portugal. Mestrado em Tecnologia Ambiental; Instituto Polit\u00e9cnico de Bragan\u00e7a (IPB\/ESA); Universidade Tecnol\u00f3gica Federal do Paran\u00e1 (UTFPR).<\/li>\n<li>Prestes M. O. 2018. Plataforma de aquisi\u00e7\u00e3o de dados para avalia\u00e7\u00e3o da qualidade do ar interior: Desenvolvimento e aplica\u00e7\u00e3o.\u00a0Tese de Mestrado. Instituto Polit\u00e9cnico de Bragan\u00e7a, Portugal.<\/li>\n<li>Lira F. 2018.\u00a0Qualidade do ar interior em habita\u00e7\u00f5es do Nordeste de Portugal: a influ\u00eancia dos sistemas de aquecimento dom\u00e9stico.\u00a0Tese de Mestrado. Instituto Polit\u00e9cnico de Bragan\u00e7a, Portugal.<\/li>\n<li>Alves R. 2018. Qualidade do ar em zonas industriais transfronteiri\u00e7as.\u00a0Desenvolvimento e aplica\u00e7\u00e3o.\u00a0Tese de Mestrado. Instituto Polit\u00e9cnico de Bragan\u00e7a, Portugal.<\/li>\n<li>Martins A. 2018.\u00a0Proposta de um \u00edndice de qualidade ambiental aplicado a agroind\u00fastrias. Tese de Mestrado. Instituto Polit\u00e9cnico de Bragan\u00e7a, Portugal.<\/li>\n<li>Pereira H. 2018. Avalia\u00e7\u00e3o do Potencial de Melhoria do Processo de Digest\u00e3o Anaer\u00f3bia com vista \u00e0 Otimiza\u00e7\u00e3o do Processo de Cogera\u00e7\u00e3o da ETAR de Vila Real.\u00a0Tese de Mestrado. Instituto Polit\u00e9cnico de Bragan\u00e7a, Portugal.<\/li>\n<li>Madacussengua O. 2018.\u00a0Qualidade do Ar Interior em Ambiente Geri\u00e1trico.\u00a0Tese de Mestrado. Instituto Polit\u00e9cnico de Bragan\u00e7a, Portugal.<\/li>\n<li>Furst L. 2017. Constru\u00e7\u00e3o e aplica\u00e7\u00e3o de um sistema de baixo custo para a monitora\u00e7\u00e3o de g\u00e1s metano na cidade de Bragan\u00e7a.\u00a0Tese de Mestrado. Instituto Polit\u00e9cnico de Bragan\u00e7a, Portugal.<\/li>\n<li>Pituco M. 2017.\u00a0Sustentabilidade ambiental de esta\u00e7\u00f5es de tratamento de \u00e1guas residuais: uma avalia\u00e7\u00e3o de ciclo de vida. Tese de Mestrado. Instituto Polit\u00e9cnico de Bragan\u00e7a, Portugal.<\/li>\n<li>Presumido P. 2017.\u00a0Impactes ambientais da cadeia produtiva de carne bovina do nordeste de Portugal usando uma abordagem de Avalia\u00e7\u00e3o do Ciclo de Vida.\u00a0Tese de Mestrado. Instituto Polit\u00e9cnico de Bragan\u00e7a, Portugal.<\/li>\n<li>Remor P. 2017.\u00a0An\u00e1lise energ\u00e9tica e ambiental da implementa\u00e7\u00e3o de aquecimento urbano a biomassa no Campus do Instituto Polit\u00e9cnico de Bragan\u00e7a.\u00a0Tese de Mestrado. Instituto Polit\u00e9cnico de Bragan\u00e7a, Portugal.<\/li>\n<li>Pires, G. 2016. &#8216;Efici\u00eancia Energ\u00e9tica na Ilumina\u00e7\u00e3o P\u00fablica do Centro Consumidor de Energia AECT Duero-Douro&#8217;.\u00a0Tese de Mestrado. Instituto Polit\u00e9cnico de Bragan\u00e7a, Portugal.<\/li>\n<li>Leite, L. D. 2016. Simula\u00e7\u00e3o de um sistema de tratamento de \u00e1guas residuais de lamas ativadas. Tese de Mestrado. Instituto Polit\u00e9cnico de Bragan\u00e7a, Portugal.<\/li>\n<li>Fernandes, S. 2015. Sistema de monitoriza\u00e7\u00e3o e de controlo de Qualidade do Ar Interior: Constru\u00e7\u00e3o, Valida\u00e7\u00e3o e Aplica\u00e7\u00e3o. Tese de Mestrado. Instituto Polit\u00e9cnico de Bragan\u00e7a, Portugal.<\/li>\n<li>Lopes, A. 2015. Gest\u00e3o Ambiental de uma Empresa do Sector Vin\u00edcola. Tese de Mestrado. Instituto Polit\u00e9cnico de Bragan\u00e7a, Portugal.<\/li>\n<li>Mendes, V. 2015. Sistema de gest\u00e3o ambiental na Industria Autom\u00f3vel. Tese de Mestrado. Instituto Polit\u00e9cnico de Bragan\u00e7a, Portugal.<\/li>\n<li>Cunha M. 2014. An\u00e1lise de Ciclo de Vida do Azeite de Tr\u00e1s-os-Montes. Tese de Mestrado. Instituto Polit\u00e9cnico de Bragan\u00e7a, Portugal.<\/li>\n<li>Dantas, L. 2014. Padr\u00e3o espacial das concentra\u00e7\u00f5es de Material Particulado (PM2.5) na cidade de Bragan\u00e7a: Avalia\u00e7\u00e3o da influ\u00eancia da combust\u00e3o dom\u00e9stica de biomassa lenhosa.\u00a0Tese de Mestrado. Instituto Polit\u00e9cnico de Bragan\u00e7a, Portugal.<\/li>\n<li>Jesus, A.. 2014. Avalia\u00e7\u00e3o e optimiza\u00e7\u00e3o do desempenho da ETAR de Celorico de Basto. Tese de Mestrado. Instituto Polit\u00e9cnico de Bragan\u00e7a, Portugal.<\/li>\n<li>F\u00e9lix, P. 2013. Concentra\u00e7\u00f5es de ozono superficial em Portugal: avalia\u00e7\u00e3o dos contrastes espaciais. Tese de Mestrado. Instituto Polit\u00e9cnico de Bragan\u00e7a, Portugal.<\/li>\n<li>Rodrigues, F. 2013. Avalia\u00e7\u00e3o da Qualidade do Ar Interior em Salas de Aulas sem Sistemas AVAC. Tese de Mestrado. Instituto Polit\u00e9cnico de Bragan\u00e7a, Portugal.<\/li>\n<li>Martins, T. 2013. Sistemas de Abastecimento de \u00c1gua para Consumo Humano &#8211; Desenvolvimento e Aplica\u00e7\u00e3o de Ferramenta Inform\u00e1tica para a sua Gest\u00e3o Integrada. Tese de Mestrado. Instituto Polit\u00e9cnico de Bragan\u00e7a, Portugal.<\/li>\n<li>Ferreira, M. 2012. Consumo Dom\u00e9stico de Biomassa Lenhosa e Emiss\u00f5es Atmosf\u00e9ricas na Cidade de Bragan\u00e7a. Tese de Mestrado. Instituto Polit\u00e9cnico de Bragan\u00e7a, Portugal.<\/li>\n<\/ul>\n<h3>MSc in Meteorology and \u00a0Phisics Oceanography \u00a0(DF\/UA)<\/h3>\n<ul>\n<li>Maia, F. 2013. Caracteriza\u00e7\u00e3o da Ilha de Calor na cidade de Bragan\u00e7a. Tese de Mestrado. Universidade de Aveiro.<\/li>\n<\/ul>\n<h3>MSc in Environmental Engineering (DAO\/UA)<\/h3>\n<ul>\n<li>Pimentel, C. 2010. Modela\u00e7\u00e3o da influ\u00eancia dos espa\u00e7os verdes na qualidade do ar. Tese de Mestrado. Universidade de Aveiro.<\/li>\n<\/ul>\n<h3>MSc in Environmental Engineering\u00a0(UTAD)<\/h3>\n<ul>\n<li>Sanches, C. 2013. Consumo dom\u00e9stico de biomassa lenhosa no concelho de Boticas: avalia\u00e7\u00e3o energ\u00e9tica e quantifica\u00e7\u00e3o das emiss\u00f5es atmosf\u00e9ricas. Tese de Mestrado. Universidade de Tr\u00e1s-os-Montes e Alto Douro.<\/li>\n<\/ul>\n<h3>As Master&#8217;s thesis supervision collaborator:<\/h3>\n<ul>\n<li>Fernandes, A. 2007. Os Impactos dos Espa\u00e7os Verdes na Qualidade do Ar. Tese de Mestrado.. Universidade de Aveiro. 2007.<\/li>\n<li>Sousa, E.P. 1997. Caracteriza\u00e7\u00e3o do coberto vegetal. Tese de Mestrado. Universidade de Aveiro. 1997.<\/li>\n<\/ul>\n<h3><div class=\"wm-call-to-action cta-button-color-blue\/gray\/green\/orange\/red\"><div class=\"wm-call-to-action-content wm-call-to-action-element\">Pre-Bolongna graduate theses<\/div><\/div><\/h3>\n<ul>\n<li>Alves P. 2007. A influ\u00eancia dos espa\u00e7os verdes na qualidade do ar. ESAB.<\/li>\n<li>Francisco M. 2007. Espa\u00e7os verdes e o ru\u00eddo: A percep\u00e7\u00e3o das popula\u00e7\u00f5es. ESAB<\/li>\n<li>Gomes A. 2006. Implica\u00e7\u00f5es do novo Quadro Legal da qualidade do ar. ESAB.<\/li>\n<li>Carneiro C. 2006. Avalia\u00e7\u00e3o de emiss\u00f5es de gases de efeito de estufa nas diferentes estrat\u00e9gias de gest\u00e3o de res\u00edduos s\u00f3lidos urbanos. ESAB.<\/li>\n<li>Silvana P. 2006. O ru\u00eddo ambiente na cidade de Bragan\u00e7a: o papel dos espa\u00e7os verdes no ambiente ac\u00fastico. ESAB.<\/li>\n<li>Castro J. 2006. Part\u00edculas em suspens\u00e3o na atmosfera de Bragan\u00e7a: a influ\u00eancia da vegeta\u00e7\u00e3o nos n\u00edveis de PM10. ESAB.<\/li>\n<li>Teixeira G. 2006. Mapeamento do ru\u00eddo como ferramenta de avalia\u00e7\u00e3o do papel dos espa\u00e7os verdes na melhoria do ambiente sonoro. ESAB.<\/li>\n<li>Rementeria E. 2005. Avalia\u00e7\u00e3o dos n\u00edveis de material particulado na atmosfera de Bragan\u00e7a. ESAB.<\/li>\n<li>Oliveira A. 2005. Amostragem Passiva de Ozono e Di\u00f3xido de Azoto: desenvolvimento\/implementa\u00e7\u00e3o do m\u00e9todo na ESAB. ESAB.<\/li>\n<li>Almeida R. 2005. O ru\u00eddo ambiente na zona centro da cidade de Bragan\u00e7a: a contribui\u00e7\u00e3o do tr\u00e1fego autom\u00f3vel (n\u00e3o conclu\u00eddo). ESAB.<\/li>\n<li>Rocha H. 2005. Estimativa das emiss\u00f5es Atmosf\u00e9ricas do inc\u00eandio florestal de Boticas do ano 2002 (Co-orientador). ESAB.<\/li>\n<li>Condesso A. 2004. Estudo comparativo de diferentes t\u00e9cnicas de lixivia\u00e7\u00e3o de res\u00edduos monol\u00edticos. ESAB.<\/li>\n<li>Marcos. A. 2004. Simula\u00e7\u00e3o din\u00e2mica do tratamento terci\u00e1rio da ETAR de S. Salvador, Viseu. ESAB.<\/li>\n<li>Coelho C. 2004. Avalia\u00e7\u00e3o do Sistema de Gest\u00e3o Ambiental implantado na LECA PORTUGAL &#8211; Argilas Expandidas, SA. ESAB.<\/li>\n<li>Cardoso A. 2003. Emiss\u00f5es atmosf\u00e9ricas resultantes de uma obra de constru\u00e7\u00e3o civil e seus efeitos na qualidade do ar. ESAB.<\/li>\n<li>Soares C. 2003. Diagn\u00f3stico Ambiental \u00e0 empresa Omya Mineral Portuguesa, Lda. ESAB.<\/li>\n<\/ul>\n<h3><div class=\"wm-call-to-action cta-button-color-blue\/gray\/green\/orange\/red\"><div class=\"wm-call-to-action-content wm-call-to-action-element\">Other Supervisions<\/div><\/div><\/h3>\n<h3>Professional Internships (ESA\/IPB)<\/h3>\n<ul>\n<li>Ara\u00fajo R. 2004. Acompanhamento Ambiental da Obra do Parque de Estacionamento da Pra\u00e7a de Cam\u00f5es, em Bragan\u00e7a. ESAB.<\/li>\n<\/ul>\n<h3>Supervision of research fellowships (ESA\/IPB)<\/h3>\n<ul>\n<li>2006-2007: Ana Cardoso, Research Fellowship of\u00a0the R&amp;D project GreenUrbe &#8211; Impacts of green spaces on the urban environmental quality (POCI\/AMB\/59174).<\/li>\n<li>2007-2008: Ana Feitais, Research Fellowship of\u00a0the R&amp;D project GreenUrbe &#8211; Impacts of green spaces on the urban environmental quality (POCI\/AMB\/59174).<\/li>\n<li>2008-2009: Filipe Maia, Research Fellowship of\u00a0the R&amp;D project GreenUrbe &#8211; Impacts of green spaces on the urban environmental quality (PPCDT\/AMB\/59174).<\/li>\n<li>2009-2010: Filipe Rodrigues, FCT Programme for Young Researchers (BII\/IPB\/08\/1-63).<\/li>\n<li>2017-2018: Pedro Presumido, Research Fellowship of the R&amp;D project WineWATERfootprint \u2013 Water footprint assessment in the wine chain. Funda\u00e7\u00e3o para a Ci\u00eancia e Tecnologia (POCI-01-0145-FEDER-023360).<\/li>\n<li>2018-2019: Leonardo Furst, Research Fellowship of the R&amp;D project REhab-Ind \u2013 Revitalizaci\u00f3n y Rehabilitaci\u00f3n Sostenible de \u00c1reas Industriales Transfronterizas Interconectadas y Eficientes (0399_REHAB_IND_2_E).<\/li>\n<li>2020-2021: Leonardo Furst, Research Fellowship of the R&amp;D project INDNATUR &#8211; Mejora del entorno urbano en \u00e1reas industriales, adaptaci\u00f3n al cambio clim\u00e1tico y mejora de la calidad del aire a trav\u00e9s de Soluciones Basadas en la Naturaleza (NBS) (0599_INDNATUR_2-E).<\/li>\n<li>2020_2021: Leonardo Furst, Research Fellowship of the R&amp;D project MONTCLIMA: clima e riscos naturais nas montanhas do SUDOE\u201d, financiado pelo programa Interreg Sudoe (SOE3\/P4\/E0874).<\/li>\n<li>2020_2021: Yago Cipoli, Research Fellowship of the R&amp;D project MONTCLIMA: clima e riscos naturais nas montanhas do SUDOE\u201d, financiado pelo programa Interreg Sudoe (SOE3\/P4\/E0874).<\/li>\n<li>2021-2023: Ellen Silva, Research Fellowship of the R&amp;D project BacchusTech &#8211; Integrated Approach for the Valorisation of Winemaking Residues (POCI-01-0247-FEDER-069583).<\/li>\n<li>2021-2022: Isabella Fandi\u00f1o, Research Fellowship of the R&amp;D project MONTCLIMA: clima e riscos naturais nas montanhas do SUDOE\u201d (SOE3\/P4\/E0874).<\/li>\n<\/ul>\n","protected":false},"excerpt":{"rendered":"<p>Yago Alonso Cipoli, Indoor and Outdoor Air Pollution in Braganza: Causes, Inhalation Exposure and Toxicity. Tese de Doutoramento. Ci\u00eancias e Engenharia do Ambiente, Universidade de Aveiro, Aveiro, Portugal. (ongoing). Leonardo Campestrini Furst, Development and application of a low-cost platform for IAQ monitoring in transport microenvironments to improve comfort and safety. Ci\u00eancias e Engenharia do Ambiente, [&hellip;]<\/p>\n","protected":false},"author":4,"featured_media":0,"parent":0,"menu_order":0,"comment_status":"closed","ping_status":"closed","template":"","meta":[],"_links":{"self":[{"href":"https:\/\/esa.ipb.pt\/cv\/msabenca\/wp-json\/wp\/v2\/pages\/56"}],"collection":[{"href":"https:\/\/esa.ipb.pt\/cv\/msabenca\/wp-json\/wp\/v2\/pages"}],"about":[{"href":"https:\/\/esa.ipb.pt\/cv\/msabenca\/wp-json\/wp\/v2\/types\/page"}],"author":[{"embeddable":true,"href":"https:\/\/esa.ipb.pt\/cv\/msabenca\/wp-json\/wp\/v2\/users\/4"}],"replies":[{"embeddable":true,"href":"https:\/\/esa.ipb.pt\/cv\/msabenca\/wp-json\/wp\/v2\/comments?post=56"}],"version-history":[{"count":36,"href":"https:\/\/esa.ipb.pt\/cv\/msabenca\/wp-json\/wp\/v2\/pages\/56\/revisions"}],"predecessor-version":[{"id":411,"href":"https:\/\/esa.ipb.pt\/cv\/msabenca\/wp-json\/wp\/v2\/pages\/56\/revisions\/411"}],"wp:attachment":[{"href":"https:\/\/esa.ipb.pt\/cv\/msabenca\/wp-json\/wp\/v2\/media?parent=56"}],"curies":[{"name":"wp","href":"https:\/\/api.w.org\/{rel}","templated":true}]}}