{"id":48,"date":"2016-10-26T10:22:17","date_gmt":"2016-10-26T10:22:17","guid":{"rendered":"https:\/\/esa.ipb.pt\/cv\/msabenca\/?page_id=48"},"modified":"2021-11-19T15:13:02","modified_gmt":"2021-11-19T15:13:02","slug":"research","status":"publish","type":"page","link":"https:\/\/esa.ipb.pt\/cv\/msabenca\/research\/","title":{"rendered":"Research"},"content":{"rendered":"<h2><strong><img decoding=\"async\" loading=\"lazy\" class=\"alignnone wp-image-261 alignright\" src=\"https:\/\/esa.ipb.pt\/cv\/msabenca\/wp-content\/uploads\/sites\/4\/2016\/10\/capa-tese1.png\" alt=\"capa-tese1\" width=\"144\" height=\"144\" srcset=\"https:\/\/esa.ipb.pt\/cv\/msabenca\/wp-content\/uploads\/sites\/4\/2016\/10\/capa-tese1.png 276w, https:\/\/esa.ipb.pt\/cv\/msabenca\/wp-content\/uploads\/sites\/4\/2016\/10\/capa-tese1-40x40.png 40w, https:\/\/esa.ipb.pt\/cv\/msabenca\/wp-content\/uploads\/sites\/4\/2016\/10\/capa-tese1-100x100.png 100w\" sizes=\"(max-width: 144px) 100vw, 144px\" \/>Domain of specialization<\/strong><\/h2>\n<ul>\n<li>Dry Deposition of Air Pollutants and Exchange rates of CO2 and Water Vapor by using micrometeorological (eddy covariance and vertical gradient) and dynamic chamber methods<\/li>\n<\/ul>\n<h2><strong>Research interests<img decoding=\"async\" loading=\"lazy\" class=\"alignnone size-medium wp-image-278 alignright\" src=\"https:\/\/esa.ipb.pt\/cv\/msabenca\/wp-content\/uploads\/sites\/4\/2016\/10\/research4-300x226.png\" alt=\"research4\" width=\"300\" height=\"226\" srcset=\"https:\/\/esa.ipb.pt\/cv\/msabenca\/wp-content\/uploads\/sites\/4\/2016\/10\/research4-300x226.png 300w, https:\/\/esa.ipb.pt\/cv\/msabenca\/wp-content\/uploads\/sites\/4\/2016\/10\/research4-768x580.png 768w, https:\/\/esa.ipb.pt\/cv\/msabenca\/wp-content\/uploads\/sites\/4\/2016\/10\/research4-1024x773.png 1024w, https:\/\/esa.ipb.pt\/cv\/msabenca\/wp-content\/uploads\/sites\/4\/2016\/10\/research4-520x393.png 520w, https:\/\/esa.ipb.pt\/cv\/msabenca\/wp-content\/uploads\/sites\/4\/2016\/10\/research4.png 1367w\" sizes=\"(max-width: 300px) 100vw, 300px\" \/><\/strong><\/h2>\n<ul>\n<li>Air Quality and Air Pollution<\/li>\n<li>Environmental Noise and Urban Soundscapes<\/li>\n<li>Urban Climate and Urban Environmental Quality<\/li>\n<li>Indoor Air Quality<\/li>\n<li>Energy Efficiency<\/li>\n<li>Wastewater Treatment Analysis and Simulation<\/li>\n<li>Methodologies to Assess Environmnetal Sustainability (e.g. LCA)<\/li>\n<li>Carbon Dynamics in Urban and Rural Ecosystems<\/li>\n<\/ul>\n<h2><strong>Research &amp; Development Projects<\/strong><\/h2>\n<ul>\n<li>Baga\u00c7o+Valor &#8211; Tecnologia limpa para a valoriza\u00e7\u00e3o do\u00a0subproduto do baga\u00e7o de azeitona na ind\u00fastria extratora de\u00a0azeite.\u00a0PO Norte 72124. 01\/01\/2021 &#8211; 30\/06\/2023.<\/li>\n<li>BacchusTech &#8211; Integrated Approach for the Valorisation of Winemaking Residues.\u00a0POCI-01-0247-FEDER-069583. 01\/01\/2021 &#8211; 30\/06\/2023.<\/li>\n<li>BioComp_2.0 &#8211; Produ\u00e7\u00e3o de compostos org\u00e2nicos\u00a0biol\u00f3gicos para o controlo do jacinto de \u00e1gua e para a\u00a0valoriza\u00e7\u00e3o de subprodutos agropecu\u00e1rios, florestais e\u00a0agroindustriais.\u00a0POCI-01-0247-FEDER-070123. 2021\/01\/01 &#8211; 2022\/12\/31<\/li>\n<li>MONTCLIMA &#8211; Climate and natural hazards in the\u00a0 SUDOE mountains &#8211; SOE3\/P4\/E0874. 2019-2022.<\/li>\n<li>ENERUSER &#8211; Empoderamiento del usuario para una gesti\u00f3n inteligente de la energ\u00eda y calidad del aire interior a trav\u00e9sde formas innovadoras de consumo y control &#8211; 0640_ENER_USER_2_E. 2019-2021.<\/li>\n<li>CIRCULAR LABS &#8211; Promoviendo el esp\u00edritu empresarial parala econom\u00eda circular en el espacio ib\u00e9rico &#8211; 0495_CIRCULAR_LABS_6_E. 2019-2021.<\/li>\n<li>INDNATUR &#8211; Mejora del entorno urbano en \u00e1reasindustriales, adaptaci\u00f3n al cambio clim\u00e1tico y mejora de lacalidad del aire a trav\u00e9s de Soluciones Basadas en la Naturaleza (NBS) -0599_INDNATUR_2-E. 2019-2021.<\/li>\n<li>AGRAIR &#8211; Air Quality Monitoring in Agricultural Facilities through the Use of Low-Cost Sensors. 2018-2019.<\/li>\n<li>SilkHouse &#8211; <span id=\"ctl00_ContentPlaceHolder1_GridView2_ctl02_Label5\" class=\"auto-style41\">Development of a smart microgrid based on renewable energy sources and a monitoring system for the \u201chouse of silk<\/span>\u00a0&#8211; SAICT-POL\/24376\/2016. 2017-2019.<\/li>\n<li>WineWATERfootprint &#8211; Water footprint assessment in the wine chain. Funda\u00e7\u00e3o para a Ci\u00eancia e Tecnologia. POCI-01-0145-FEDER-023360. 2017-2019. Coordinator at IPB and Researcher.<\/li>\n<li>REhab-Ind &#8211; Revitalizaci\u00f3n y Rehabilitaci\u00f3n Sostenible de \u00c1reas Industriales Transfronterizas Interconectadas y Eficientes (0399_REHAB_IND_2_E). Fundo Europeu de Desenvolvimento Regional (FEDER), atrav\u00e9s do Programa POCTEP \u2013 Programa de Coopera\u00e7\u00e3o Transfronteiri\u00e7a Portugal-Espanha 2014-2020. 2017-2020. Researcher.<\/li>\n<li>BIOURB NATUR \u2013 Diversidad BIOconstructiva, edificaci\u00f3n bioclim\u00e1tica, rehabilitaci\u00f3n sostenible y su aplicaci\u00f3n en los espadas NATURales (0414_BIOURB_NATUR_2_E E). Fundo Europeu de Desenvolvimento Regional (FEDER), atrav\u00e9s do Programa POCTEP \u2013 Programa de Coopera\u00e7\u00e3o Transfronteiri\u00e7a Portugal-Espanha 2014-2020. 2017-2020. Researcher.<\/li>\n<li>Dourozone &#8211; Ozone risk for Douro&#8217;s vineyards in present and future climates. Foundation for Science and Technology. 2016-2018. Researcher.<\/li>\n<li>BIOURB &#8211; Diversidad Bioconstructiva, Edificaci\u00f3n Bioclim\u00e1tica y su adaptaci\u00f3n a la Arquitectura y Urbanismo Moderno. POCTEP. 2011-2015. Researcher.<\/li>\n<li>InovEnergy &#8211; Energy efficiency in the agro-industrial sector. FCOMP-05-0128-FEDER-018642. 2011-2014. Coordinator at IPB and Researcher.<\/li>\n<li>ECODEEP &#8211; Eco-efficiency and eco management in the agro-industrial sector. \u00a0FCOMP-05-0128-FEDER-018643. 2011-2014. Coordinator at IPB and Researcher.<\/li>\n<li>Woody biomass for energy: development of sustainable systems for providing production, regulation and conservation goods and services. PTDC\/AGR-CFL\/64500\/2006. 2007-2011. Researcher.<\/li>\n<li>Thermal Confort in Urban Climates, DAAD-GRICES integrated actions. 2008-2009. Coordinator at IPB and Researcher.<\/li>\n<li>GREENURBE \u00a0&#8211; The Impacts of Green Spaces on Urban Environmental Quality. POCI\/AMB\/59174\/2004. 2005-2009. Project&#8217;s Coordinator and Researcher.<\/li>\n<li>FOTONET &#8211; Polui\u00e7\u00e3o Atmosf\u00e9rica Fotoqu\u00edmica no Nordeste Transmontano: Origem, Transporte e Dispers\u00e3o. GG\/GGP\/MEG11-0165\/05. 2005-2008. Coordinator at IPB and Researcher.<\/li>\n<li>AMAZOC &#8211; Ambiente Atmosf\u00e9rico em Zonas Costeiras: Avalia\u00e7\u00e3o da Capacidade de Carga do Ecossistema. PRAXIS XXI Program. 1995 &#8211; 1998. Researcher.<\/li>\n<li>MEDFLUX &#8211; Quantification of Pollutant dry deposition fluxes over mediterranean type ecosystems. European Project. 1996-1998. Researcher.<\/li>\n<li>SREMP &#8211; Surface Resistance Emergency Measurement Program. 1994 &#8211; 1995. European Project. Researcher.<\/li>\n<li>FIELDVOC &#8211; Biogenic emissions of volatile organic compounds. 1995. European Project. Collaborator.<\/li>\n<\/ul>\n<h2><strong>Other Projects<\/strong><\/h2>\n<ul>\n<li>Bragan\u00e7a\u2019s Green Plan, developed as a service provided by the Instituto Polit\u00e9cnico de Bragan\u00e7a to Bragan\u00e7a\u2019s Local Authority. 2005-2007. Team member.<\/li>\n<li>Environmental Management of Construction Work &#8211; the Parking Lot in the Pra\u00e7a de Cam\u00f5es, Bragan\u00e7a, as a part of a service provided by the Instituto Polit\u00e9cnico de Bragan\u00e7a to the FDO-Eus\u00e9bios Companies Consortium. 2002-2003. Coordinator<\/li>\n<\/ul>\n","protected":false},"excerpt":{"rendered":"<p>Domain of specialization Dry Deposition of Air Pollutants and Exchange rates of CO2 and Water Vapor by using micrometeorological (eddy covariance and vertical gradient) and dynamic chamber methods Research interests Air Quality and Air Pollution Environmental Noise and Urban Soundscapes Urban Climate and Urban Environmental Quality Indoor Air Quality Energy Efficiency Wastewater Treatment Analysis and [&hellip;]<\/p>\n","protected":false},"author":4,"featured_media":0,"parent":0,"menu_order":0,"comment_status":"closed","ping_status":"closed","template":"","meta":[],"_links":{"self":[{"href":"https:\/\/esa.ipb.pt\/cv\/msabenca\/wp-json\/wp\/v2\/pages\/48"}],"collection":[{"href":"https:\/\/esa.ipb.pt\/cv\/msabenca\/wp-json\/wp\/v2\/pages"}],"about":[{"href":"https:\/\/esa.ipb.pt\/cv\/msabenca\/wp-json\/wp\/v2\/types\/page"}],"author":[{"embeddable":true,"href":"https:\/\/esa.ipb.pt\/cv\/msabenca\/wp-json\/wp\/v2\/users\/4"}],"replies":[{"embeddable":true,"href":"https:\/\/esa.ipb.pt\/cv\/msabenca\/wp-json\/wp\/v2\/comments?post=48"}],"version-history":[{"count":27,"href":"https:\/\/esa.ipb.pt\/cv\/msabenca\/wp-json\/wp\/v2\/pages\/48\/revisions"}],"predecessor-version":[{"id":407,"href":"https:\/\/esa.ipb.pt\/cv\/msabenca\/wp-json\/wp\/v2\/pages\/48\/revisions\/407"}],"wp:attachment":[{"href":"https:\/\/esa.ipb.pt\/cv\/msabenca\/wp-json\/wp\/v2\/media?parent=48"}],"curies":[{"name":"wp","href":"https:\/\/api.w.org\/{rel}","templated":true}]}}