{"id":100,"date":"2016-10-26T11:09:37","date_gmt":"2016-10-26T11:09:37","guid":{"rendered":"https:\/\/esa.ipb.pt\/cv\/msabenca\/?page_id=100"},"modified":"2021-11-19T14:40:59","modified_gmt":"2021-11-19T14:40:59","slug":"home","status":"publish","type":"page","link":"https:\/\/esa.ipb.pt\/cv\/msabenca\/","title":{"rendered":"Home"},"content":{"rendered":"<p><img decoding=\"async\" loading=\"lazy\" class=\"size-medium wp-image-91 alignleft\" src=\"https:\/\/esa.ipb.pt\/cv\/msabenca\/wp-content\/uploads\/sites\/4\/2016\/05\/cropped-IMG_2886-300x300.jpg\" alt=\"cropped-IMG_2886.jpg\" width=\"300\" height=\"300\" srcset=\"https:\/\/esa.ipb.pt\/cv\/msabenca\/wp-content\/uploads\/sites\/4\/2016\/05\/cropped-IMG_2886-300x300.jpg 300w, https:\/\/esa.ipb.pt\/cv\/msabenca\/wp-content\/uploads\/sites\/4\/2016\/05\/cropped-IMG_2886-150x150.jpg 150w, https:\/\/esa.ipb.pt\/cv\/msabenca\/wp-content\/uploads\/sites\/4\/2016\/05\/cropped-IMG_2886-270x270.jpg 270w, https:\/\/esa.ipb.pt\/cv\/msabenca\/wp-content\/uploads\/sites\/4\/2016\/05\/cropped-IMG_2886-192x192.jpg 192w, https:\/\/esa.ipb.pt\/cv\/msabenca\/wp-content\/uploads\/sites\/4\/2016\/05\/cropped-IMG_2886-180x180.jpg 180w, https:\/\/esa.ipb.pt\/cv\/msabenca\/wp-content\/uploads\/sites\/4\/2016\/05\/cropped-IMG_2886-32x32.jpg 32w, https:\/\/esa.ipb.pt\/cv\/msabenca\/wp-content\/uploads\/sites\/4\/2016\/05\/cropped-IMG_2886.jpg 512w\" sizes=\"(max-width: 300px) 100vw, 300px\" \/><\/p>\n<p><img decoding=\"async\" loading=\"lazy\" class=\"wp-image-177 aligncenter\" src=\"https:\/\/esa.ipb.pt\/cv\/msabenca\/wp-content\/uploads\/sites\/4\/2016\/10\/MF_wordcloud2-300x210.png\" alt=\"mf_wordcloud2\" width=\"423\" height=\"296\" srcset=\"https:\/\/esa.ipb.pt\/cv\/msabenca\/wp-content\/uploads\/sites\/4\/2016\/10\/MF_wordcloud2-300x210.png 300w, https:\/\/esa.ipb.pt\/cv\/msabenca\/wp-content\/uploads\/sites\/4\/2016\/10\/MF_wordcloud2-768x537.png 768w, https:\/\/esa.ipb.pt\/cv\/msabenca\/wp-content\/uploads\/sites\/4\/2016\/10\/MF_wordcloud2-520x364.png 520w, https:\/\/esa.ipb.pt\/cv\/msabenca\/wp-content\/uploads\/sites\/4\/2016\/10\/MF_wordcloud2.png 875w\" sizes=\"(max-width: 423px) 100vw, 423px\" \/><\/p>\n<p>Instituto Polit\u00e9cnico de Bragan\u00e7a<br \/>Escola Superior Agr\u00e1ria<br \/>Departamento de Ambiente e Recursos Naturais<\/p>\n<p>Campus de Santa Apol\u00f3nia\u00a0 \u00a0 \u00a0 \u00a0 \u00a0 \u00a0 \u00a0 \u00a0 \u00a0 \u00a0 \u00a0 \u00a0 \u00a0 \u00a0<br \/>5300-253 BRAGAN\u00c7A\u00a0 \u00a0 \u00a0 \u00a0 \u00a0 \u00a0 \u00a0 \u00a0 \u00a0 \u00a0 \u00a0 \u00a0 \u00a0 \u00a0 \u00a0 \u00a0 \u00a0 \u00a0 \u00a0\u00a0<br \/>PORTUGAL\u00a0 \u00a0 \u00a0 \u00a0 \u00a0 \u00a0 \u00a0 \u00a0 \u00a0 \u00a0 \u00a0 \u00a0 \u00a0 \u00a0 \u00a0 \u00a0 \u00a0 \u00a0 \u00a0 \u00a0 \u00a0 \u00a0 \u00a0 \u00a0 \u00a0 \u00a0 \u00a0 \u00a0\u00a0<\/p>\n<p>\u00a0Phone: (+351) 273 303 339\u00a0 \u00a0 | e-mail: msabenca@ipb.pt<\/p>\n<p>Ci\u00eancia ID:\u00a02D11-7230-702B\u00a0 |\u00a0ORCID iD:\u00a00000-0002-3147-4511\u00a0 |\u00a0Scopus Author Id:\u00a06603358480<\/p>\n\n\n<p><\/p>\n","protected":false},"excerpt":{"rendered":"<p>Instituto Polit\u00e9cnico de Bragan\u00e7aEscola Superior Agr\u00e1riaDepartamento de Ambiente e Recursos Naturais Campus de Santa Apol\u00f3nia\u00a0 \u00a0 \u00a0 \u00a0 \u00a0 \u00a0 \u00a0 \u00a0 \u00a0 \u00a0 \u00a0 \u00a0 \u00a0 \u00a05300-253 BRAGAN\u00c7A\u00a0 \u00a0 \u00a0 \u00a0 \u00a0 \u00a0 \u00a0 \u00a0 \u00a0 \u00a0 \u00a0 \u00a0 \u00a0 \u00a0 \u00a0 \u00a0 \u00a0 \u00a0 \u00a0\u00a0PORTUGAL\u00a0 \u00a0 \u00a0 \u00a0 \u00a0 \u00a0 \u00a0 \u00a0 \u00a0 [&hellip;]<\/p>\n","protected":false},"author":4,"featured_media":0,"parent":0,"menu_order":0,"comment_status":"closed","ping_status":"closed","template":"","meta":[],"_links":{"self":[{"href":"https:\/\/esa.ipb.pt\/cv\/msabenca\/wp-json\/wp\/v2\/pages\/100"}],"collection":[{"href":"https:\/\/esa.ipb.pt\/cv\/msabenca\/wp-json\/wp\/v2\/pages"}],"about":[{"href":"https:\/\/esa.ipb.pt\/cv\/msabenca\/wp-json\/wp\/v2\/types\/page"}],"author":[{"embeddable":true,"href":"https:\/\/esa.ipb.pt\/cv\/msabenca\/wp-json\/wp\/v2\/users\/4"}],"replies":[{"embeddable":true,"href":"https:\/\/esa.ipb.pt\/cv\/msabenca\/wp-json\/wp\/v2\/comments?post=100"}],"version-history":[{"count":28,"href":"https:\/\/esa.ipb.pt\/cv\/msabenca\/wp-json\/wp\/v2\/pages\/100\/revisions"}],"predecessor-version":[{"id":396,"href":"https:\/\/esa.ipb.pt\/cv\/msabenca\/wp-json\/wp\/v2\/pages\/100\/revisions\/396"}],"wp:attachment":[{"href":"https:\/\/esa.ipb.pt\/cv\/msabenca\/wp-json\/wp\/v2\/media?parent=100"}],"curies":[{"name":"wp","href":"https:\/\/api.w.org\/{rel}","templated":true}]}}