{"id":92,"date":"2016-03-01T17:25:25","date_gmt":"2016-03-01T17:25:25","guid":{"rendered":"https:\/\/esa.ipb.pt\/cv\/jazevedo\/?page_id=92"},"modified":"2021-04-26T15:51:31","modified_gmt":"2021-04-26T15:51:31","slug":"presentations","status":"publish","type":"page","link":"https:\/\/esa.ipb.pt\/cv\/jazevedo\/presentations\/","title":{"rendered":""},"content":{"rendered":"<h2>\u00a0Oral presentations (recent)<\/h2>\n<p style=\"padding-left: 30px\">Remor, P.V., J.C. Azevedo, R. Arioli, M. Feliciano. 2018. Aquecimento Convencional ou Aquecimento Urbano em Edif\u00edcios? Estudo Comparativo para o Campus do Polit\u00e9cnico de Bragan\u00e7a. Confer\u00eancia Internacional de Ambiente em L\u00edngua Portuguesa, Aveiro.<\/p>\n<p style=\"padding-left: 30px\">P\u00e9rez-Rodr\u00edguez, F., \u00c2. Sil, J. Honrado, C. Carvalho-Santos, J. P. Nunes, J. C. Azevedo. 2017. Multi-objective forest landscape management based on expert opinion in Northeastern Portugal. IUFRO Landscape Ecology Working Group Conference, Halle, Germany. P. 74.<\/p>\n<p style=\"padding-left: 30px\">Azevedo, J.C., L. Nunes, F. P\u00e9rez-Rodr\u00edguez. 2017. Solving multi-objective problems for multifunctional management in maritime pine forest landscapes. IUFRO Landscape Ecology Working Group Conference, Halle, Germany.\u00a0P. 73.<\/p>\n<p style=\"padding-left: 30px\">Azevedo, J.C., \u00c2. Sil, J. Honrado, C. Carvalho-Santos, J. Nunes, F. P\u00e9rez-Rodrigues. 2017. Approaches and methods for ecosystem services assessment in the North of Portugal: from supply modeling to land management optimization. IUFRO 125th Anniversary Congress 2017, Freiburg, Germany. P. 660.<\/p>\n<p style=\"padding-left: 30px\">Fagundes, M., L. Nunes, J.C. Azevedo, F. P\u00e9rez-Rodr\u00edguez. 2017. An\u00e1lise da utiliza\u00e7\u00e3o das ferramentas da gest\u00e3o florestal FlorNext\u00ae e FlorNext Pro\u00ae e do seu poss\u00edvel impacto na gest\u00e3o florestal do Nordeste Trasmontano. IX Congresso Ib\u00e9rico de Agroengenharia 2017. Bragan\u00e7a, P. 165.<\/p>\n<p style=\"padding-left: 30px\">P\u00e9rez-Rodr\u00edguez, F., \u00c2. Sil, A. P. Rodrigues, J.C. Azevedo. 2017. Interactions between biomass and wild mushrooms production in managed maritime pine stands in northeastern Portugal. IX Congresso Ib\u00e9rico de Agroengenharia 2017. Bragan\u00e7a. P. 166.<\/p>\n<p style=\"padding-left: 30px\">Remor, P.V., J.C. Azevedo, R. Arioli, M. Feliciano. 2017. An\u00e1lise de um Sistema de Aquecimento Urbano no Campus do Instituto Polit\u00e9cnico de Bragan\u00e7a. III Congresso Ibero-Americano de Empreendedorismo, Energia, Ambiente e Tecnologia &#8211; Cieemat 2017, Bragan\u00e7a.<\/p>\n<p style=\"padding-left: 30px\">Sil, A., P.M. Fernandes, C. Marta-Pedroso, J. Alonso, J.Honrado, A.Perera, J. Azevedo. 2016. Assessment of fire hazard regulation ecosystem service in a mountain area in northeastern Portugal. In CIMO (Ed.) I International Conference on Research for Sustainable Development in Mountain Regions: Book of Abstracts, Bragan\u00e7a.\u00a0P. 111.<\/p>\n<p style=\"padding-left: 30px\">P\u00e9rez-Rodr\u00edguez, F., L. Nunes, A. Sil, J. Azevedo. 2016. Providing tools to improve forest management in the northeastern region of Portugal. In CIMO (Ed.) I International Conference on Research for Sustainable Development in Mountain Regions: Book of Abstracts, Bragan\u00e7a. P. 126.<\/p>\n<p style=\"padding-left: 30px\">P\u00e9rez-Rodr\u00edguez, F., J. Azevedo. 2016. AppTitude: Integration of different ecosystem services in forest optimization approaches. In CIMO (Ed.) I International Conference on Research for Sustainable Development in Mountain Regions: Book of Abstracts, Bragan\u00e7a. P. 129.<\/p>\n<p style=\"padding-left: 30px\">Azevedo, J., S. Rachdi, Y. Qaouqaou, A. Sil, P. M. Fernandes, S. Deusdado. 2016. Landscape change monitoring and analysis in northeastern Portugal. 1st AMRS Congress and 23rd APDR Congress, Marrakesh, Morocco. P. 23-24.<\/p>\n<p style=\"padding-left: 30px\">Dantas, L., J. Azevedo, M. Feliciano. 2015. O impacto da queima dom\u00e9stica de biomassa nos n\u00edveis de PM2,5 na cidade de Bragan\u00e7a. Congresso Nacional das Escolas Superiores Agr\u00e1rias, Bragan\u00e7a<\/p>\n<p style=\"padding-left: 30px\">Sil, A., A.P. Rodrigues, J.P. Nunes, C. Carvalho-Santos, J. Honrado, J. Alonso, C. Marta-Pedroso, J. Azevedo. 2015. Efeitos da altera\u00e7\u00e3o da paisagem no fornecimento de servi\u00e7os de ecossistema na bacia superior do rio Sabor. Congresso Nacional das Escolas Superiores Agr\u00e1rias, Bragan\u00e7a<\/p>\n<p style=\"padding-left: 30px\">Sil, A., A.P. Rodrigues, J.P. Nunes, C. Carvalho-Santos, J. Honrado, J. Alonso, C. Marta-Pedroso, J.C. Azevedo. 2015. Tradeoffs among provisioning and regulation ecosystem services in mountain areas in the north of Portugal affected by fast landscape change. Perth III: Mountains of Our Future Earth, Perth, UK.<\/p>\n<p style=\"padding-left: 30px\">P\u00e9rez, F., J.C Azevedo. 2015. AppTitude\u00a9: A tool for forest suitability assessment. IUFRO Landscape Ecology International Conference, Tartu, Estonia. P. 123.<\/p>\n<p style=\"padding-left: 30px\">P\u00e9res, F., L. Nunes, J.C. Azevedo. 2015. A new tool for evaluating road transport fuel consumption and CO2 emissions based on open geographical databases. IUFRO Landscape Ecology International Conference, agosto 2015, Tartu, Estonia. P. 124.<\/p>\n<p style=\"padding-left: 30px\">Sil, A., C. Marta-Pedroso, J. Alonso, J. Honrado, J.C. Azevedo. 2015. Ecosystem services and landscape change: quantification and valuation of carbon sequestration dynamics in the Sabor River\u2019s upper basin. Landscape Ecology International Conference, Tartu, Estonia. P. 147.<\/p>\n<p style=\"padding-left: 30px\">Sil, A., A.P. Rodrigues, J.P. Nunes, C. Carvalho-Santos, J. Honrado, J. Alonso, C. Marta-Pedroso, J.C. Azevedo. 2015. Using ecosystem services trade-offs analysis to promote the incorporation of change into planning and management in a conservation area in Northeastern Portugal. IUFRO Landscape Ecology International Conference, Tartu, Estonia. P. 148.<\/p>\n<p style=\"padding-left: 30px\">Sil, A., C. Marta-Pedroso, J. Alonso, J. Azevedo. 2015. The impact of landscape changes on carbon sequestration and storage in the Sabor river\u2019s upper basin. 4\u00ba Congresso Ib\u00e9rico de Ecologia, Coimbra.<\/p>\n<h2>Posters (recent)<\/h2>\n<p style=\"padding-left: 30px\">Loures, L., J. Nunes, A. Loures, T. Panagopoulos, J. Azevedo. 2017. Avalia\u00e7\u00e3o do impacto da intensifica\u00e7\u00e3o agroecol\u00f3gica e da agricultura de precis\u00e3o nos servi\u00e7os ecossist\u00e9micos em paisagens agr\u00edcolas mediterr\u00e2nicas. In CSISP (Ed.), II Congresso das Escolas Superiores Agr\u00e1rias, Elvas. P.192-193.<\/p>\n<p style=\"padding-left: 30px\">Azevedo, J.C., L. Nunes, S. Nobre, F. Fonseca, F. P\u00e9rez-Rodr\u00edguez. 2017. Desenvolvimento de ferramentas de gest\u00e3o e de apoio \u00e0 decis\u00e3o para dinamizar o setor florestal do Nordeste Transmontano. Congresso Florestal Nacional, Viana do Castelo. P. 72.<\/p>\n<p style=\"padding-left: 30px\">P\u00e9rez-Rodr\u00edguez, F., L. Nunes,\u00a0 A. Sil, J. Azevedo. 2017. FlorNExTPro\u00ae: herramienta para la gesti\u00f3n forestal en la regi\u00f3n del NE de Portugal. 7\u00ba Congreso Forestal Espa\u00f1ol, Plasencia, Spain.<\/p>\n<p style=\"padding-left: 30px\">P\u00e9rez-Rodr\u00edguez, F., L. Nunes, E. G\u00f3mez-Garc\u00eda, J. Azevedo. 2017. ForestMTIS: Proyecto compilado ASP.Net para generar aplicativos web de simulaci\u00f3n de crecimiento y producci\u00f3n de especies forestales. 7\u00ba Congreso Forestal Espa\u00f1ol, Plasencia, Spain.<\/p>\n<p style=\"padding-left: 30px\">Carvalho\u2010Santos, C., A.T. Monteiro, J.C. Azevedo, J.P.Nunes. 2016. Climate change impacts on water supply: implications for reservoir management in Alto Sabor, northeast Portugal. In CIMO (Ed.) I International Conference on Research for Sustainable Development in Mountain Regions: Book of Abstracts, Bragan\u00e7a. P.151.<\/p>\n<p style=\"padding-left: 30px\">Sil, A., J. Gon\u00e7alves, J. Honrado, J. Azevedo, A. Ramos, F. Fonseca. 2016. Mapeamento do carbono org\u00e2nico do solo numa bacia hidrogr\u00e1fica de montanha. VII Congresso Ib\u00e9rico das Ci\u00eancias do Solo (CICS 2016), VI Congresso Nacional de Rega e Drenagem, Beja.<\/p>\n<p style=\"padding-left: 30px\">Mart\u00edn-Hern\u00e1ndez, R., M. Higes, C. Rogerio, C. Neves, D. Henriques, J. Ch\u00e1vez-Galarza, I. Munos, J.C. Azevedo, P. de la R\u00faa, M.A. Pinto. 2016. Distribution of pathogens in honey bee colonies from Azores and Madeira Islands. In D. Severus Dezmirean (Ed.) European Conference of Apidology, Cluj-Napoca, Rom\u00e9nia. P. 233<\/p>\n<p style=\"padding-left: 30px\">Carvalho-Santos, C., A.T. Monteiro, J. Azevedo, J.P. Nunes. 2016. Climate change impacts on water supply: implications for reservoir management in Upper Sabor, northeast Portugal. European Geosciences Union General Assembly 2016, Vienna, Austria.<\/p>\n<p style=\"padding-left: 30px\">Rodrigues, A.P., J. Azevedo, C. Marta-Pedroso &amp; A. Sil. 2015. Quantifica\u00e7\u00e3o, valora\u00e7\u00e3o e mapeamento de servi\u00e7os de aprovisionamento em ecossistemas do concelho de Bragan\u00e7a. I Congresso Nacional das Escolas Superiores Agr\u00e1rias, Bragan\u00e7a.<\/p>\n<p style=\"padding-left: 30px\">Pires, J., M. Arrobas, C. Aguiar, I. Ferreira, J.Azevedo. 2015. Mountain farming systems efficiency and sustainability. Perth III: Mountains of Our Future Earth, Perth, UK.<\/p>\n<p style=\"padding-left: 30px\">Pinto, M.A., J. Ch\u00e1vez-Galarza, D. Henriques, J. \u00a0Rufino, J.C. Azevedo, \u00a0J.S. \u00a0Johnston. 2015. Spatial patterns of single nucleotide polymorphisms (SNPs) support a scenario of secondary contact in Iberian honey bees (<em>Apis mellifera iberiensis<\/em>). Landscape Ecology International Conference, Tartu, Estonia. P. 201.<\/p>\n<p style=\"padding-left: 30px\">P\u00e9res, F., J.C. Azevedo. 2015. Conceptual DSS for optimal Wood Mobilization in northeastern Portugal. SSAFR 2015 \u2013 16th Symposium for Systems Analysis in Forest Resources, University of Agricultural Sciences, Uppsala, Sweden. P. 101.<\/p>\n","protected":false},"excerpt":{"rendered":"<p>\u00a0Oral presentations (recent) Remor, P.V., J.C. Azevedo, R. Arioli, M. Feliciano. 2018. Aquecimento Convencional ou Aquecimento Urbano em Edif\u00edcios? Estudo Comparativo para o Campus do Polit\u00e9cnico de Bragan\u00e7a. Confer\u00eancia Internacional de Ambiente em L\u00edngua Portuguesa, Aveiro. P\u00e9rez-Rodr\u00edguez, F., \u00c2. Sil, J. Honrado, C. Carvalho-Santos, J. P. Nunes, J. C. Azevedo. 2017. Multi-objective forest landscape management [&hellip;]<\/p>\n","protected":false},"author":3,"featured_media":0,"parent":0,"menu_order":0,"comment_status":"closed","ping_status":"closed","template":"sidebar-page.php","meta":[],"_links":{"self":[{"href":"https:\/\/esa.ipb.pt\/cv\/jazevedo\/wp-json\/wp\/v2\/pages\/92"}],"collection":[{"href":"https:\/\/esa.ipb.pt\/cv\/jazevedo\/wp-json\/wp\/v2\/pages"}],"about":[{"href":"https:\/\/esa.ipb.pt\/cv\/jazevedo\/wp-json\/wp\/v2\/types\/page"}],"author":[{"embeddable":true,"href":"https:\/\/esa.ipb.pt\/cv\/jazevedo\/wp-json\/wp\/v2\/users\/3"}],"replies":[{"embeddable":true,"href":"https:\/\/esa.ipb.pt\/cv\/jazevedo\/wp-json\/wp\/v2\/comments?post=92"}],"version-history":[{"count":17,"href":"https:\/\/esa.ipb.pt\/cv\/jazevedo\/wp-json\/wp\/v2\/pages\/92\/revisions"}],"predecessor-version":[{"id":579,"href":"https:\/\/esa.ipb.pt\/cv\/jazevedo\/wp-json\/wp\/v2\/pages\/92\/revisions\/579"}],"wp:attachment":[{"href":"https:\/\/esa.ipb.pt\/cv\/jazevedo\/wp-json\/wp\/v2\/media?parent=92"}],"curies":[{"name":"wp","href":"https:\/\/api.w.org\/{rel}","templated":true}]}}