{"id":86,"date":"2016-03-01T17:22:52","date_gmt":"2016-03-01T17:22:52","guid":{"rendered":"https:\/\/esa.ipb.pt\/cv\/jazevedo\/?page_id=86"},"modified":"2024-03-14T15:33:43","modified_gmt":"2024-03-14T15:33:43","slug":"papers","status":"publish","type":"page","link":"https:\/\/esa.ipb.pt\/cv\/jazevedo\/papers\/","title":{"rendered":""},"content":{"rendered":"<h3>Papers<\/h3>\n<p style=\"padding-left: 40px\">Gonz\u00e1lez-\u00c1vila, S., B. Mart\u00edn, E. Ortega, J.C. Azevedo. 2024. <a href=\"https:\/\/www.researchgate.net\/publication\/377887340_Relationships_between_amount_and_configuration_indicators_in_real-world_landscapes_Novel_references_for_the_assessment_of_forest_cover_in_the_Iberian_Peninsula\" target=\"_blank\" rel=\"noopener\">Relationships between amount and configuration indicators in real-world landscapes: Novel references for the assessment of forest cover in the Iberian Peninsula<\/a>. <em>Ecological Indicators<\/em> 159 (2024), 111634.\u00a0<\/p>\n<p style=\"padding-left: 40px\">Azevedo, J.C., L\u00f3pez-Bao, J.V., Dias, R., Santos, J.P.V., Pinto, S., Pereira, J., &amp; de Castro-Pardo, M. 2024. <a href=\"https:\/\/www.researchgate.net\/publication\/376858243_Perceptions_and_attitudes_of_stakeholders_on_the_return_of_brown_bears_Ursus_arctos_Contributions_from_a_workshop_held_in_northern_Portugal\" target=\"_blank\" rel=\"noopener\">Perceptions and attitudes of stakeholders on the return of brown bears (<em>Ursus arctos<\/em>): Contributionsfrom a workshop held in northern Portugal<\/a>. <em>Conservation Science and Practice<\/em>, 6(1), e13064.\u00a0<\/p>\n<p style=\"padding-left: 40px\">Urbach, D., J.C. Azevedo, J.M. Belsky, V. Ralph Clark, J. Postigo, Y. Wu. 2023. F<a href=\"https:\/\/www.researchgate.net\/publication\/378741473_Focus_Issue_Restoring_Mountain_Systems_for_Social-Ecological_Resilience\" target=\"_blank\" rel=\"noopener\">ocus Issue: Restoring Mountain Systems for Social\u2013Ecological Resilience<\/a>. <em>Mountain Research and Development<\/em> 43(4), 1-3.<\/p>\n<p style=\"padding-left: 40px\">Patr\u00edcio, M.B., M. Lado, T. de Figueiredo, J.C. Azevedo, P.A.A. Bueno, F. Fonseca. 2023.<a href=\"https:\/\/www.researchgate.net\/publication\/376579450_Carbon_Storage_Patterns_and_Landscape_Sustainability_in_Northeast_Portugal_A_Digital_Mapping_Approach\" target=\"_blank\" rel=\"noopener\"> Carbon Storage Patterns and Landscape Sustainability in Northeast Portugal: A Digital Mapping Approach<\/a>. <em>Sustainability<\/em> 15(24), 16853; https:\/\/doi.org\/10.3390\/su152416853<\/p>\n<p style=\"padding-left: 40px\">Nunes, L.J.R., J. Nogueira, J.B. Rodrigues, J.C. Azevedo, E. Oliveira, T. de Figueiredo, J. Picos. 2023. <a href=\"https:\/\/www.researchgate.net\/publication\/371275920_Modern_Animal_Traction_to_Enhance_the_Supply_Chain_of_Residual_Biomass\">Modern Animal Traction to Enhance the Supply Chain of Residual Biomass<\/a>. <em>AgriEngineering<\/em> 5(2):1039-1050.<\/p>\n<p style=\"padding-left: 40px\">Lecina-Diaz, Judit, J.C. Campos, C. Carvalho-Santos, J.C. Azevedo, P.M. Fernandes, J. Gon\u00e7alves, N. Aquilu\u00e9, J. Roces-Diaz, M. Agrelo de la Torre, L. Brotons, M-L. Chas-Amil, A. Lomba, A. Duane, F. Moreira, J. Touza, V. Hermoso, A. Sil, J. Vicente, J.P. Honrado, A. Regos. 2023. <a href=\"https:\/\/www.researchgate.net\/publication\/367167866_Stakeholder_perceptions_of_wildfire_management_strategies_as_Nature-based_solutions_in_two_Iberian_Biosphere_Reserves\">Stakeholder per-ceptions of wildfire management strategies as nature-based solutions in two Iberian biosphere reserves<\/a>. <em>Ecology and Society<\/em> 28(1):39.<\/p>\n<p style=\"padding-left: 40px\">Jacobson, T.K.B., D. Gerber, J.C. Azevedo. 2023. <a href=\"https:\/\/www.researchgate.net\/publication\/368383046_Invasiveness_Monitoring_and_Control_of_Hakea_sericea_A_Systematic_Review\">Invasiveness, Monitoring and Control of Hakea sericea: A Systematic Review<\/a>. <em>Plants<\/em> 12(4):751.<\/p>\n<p style=\"padding-left: 40px\">Gerber, D., F.C. Bechara, L.R. Topanotti, M.F. Nicoletti, J.C. Azevedo. 2023. <a href=\"https:\/\/www.researchgate.net\/publication\/364950192_Evaluating_tree_survival_and_modeling_initial_growth_for_Atlantic_Forest_restoration\">Evaluating tree survival and modeling initial growth for Atlantic Forest restoration<\/a>. <em>Ci\u00eancia Rural<\/em> 53(7), e20220066,\u00a0<\/p>\n<p style=\"padding-left: 40px\">C\u00e1nibe Iglesias, M., V. Hermoso, J.C. Campos, C. Carvalho-Santos, P.M. Fernandes, T.R. Freitas, J.P. Honrado, J.A. Santos, \u00c2. Sil, A. Regos, J.C. Azevedo. 2022.<a href=\"https:\/\/www.researchgate.net\/publication\/363272924_Climate-and_fire-smart_landscape_scenarios_call_for_redesigning_protection_regimes_to_achieve_multiple_management_goals\"> Climate- and fire-smart landscape scenarios call for redesigning protection regimes to achieve multiple management goals<\/a>. <em>Journal of Environmental Management<\/em> 322, 116045.\u00a0<\/p>\n<p style=\"padding-left: 40px\">de Castro-Pardo, M., J.M.M. Martin, J.C. Azevedo. 2022. <a href=\"https:\/\/www.researchgate.net\/publication\/362347634_A_new_composite_indicator_to_assess_and_monitor_performance_and_drawbacks_of_the_implementation_of_Aichi_Biodiversity_Targets\">A new composite indicator to assess and monitor performance and drawbacks of the implementation of Aichi Biodiversity Targets<\/a>. <em>Ecological Economics<\/em> 201, 107553.\u00a0<\/p>\n<p style=\"padding-left: 40px\">Bowditch, E., G. Santopuoli, B. Neroj, J. Svetlik, M. Tominlson, V. Pohl, A. Avdagi\u0107, M. del Rio, T. Zlatanov, H. Maria, G. Jamnick\u00e1, Y. Serengil, M. Sarginci, S.J. Brynleifsd\u00f3ttir, J. Lesinki, J.C. Azevedo. 2022. <a href=\"https:\/\/www.researchgate.net\/publication\/362463682_Application_of_Climate-smart_Forestry_-_forest_manager_response_to_the_relevance_of_European_definition_and_indicators\">Application of climate-smart forestry \u2013 Forest manager response to the relevance of European definition and indicators<\/a>. <em>Trees, Forests and People<\/em> 9, 100313.\u00a0<\/p>\n<p style=\"padding-left: 40px\">Sil, A, J.C Azevedo, P.M. Fernandes, J. Alonso, J.P. Honrado. 2022. <a href=\"https:\/\/www.researchgate.net\/publication\/362009661_Fine-tuning_the_BFOLDS_Fire_Regime_Module_to_support_the_assessment_of_fire-related_functions_and_services_in_a_changing_Mediterranean_mountain_landscape\">Fine-tuning the BFOLDS Fire Regime Module to support the assessment of fire-related functions and services in a changing Mediterranean mountain landscape<\/a>. <em>Environmental Modelling &amp; Software<\/em> 155, 105464.\u00a0<\/p>\n<p style=\"padding-left: 40px\">Campos, J.C., S. Rodrigues, A. Sil, V. Hermoso, T.R. Freitas, J.A. Santos, P.M. Fernandes, J.C. Azevedo, J.P. Honrado, A. Regos. 2022. <a href=\"https:\/\/www.researchgate.net\/publication\/359780197_Climate_regulation_ecosystem_services_and_biodiversity_conservation_are_enhanced_differently_by_climate-_and_fire-smart_landscape_management\">Climate regulation ecosystem services and biodiversity conservation are enhanced differently by climate- and fire-smart landscape management<\/a>. <em>Environmental Research Letters<\/em> 17, 054014.\u00a0<\/p>\n<p style=\"padding-left: 40px\">Martin Barroso, V, M. de Castro-Pardo, P. Fern\u00e1ndez Mart\u00ednez, J.C. Azevedo. 2022. <a href=\"https:\/\/www.researchgate.net\/publication\/357380670_A_regionalized_IO-model_to_value_seasonal_recreational_ecosystem_services_in_a_mountain_National_Park_in_Spain\" target=\"_blank\" rel=\"noopener noreferrer\">A regionalized IO-model to value seasonal recreational ecosystem services in a mountain National Park in Spain<\/a>. Journal of Mountain Science 19(1):211-227.\u00a0<\/p>\n<p style=\"padding-left: 40px\">Azevedo, J.C., V.R. Clark, J. Millar, G. Mukwada, J.C. Postigo, M. Wurzinger, S-L. Mathez-Stiefel. 2021. <a href=\"https:\/\/www.researchgate.net\/publication\/356926402_Focus_Issue_Pastoralism_and_Rangelands_in_Mountains\" target=\"_blank\" rel=\"noopener noreferrer\">Focus Issue: Pastoralism and Rangelands in Mountains<\/a>. <em>Mountain Research and Development<\/em> 41(4): 1-2.<\/p>\n<p style=\"padding-left: 40px\">de Castro-Pardo, M., J.C. Azevedo, P. Fern\u00e1ndez. 2021. <a href=\"https:\/\/www.researchgate.net\/publication\/354851222_Ecosystem_Services_Sustainable_Rural_Development_and_Protected_Areas\">Ecosystem Services, Sustainable Rural Development and Protected Areas<\/a>. <em>Land<\/em> 10(10), 1008.\u00a0<\/p>\n<p style=\"padding-left: 40px\">de Castro-Pardo, M, P.F. Mart\u00ednez, A.P. Zabaleta, J.C. Azevedo. 2021. <a href=\"https:\/\/www.researchgate.net\/publication\/351228546_Dealing_with_Water_Conflicts_A_Comprehensive_Review_of_MCDM_Approaches_to_Manage_Freshwater_Ecosystem_Services\">Dealing with water conflicts: a comprehensive review of MCDM approaches to manage freshwater ecosystem services<\/a>. <em>Land<\/em> 10(5), 469.\u00a0<\/p>\n<p style=\"padding-left: 40px\">Pamukcu-Albers, P., F. Ugolini, D. La Rosa, S. R. Gr\u0103dinaru, J.C. Azevedo, J. Wu. 2021. <a href=\"https:\/\/www.researchgate.net\/publication\/349883635_Building_green_infrastructure_to_enhance_urban_resilience_to_climate_change_and_pandemics\">Building green infrastructure to enhance urban resilience to climate change and pandemics<\/a>. <em>Landscape Ecology<\/em> 6: 665\u2013673.\u00a0<\/p>\n<p style=\"padding-left: 40px\">de Castro-Pardo, M, J.C. Azevedo. 2021. <a href=\"https:\/\/www.researchgate.net\/publication\/349214931_A_Goal_Programming_Model_to_Guide_Decision-Making_Processes_towards_Conservation_Consensuses\">A Goal Programming Model to guide decision-making processes towards conservation consensuses<\/a>. <em>Sustainability<\/em> 13(4), 1959,\u00a0<\/p>\n<p style=\"padding-left: 40px\">P\u00e9rez-Rodr\u00edguez, F., J.C. Azevedo. 2020. <a href=\"https:\/\/www.researchgate.net\/publication\/344189635_Evaluation_of_Forest_Industry_Scenarios_to_Increase_Sustainable_Forest_Mobilization_in_Regions_of_Low_Biomass_Demand\" target=\"_blank\" rel=\"noopener noreferrer\">Evaluation of forest industry scenarios to increase sus-tainable forest mobilization in regions of low biomass demand<\/a>. <em>Applied Science<\/em> 10(18), 6297,\u00a0<\/p>\n<p style=\"padding-left: 40px\">Azevedo, J.C., S. Luque, C. Dobbs, G. Sanesi, T.C.H. Sunderland. 2020. <a href=\"https:\/\/www.researchgate.net\/publication\/343594724_The_ethics_of_isolation_the_spread_of_pandemics_and_landscape_ecology\">The ethics of isolation, the spread of pandemics, and landscape ecology<\/a>. <em>Landscape Ecology<\/em> 35(10):2133-2140,\u00a0<\/p>\n<p style=\"padding-left: 40px\">Mart\u00ednez, P.F., M de Castro-Pardo, V.M. Mart\u00edn, J.C. Azevedo. 2020. <a href=\"https:\/\/www.researchgate.net\/publication\/342716068_Assessing_Sustainable_Rural_Development_Based_on_Ecosystem_Services_Vulnerability\">Assessing sustainable rural development based on ecosystem services vulnerability<\/a>. <em>Land<\/em> 9(7), 222<\/p>\n<p style=\"padding-left: 40px\">Ferreira, H., D. Henriques, C.J. Neves, C.A.S. Machado, J.C. Azevedo, T.M. Francoy, M.A. Pinto. 2020. <a href=\"https:\/\/www.researchgate.net\/publication\/338024076_Historical_and_contemporaneous_human-mediated_processes_left_a_strong_genetic_signature_on_honey_bee_populations_from_the_Macaronesian_archipelago_of_the_Azores\" target=\"_blank\" rel=\"noopener noreferrer\">Historical and contemporaneous human-mediated processes left a strong genetic signature on honey bee populations from the Macaronesian archipelago of the Azores<\/a>.\u00a0 <em>Apidologie<\/em> 51(3):316-328. doi: 10.1007\/s13592-019-00720-w<\/p>\n<p style=\"padding-left: 40px\">de Castro-Pardo, M., F. P\u00e9rez-Rodr\u00edguez., J.C. Azevedo, V. Urios. 2019. <a href=\"https:\/\/www.researchgate.net\/publication\/336564316_Looking_for_consensual_protection_categories_to_reduce_conservation_conflicts_in_protected_areas\/stats\" target=\"_blank\" rel=\"noopener noreferrer\">Looking for consensual protection categories to reduce conservation conflicts in protected areas<\/a>. <em>Ci\u00eancia Rural<\/em> 49(12).\u00a0<\/p>\n<p style=\"padding-left: 40px\">de Castro-Pardo, M., F. P\u00e9rez-Rodr\u00edguez, J.M.M. Martin, J.C. Azevedo. 2019. <a href=\"https:\/\/www.researchgate.net\/publication\/336134034_Planning_for_Democracy_in_Protected_Rural_Areas_Application_of_a_Voting_Method_in_a_Spanish-_Portuguese_Reserve\">Planning for democracy in Protected Rural Areas: application of a voting method in a Spanish-Portuguese Reserve<\/a>. <em>Land<\/em> 8(10): 145.\u00a0<\/p>\n<p style=\"padding-left: 40px\">Sil, \u00c2., J.C. Azevedo, P.M. Fernandes, A. Regos, A.S. Vaz, J.P. Honrado. 2019. <a href=\"https:\/\/www.researchgate.net\/publication\/332908529_Wildfires_as_an_ecosystem_service\">(Wild)fire is not an ecosystem service<\/a>. <em>Frontiers in Ecology and the Environment<\/em> 17(8):429-430.\u00a0<\/p>\n<p style=\"padding-left: 40px\">de Castro-Pardo, M., F. P\u00e9rez-Rodr\u00edguez, J.M.M. Martin, J. C. Azevedo. 2019. <a href=\"https:\/\/www.researchgate.net\/publication\/335830943_Modelling_stakeholders%27_preferences_to_pinpoint_conflicts_in_the_planning_of_transboundary_protected_areas\">Modelling stakeholders\u2019 preferences to pinpoint conflicts in the planning of transboundary protected areas<\/a>. <em>Land Use Policy<\/em> 89: 104233.<\/p>\n<p style=\"padding-left: 40px\">Sil, \u00c2., P. Fernandes, A.P. Rodrigues, J. Alonso, J. Honrado, A. Perera, J.C. Azevedo. 2019. <a href=\"https:\/\/www.sciencedirect.com\/science\/article\/pii\/S2212041618303425?dgcid=author\" target=\"_blank\" rel=\"noopener noreferrer\">Farmland abandonment decreases the fire regulation capacity and the fire protection ecosystem service in mountain landscapes<\/a>. <em>Ecosystem Services<\/em> 36.<\/p>\n<p style=\"padding-left: 40px\">P\u00e9rez-Rodr\u00edguez, F., L. Nunes, J.C. Azevedo. 2018. <a href=\"https:\/\/www.researchgate.net\/publication\/328281914_Solving_Multi-Objective_Problems_for_Multifunctional_and_Sustainable_Management_in_Maritime_Pine_Forest_Landscapes\" target=\"_blank\" rel=\"noopener noreferrer\">Solving Multi-Objective Problems for Multifunctional and Sustainable Management in Maritime Pine Forest Landscapes<\/a>.\u00a0<em>Climate<\/em>,\u00a0<em>6(4)<\/em>, 81.<\/p>\n<p style=\"padding-left: 40px\">G\u00f3mez-Garc\u00eda, E, J.C. Azevedo, F. P\u00e9rez-Rodr\u00edguez. 2018. <a href=\"https:\/\/www.sciencedirect.com\/science\/article\/pii\/S0168169917308840\" target=\"_blank\" rel=\"noopener noreferrer\">A compiled project and open-source code to generate web-based forest modelling simulators<\/a>. <em>Computers and Electronics in Agriculture<\/em>, 147 (April):1-5.<\/p>\n<p style=\"padding-left: 40px\">P\u00e9rez-Rodr\u00edguez, F., J. Azevedo, M. Men\u00e9ndez-Migu\u00e9lez. 2017. <a href=\"http:\/\/dx.doi.org\/10.5424\/fs\/2017263-12047\" target=\"_blank\" rel=\"noopener noreferrer\">ApkFor\u00a9, an Android Open-Source Project for research and technology transfer in forest management<\/a>. <em>Forest Systems<\/em>, 26(3), eRC03, 4 pages.<\/p>\n<p style=\"padding-left: 40px\">Dantas, L, J.C. Azevedo, M. Feliciano. 2017. <a href=\"https:\/\/bibliotecadigital.ipb.pt\/handle\/10198\/14633\" target=\"_blank\" rel=\"noopener noreferrer\">O impacto da queima dom\u00e9stica de biomassa nos n\u00edveis de PM<sub>2,5<\/sub> na cidade de Bragan\u00e7a, Portugal<\/a> [Impact of domestic woody biomass burning on the levels of PM2,5 in the city of Bragan\u00e7a, Portugal]. <em>Revista de Ci\u00eancias Agr\u00e1rias<\/em>\u00a040(Especial):282-290.<\/p>\n<p style=\"padding-left: 40px\">Magalh\u00e3es, S.R., C.A.A.S. Ribeiro, J.M.C.S.F. Castro, P.A.M. Fernandes, C.A.R.L. Silva, H.M.P. Pinheiro, J.C.M. Azevedo. 2017. <a href=\"https:\/\/periodicos.ufsm.br\/cienciaflorestal\/article\/view\/27728\" target=\"_blank\" rel=\"noopener noreferrer\">Comportamento do fogo em diferentes per\u00edodos e configura\u00e7\u00f5es de uma paisagem no Nordeste de Portugal <\/a>[Fire behaviour in different periods and configurations of a landscape in Northeastern Portugal]. <em>Ci\u00eancia Florestal<\/em> 27(2):457-469.<\/p>\n<p style=\"padding-left: 40px\">Carvalho-Santos, C., A.T. Monteiro, J.C. Azevedo, J.P. Honrado, J.P. Nunes. 2017. <a href=\"https:\/\/link.springer.com\/article\/10.1007\/s11269-017-1672-z\" target=\"_blank\" rel=\"noopener noreferrer\">Climate change impacts on water resources and reservoir management: uncertainty and adaptation for a mountain catchment in Northeast Portugal<\/a>. <em>Water Resources Management <\/em>31(11):3355\u20133370<em>.\u00a0<\/em><\/p>\n<p style=\"padding-left: 40px\">Sil, \u00c2., F. Fonseca, J. Alonso, J. Gon\u00e7alves, J. Honrado, C. Marta-Pedroso, J.C. Azevedo. 2017. <a href=\"http:\/\/dx.doi.org\/10.1080\/21513732.2017.1297331\" target=\"_blank\" rel=\"noopener noreferrer\">Analysing carbon sequestration and storage dynamics in a changing mountain landscape in Portugal: insights for management and planning<\/a>. <em>International<\/em> <em>Journal of Biodiversity Science, Ecosystem Services &amp; Management<\/em> 13(2):82-104.<\/p>\n<p style=\"padding-left: 40px\">Sil, A., A.P. Rodrigues, J.P. Nunes, C. Carvalho-Santos, J. Honrado, J. Alonso, C. Marta-Pedroso, J.C. Azevedo. 2016. <a href=\"http:\/\/www.bioone.org\/doi\/pdf\/10.1659\/MRD-JOURNAL-D-16-00035.1\" target=\"_blank\" rel=\"noopener noreferrer\">Tradeoffs and synergies between provisioning and regulating ecosystem services in a mountain area in Portugal affected by landscape change<\/a>.<em> Mountain Research and Development<\/em> 36(4): 452\u2013464.<\/p>\n<p style=\"padding-left: 40px\">P\u00e9rez, F., L. Nunes, A. Sil, J.C. Azevedo. 2016. <a href=\"http:\/\/revistas.inia.es\/index.php\/fs\/article\/download\/8975\/2930\">FlorNExT\u00ae, a cloud computing application to estimate growth and yield of maritime pine (<em>Pinus pinaster<\/em> Ait.) stands in northeastern Portugal<\/a>. <em>Forest Systems<\/em> 25(2), eRC08, 6 pages.<\/p>\n<p style=\"padding-left: 40px\">P\u00e9res, F., L. Nunes, J.C. Azevedo. 2016. <a href=\"http:\/\/mcfns.com\/index.php\/Journal\/article\/view\/MCFNS.8.35\" target=\"_blank\" rel=\"noopener noreferrer\">A software tool for accurate assessment of costs and CO2 emissions in wood transport using OpenStreetMap\u00a9<\/a>. <em>Mathematical and Computational Forestry &amp; Natural-Resource Sciences<\/em> 8(1):35-53.<\/p>\n<p style=\"padding-left: 40px\">Azevedo, J.C., M.C. Ferreira, L.F. Nunes, M. Feliciano. 2016. <a href=\"http:\/\/www.ingentaconnect.com\/contentone\/cfa\/ifr\/2016\/00000018\/00000001\/art00001?crawler=true\" target=\"_blank\" rel=\"noopener noreferrer\">What drives consumption of wood energy in the residential sector of small cities in Europe and how that can affect forest resources locally? The case of Bragan\u00e7a, Portugal<\/a>. <em>International Forestry Review<\/em>\u00a018(1):1-12.<\/p>\n<p style=\"padding-left: 40px\">Pinto, M.A., A. Gon\u00e7alves, S.A.P. Santos, M. Almeida &amp; J.C.M. Azevedo. 2014. <a href=\"http:\/\/cascavel.ufsm.br\/revistas\/ojs-2.2.2\/index.php\/cienciaflorestal\/article\/view\/5152\" target=\"_blank\" rel=\"noopener noreferrer\">Invas\u00e3o biol\u00f3gica de Corythucha ciliata em espa\u00e7os verdes urbanos de Portugal: modela\u00e7\u00e3o do nicho ecol\u00f3gico com o m\u00e9todo de M\u00e1xima Entropia<\/a>\u00a0[Biological invasion of <em>Corythucha<\/em><em> ciliata<\/em> in green urban spaces in Portugal: a niche modeling approach using maximum entropy]. <em>Ci\u00eancia<\/em><em> Florestal\u00a0<\/em>24(3):597-607.<\/p>\n<p style=\"padding-left: 40px\">Pinheiro, H., J.P.M. Castro, J.C. Azevedo. 2014. <a href=\"https:\/\/bibliotecadigital.ipb.pt\/handle\/10198\/9534\">Sequestro de carbono e altera\u00e7\u00f5es na paisagem na Freguesia de Deil\u00e3o, Nordeste de Portugal<\/a>\u00a0[Landscape changes and carbon sequestration in the Deil\u00e3o Parish, NortheasternPortugal]. <em>Revista \u00c1rvore<\/em> 38(1):41-52.<\/p>\n<p style=\"padding-left: 40px\">Pinto, A., J. Ch\u00e1vez-Galarza, D. Henriques, S. Johnston, J. Azevedo, J. Patton, I. Mu\u00f1oz &amp; P. De la Rua. 2013. <a href=\"http:\/\/www.ncbi.nlm.nih.gov\/pubmed\/24118235\" target=\"_blank\" rel=\"noopener noreferrer\">Signatures of selection in the Iberian honey bee (Apis mellifera iberiensis) revealed by a genome scan analysis of single nucleotide polymorphisms (SNPs)<\/a>. <em>Molecular Ecology<\/em> 22:5890\u20135907.<\/p>\n<p style=\"padding-left: 40px\">Azevedo, J.C., A. Possacos, C.F. Aguiar, A. Amado, L. Miguel, R. Dias, C. Loureiro, P.M. Fernandes. 2013. <a href=\"http:\/\/www.sciencedirect.com\/science\/article\/pii\/S0378112713001011\" target=\"_blank\" rel=\"noopener noreferrer\">The role of holm oak edges in the control of disturbance and conservation of plant diversity in fire-prone landscapes<\/a>.<em>Forest<\/em><em> Ecology and Management<\/em>, 297:37\u201348.<\/p>\n<p style=\"padding-left: 40px\">Pinto, M.A., D. Henriques, M. Neto, H. Guedes, I. Mu\u00f1oz, J.C. Azevedo, &amp; P. de la Rua. 2013.<a href=\"http:\/\/link.springer.com\/article\/10.1007%2Fs13592-013-0192-y\" target=\"_blank\" rel=\"noopener noreferrer\"> Maternal diversity patterns of Ibero-Atlantic populations reveal further complexity of Iberian honey bees<\/a>. <em>Apidologie<\/em> 44(4):430-439.<\/p>\n<p style=\"padding-left: 40px\">Azevedo, J.C., J. P. Honrado e I.L. Ramos. 2012. <a href=\"https:\/\/bibliotecadigital.ipb.pt\/handle\/10198\/8250\" target=\"_blank\" rel=\"noopener noreferrer\">O ensino da ecologia da paisagem em Portugal.<\/a><em> Ecologi<\/em><em>@<\/em>, 5:13-24.<\/p>\n<p style=\"padding-left: 40px\">Azevedo, J.C., I.L. Ramos &amp; J. P. Honrado. 2012<a href=\"https:\/\/bibliotecadigital.ipb.pt\/handle\/10198\/8251\" target=\"_blank\" rel=\"noopener noreferrer\">. Ecologia da paisagem e suas aplica\u00e7\u00f5es profissionais em Portugal: os casos da gest\u00e3o florestal e da conserva\u00e7\u00e3o da biodiversidade<\/a>. <em>Ecologi<\/em><em>@<\/em>, 5:8-12.<\/p>\n<p style=\"padding-left: 40px\">Castro, J., J.C. Azevedo &amp; L. Martins. 2010. <a href=\"http:\/\/www.actahort.org\/books\/866\/866_53.htm\" target=\"_blank\" rel=\"noopener noreferrer\">Temporal analysis of sweet chestnut decline in Northeastern Portugal using geostatistical tools<\/a>. In G. Bounous &amp; G.L. Beccaro (eds.) Proceedings of the First European Congress on Chestnut Castanea 2009. <em>Acta Horticulturae<\/em> 866:405-410.<\/p>\n<p style=\"padding-left: 40px\">Garcia, M.M., M. Carvalheira &amp; J.C. Azevedo. 2006. <a href=\"https:\/\/bibliotecadigital.ipb.pt\/handle\/10198\/3320\" target=\"_blank\" rel=\"noopener noreferrer\">Contribui\u00e7\u00e3o para a caracteriza\u00e7\u00e3o da recolha comercial de macrofungos comest\u00edveis no distrito de Bragan\u00e7a, Portugal<\/a>. <em>A Pantorra<\/em>, 6:141-153.<\/p>\n<p style=\"padding-left: 40px\">Azevedo, J.C., X.B. Wu, M.G. Messina &amp; R.F. Fisher. 2006. <a href=\"https:\/\/www.google.pt\/url?sa=t&amp;rct=j&amp;q=&amp;esrc=s&amp;source=web&amp;cd=2&amp;cad=rja&amp;uact=8&amp;ved=0ahUKEwiy0e6U8YvMAhWEWhQKHVULBvgQFgggMAE&amp;url=http%3A%2F%2Fwww.tandfonline.com%2Fdoi%2Fpdf%2F10.1300%2FJ091v23n01_03&amp;usg=AFQjCNEX-akb98YNjsstRwsnnSDpRNsb-A&amp;sig2=ZBop0DnpDe4tDvxqWaap9A\" target=\"_blank\" rel=\"noopener noreferrer\">Effects of the Sustainable Forestry Initiative on the Quality, Abundance, and Configuration of Wildlife Habitats<\/a>.<em> Journal of Sustainable Forestry<\/em> 23 (1):37-65.<\/p>\n<p style=\"padding-left: 40px\">Azevedo, J.C., X.B. Wu, M.G. Messina &amp; R.F. Fisher. 2005. <a href=\"http:\/\/www.ingentaconnect.com\/content\/saf\/fs\/2005\/00000051\/00000004\/art00005?crawler=true\" target=\"_blank\" rel=\"noopener noreferrer\">Assessment of Sustainability in Intensively Managed Forested Landscapes: A Case Study in East Texas<\/a>. <em>Forest<\/em><em> Science<\/em>. 51(4):321-333.<\/p>\n<p style=\"padding-left: 40px\">Azevedo, J.C., J.R. Williams, M.G. Messina &amp; R.F. Fisher. 2005. <a href=\"http:\/\/link.springer.com\/article\/10.1007%2Fs11269-005-1503-5\">Impacts of the Sustainable Forestry Initiative Landscape Level Measures on Hydrological Processes<\/a>. <em>Water<\/em><em> Resources Management<\/em> 19:95-110.<\/p>\n<p style=\"padding-left: 40px\">Azevedo, J.C.M., S.B. Jack, R.N. Coulson &amp; D.F. Wunneburger. 2000. <a href=\"http:\/\/www.sciencedirect.com\/science\/article\/pii\/S037811279900136X\" target=\"_blank\" rel=\"noopener noreferrer\">Functional heterogeneity of forest landscapes and the distribution and abundance of Red-cokaded Woodpecker: insights for management<\/a>. <em>Forest<\/em><em> Ecology and Management<\/em> 127: 271-283.<\/p>\n<p style=\"padding-left: 40px\">Azevedo, J. &amp; F. Ca\u00e7ador. 1999. <a href=\"https:\/\/bibliotecadigital.ipb.pt\/handle\/10198\/6499\" target=\"_blank\" rel=\"noopener noreferrer\">Bordaduras de bosques de Quercus rotundifolia Lam. no Parque Natural de Montesinho<\/a>. <em>Quercetea<\/em> 1:126-137<\/p>\n<p style=\"padding-left: 40px\">Azevedo, J. 1999.<a href=\"https:\/\/bibliotecadigital.ipb.pt\/handle\/10198\/3088\" target=\"_blank\" rel=\"noopener noreferrer\"> Utiliza\u00e7\u00e3o de princ\u00edpios e m\u00e9todos da ecologia da paisagem em ordenamento florestal<\/a>. <em>Revista Florestal<\/em> XII (1\/2):112-118.<\/p>\n\n\n<p><\/p>\n","protected":false},"excerpt":{"rendered":"<p>Papers Gonz\u00e1lez-\u00c1vila, S., B. Mart\u00edn, E. Ortega, J.C. Azevedo. 2024. Relationships between amount and configuration indicators in real-world landscapes: Novel references for the assessment of forest cover in the Iberian Peninsula. Ecological Indicators 159 (2024), 111634.\u00a0 Azevedo, J.C., L\u00f3pez-Bao, J.V., Dias, R., Santos, J.P.V., Pinto, S., Pereira, J., &amp; de Castro-Pardo, M. 2024. Perceptions and [&hellip;]<\/p>\n","protected":false},"author":3,"featured_media":0,"parent":0,"menu_order":0,"comment_status":"closed","ping_status":"closed","template":"sidebar-page.php","meta":[],"_links":{"self":[{"href":"https:\/\/esa.ipb.pt\/cv\/jazevedo\/wp-json\/wp\/v2\/pages\/86"}],"collection":[{"href":"https:\/\/esa.ipb.pt\/cv\/jazevedo\/wp-json\/wp\/v2\/pages"}],"about":[{"href":"https:\/\/esa.ipb.pt\/cv\/jazevedo\/wp-json\/wp\/v2\/types\/page"}],"author":[{"embeddable":true,"href":"https:\/\/esa.ipb.pt\/cv\/jazevedo\/wp-json\/wp\/v2\/users\/3"}],"replies":[{"embeddable":true,"href":"https:\/\/esa.ipb.pt\/cv\/jazevedo\/wp-json\/wp\/v2\/comments?post=86"}],"version-history":[{"count":62,"href":"https:\/\/esa.ipb.pt\/cv\/jazevedo\/wp-json\/wp\/v2\/pages\/86\/revisions"}],"predecessor-version":[{"id":675,"href":"https:\/\/esa.ipb.pt\/cv\/jazevedo\/wp-json\/wp\/v2\/pages\/86\/revisions\/675"}],"wp:attachment":[{"href":"https:\/\/esa.ipb.pt\/cv\/jazevedo\/wp-json\/wp\/v2\/media?parent=86"}],"curies":[{"name":"wp","href":"https:\/\/api.w.org\/{rel}","templated":true}]}}