{"id":83,"date":"2016-03-01T17:20:57","date_gmt":"2016-03-01T17:20:57","guid":{"rendered":"https:\/\/esa.ipb.pt\/cv\/jazevedo\/?page_id=83"},"modified":"2021-04-26T15:51:02","modified_gmt":"2021-04-26T15:51:02","slug":"proceedings","status":"publish","type":"page","link":"https:\/\/esa.ipb.pt\/cv\/jazevedo\/proceedings\/","title":{"rendered":""},"content":{"rendered":"<h2>Proceedings papers (recent)<\/h2>\n<p style=\"padding-left: 30px\">Garc\u00eda-de-la-Fuente L., J. Azevedo. 2018. <a href=\"https:\/\/www.cabdirect.org\/cabdirect\/abstract\/20183254575\" target=\"_blank\" rel=\"noopener noreferrer\">Ecosystem services provided by hay meadows in Iberian mountain areas: evolution and perspectives<\/a>. Proceedings of the 27th EGF General Meeting on \u201cSustainable meat and milk production from grasslands\u201d, Grassland Science in Europe Vol. 23, pp. 745-747.<\/p>\n<p style=\"padding-left: 30px\">Remor, P.V., J.C. Azevedo, R. Arioli, M. Feliciano. 2017. <a href=\"http:\/\/hdl.handle.net\/10198\/15895\" target=\"_blank\" rel=\"noopener noreferrer\">An\u00e1lise de um Sistema de Aquecimento Urbano no Campus do Instituto Polit\u00e9cnico de Bragan\u00e7a<\/a>. Livro de Atas do III Congresso Ibero-Americano de Empreendedorismo, Energia, Ambiente e Tecnologia &#8211; Cieemat 2017. Julho de 2017. Bragan\u00e7a. Pp 115-119.<\/p>\n<p style=\"padding-left: 30px\">P\u00e9rez-Rodr\u00edguez, F., L. Nunes, A. Sil, J. Azevedo. 2017. <a href=\"http:\/\/hdl.handle.net\/10198\/15896\" target=\"_blank\" rel=\"noopener noreferrer\">FlorNExTPro\u00ae: herramienta para la gesti\u00f3n forestal en la regi\u00f3n del NE de Portugal<\/a>. 7\u00ba Congreso Forestal Espa\u00f1ol. 26-30 Junio. Plasencia, Espanha. Pp. 1-12.<\/p>\n<p style=\"padding-left: 30px\">P\u00e9rez-Rodr\u00edguez, F., L. Nunes, E. G\u00f3mez-Garc\u00eda, J. Azevedo. 2017. <a href=\"http:\/\/hdl.handle.net\/10198\/15897\" target=\"_blank\" rel=\"noopener noreferrer\">ForestMTIS: Proyecto compilado ASP.Net para generar aplicativos web de simulaci\u00f3n de crecimiento y producci\u00f3n de especies forestales<\/a>. 7\u00ba Congreso Forestal Espa\u00f1ol. 26-30 Junio. Plasencia, Espanha. Pp. 1-7.<\/p>\n<p style=\"padding-left: 30px\">Sil, A., J. Gon\u00e7alves, J. Honrado, J. Azevedo, A. Ramos, F. Fonseca. 2016. <a href=\"http:\/\/hdl.handle.net\/10198\/13719\" target=\"_blank\" rel=\"noopener noreferrer\">Mapeamento do carbono org\u00e2nico do solo numa bacia hidrogr\u00e1fica de montanha<\/a>. In SPCS (ed.) Solos e \u00c1gua: fontes (esgot\u00e1veis) de vida e de desenvolvimento. Livro de atas do VII Congresso Ib\u00e9rico das Ci\u00eancias do Solo (CICS 2016), VI Congresso Nacional de Rega e Drenagem, Beja, 13 a 15 de setembro de 2016. Pp. 265-268.<\/p>\n<p style=\"padding-left: 30px\">Tarelho, L.A.C., D.S.F. Neves, M.H.S.D. Lopes, E.R. Teixeira, M.A.A. Matos, M. Freire, J.C. Azevedo. 2013. <a href=\"http:\/\/www.etaflorence.it\/proceedings\/?detail=8934\" target=\"_blank\" rel=\"noopener noreferrer\">Wood combustion in a domestic stove: characterization of operating conditions and ashes produced<\/a>. 21st European Biomass Conference and Exhibition Proceedings, 3-7 junho, Copenhaga, Dinamarca, pp:\u00a0 1143 \u2013 1150. Paper DOI: 10.5071\/21stEUBCE2013-2DV.3.25.<\/p>\n<p style=\"padding-left: 30px\">Patr\u00edcio, M.S., L. Nunes, A.D. Saraiva, J.C. Azevedo. 2013.<a href=\"https:\/\/bibliotecadigital.ipb.pt\/bitstream\/10198\/9850\/3\/Artigo%20Atas%207CFN2013_Producaopotencial%20biomassa_Patricio%20et%20al.pdf\" target=\"_blank\" rel=\"noopener noreferrer\"> Produ\u00e7\u00e3o potencial de biomassa em culturas energ\u00e9ticas lenhosas no Norte de Portugal<\/a>. In Bento, J., J. Lousada, M.S. Patr\u00edcio (Eds) 7 Congresso Florestal Nacional Conhecimento e Inova\u00e7\u00e3o Artigos\/Comunica\u00e7\u00f5es, 5 a 8 de junho, Vila Real e Bragan\u00e7a, pp. 362-368.<\/p>\n<p style=\"padding-left: 30px\">Ramalhosa E., M. Magalh\u00e3es, M.J. Afonso, P. Plasencia, D. Saraiva, J. Azevedo, M. Castro. 1013. Metal contents in honey and mushrooms from serpentinite soils in the Morais site. In Petrotos, K &amp; A. Filintas (eds.) Proceedings of the FaBE 2013 International Conference on Food and Biosystems Engineering, Technological Educational Institute of Thessaly, Greece, Vol. 1. p. 167-173.<\/p>\n<p style=\"padding-left: 30px\">Azevedo, J.C. &amp; J.P.Cortez. 2012. <a href=\"https:\/\/bibliotecadigital.ipb.pt\/bitstream\/10198\/7588\/1\/paperLeonAzevedoCortez2012.pdf\" target=\"_blank\" rel=\"noopener noreferrer\">Ensino em Gest\u00e3o de Recursos Florestais na Escola Superior Agr\u00e1ria do Instituto Polit\u00e9cnico de Bragan\u00e7a<\/a>, Portugal. In Vald\u00e9s, A.J., J.G. Gonz\u00e1lez, D.R. Robles &amp; J.M.M. del Pozo. IX Jornadas sobre Docencia e Investigaci\u00f3n en Ingenier\u00eda Agroforestal, 12-15 Setembro, Universidad de Le\u00f3n, Espanha.<\/p>\n<p style=\"padding-left: 30px\">Arvela, A., T. Panagopoulos1, A. Cakula, V. Ferreira e J.C. Azevedo. <a href=\"https:\/\/bibliotecadigital.ipb.pt\/bitstream\/10198\/7134\/1\/1.pdf\" target=\"_blank\" rel=\"noopener noreferrer\">Analysis of landscape change following the construction of the Alqueva dam<\/a>, southern Portugal \u2013 Approach and methods. 2012. In Burley, J., L. Loures and T. Panagopoulos (eds.) Recent Researches In Environmental Science and Landscaping. Proceedings of the Proceedings of the 5th WSEAS International Conference on Landscape Architecture (LA &#8217;12), May 2-4, 2012, University ofAlgarve, Faro, Portugal.\u00a0 Pp. 42-47. Energy, Environmental and Structural Engineering Series, 2. WSEAS Press.<\/p>\n<p style=\"padding-left: 30px\">Azevedo, J. C., M. V. Pinto, E. Escalante, M. Feliciano, J. Aranha &amp; J.P. Castro. 2012. <a href=\"https:\/\/bibliotecadigital.ipb.pt\/bitstream\/10198\/7136\/1\/2.pdf\" target=\"_blank\" rel=\"noopener noreferrer\">Potential forest biomass and energy production at the regional scale: the case of maritime pine (Pinus pinaster Ait.) in the district ofBragan\u00e7a, Northeastern Portuga<\/a>l. In Ramos, R.A.R, I. Strape &amp; T. Panagopoulos (eds.) Recent Researches in Environment, Energy Systems and Sustainability. Proceedings of the 8th WSEAS International Conference on Energy, Environment, Ecosystems and Sustainable Development (EEESD&#8217;12), May 2-4, 2012, University of Algarve, Faro, Portugal. Pp.226-231. Energy, Environmental and Structural Engineering Series, 1. WSEAS Press.<\/p>\n","protected":false},"excerpt":{"rendered":"<p>Proceedings papers (recent) Garc\u00eda-de-la-Fuente L., J. Azevedo. 2018. Ecosystem services provided by hay meadows in Iberian mountain areas: evolution and perspectives. Proceedings of the 27th EGF General Meeting on \u201cSustainable meat and milk production from grasslands\u201d, Grassland Science in Europe Vol. 23, pp. 745-747. Remor, P.V., J.C. Azevedo, R. Arioli, M. Feliciano. 2017. An\u00e1lise de [&hellip;]<\/p>\n","protected":false},"author":3,"featured_media":0,"parent":0,"menu_order":0,"comment_status":"closed","ping_status":"closed","template":"sidebar-page.php","meta":[],"_links":{"self":[{"href":"https:\/\/esa.ipb.pt\/cv\/jazevedo\/wp-json\/wp\/v2\/pages\/83"}],"collection":[{"href":"https:\/\/esa.ipb.pt\/cv\/jazevedo\/wp-json\/wp\/v2\/pages"}],"about":[{"href":"https:\/\/esa.ipb.pt\/cv\/jazevedo\/wp-json\/wp\/v2\/types\/page"}],"author":[{"embeddable":true,"href":"https:\/\/esa.ipb.pt\/cv\/jazevedo\/wp-json\/wp\/v2\/users\/3"}],"replies":[{"embeddable":true,"href":"https:\/\/esa.ipb.pt\/cv\/jazevedo\/wp-json\/wp\/v2\/comments?post=83"}],"version-history":[{"count":12,"href":"https:\/\/esa.ipb.pt\/cv\/jazevedo\/wp-json\/wp\/v2\/pages\/83\/revisions"}],"predecessor-version":[{"id":577,"href":"https:\/\/esa.ipb.pt\/cv\/jazevedo\/wp-json\/wp\/v2\/pages\/83\/revisions\/577"}],"wp:attachment":[{"href":"https:\/\/esa.ipb.pt\/cv\/jazevedo\/wp-json\/wp\/v2\/media?parent=83"}],"curies":[{"name":"wp","href":"https:\/\/api.w.org\/{rel}","templated":true}]}}