{"id":75,"date":"2016-03-01T17:18:13","date_gmt":"2016-03-01T17:18:13","guid":{"rendered":"https:\/\/esa.ipb.pt\/cv\/jazevedo\/?page_id=75"},"modified":"2024-03-14T15:34:35","modified_gmt":"2024-03-14T15:34:35","slug":"book-chapters","status":"publish","type":"page","link":"https:\/\/esa.ipb.pt\/cv\/jazevedo\/book-chapters\/","title":{"rendered":""},"content":{"rendered":"<h3>Books and book chapters<\/h3>\n<p style=\"padding-left: 30px\">Pamukcu-Albers, P., J.C. Azevedo, F. Ugolini, A. Zuniga-Teran, J. Wu. 2023. <a href=\"https:\/\/doi.org\/10.1016\/B978-0-323-95336-8.00018-4\">Urban resilience through green infrastructure<\/a>. In Pacheco-Torgal, Claes Goran-Granvist (Eds) Adapting the Built Environment for Climate Change: Design Principles for Climate Emergencies. Elsevier, Cambridge, USA. Pp. 53-69.<\/p>\n<p style=\"padding-left: 30px\">Dubova, L., L. Slavikova, J.C. Azevedo, J. Barstad, P. Gatto, J. Lesinski, D. Pettenella, R. Stokken. 2022. <a href=\"https:\/\/www.researchgate.net\/publication\/356538561_Review_of_Policy_Instruments_for_Climate-Smart_Mountain_Forestry\" target=\"_blank\" rel=\"noopener noreferrer\">Review of Policy Instruments for Climate-Smart Mountain Forestry<\/a>. In Tognetti, R., M. Smith, P. Panzacchi (Eds.) Climate-Smart Forestry in Mountain Regions, Springer. Managing Forest Ecosystems series volume 40, pp. 477-506. https:\/\/doi.org\/10.1007\/978-3-030-80767-2_14<\/p>\n<p style=\"padding-left: 30px\">Ferraz, S.F.B., P.G. Molin, \u00c2. Sil, J.C. Azevedo. 2021. An\u00e1lise de tend\u00eancias passadas, presentes e futuras. In Carvalho-Ribeiro, S.M., D. Boscolo, G. Ciochetti, A. Firmino, N. Guiomar (Org.) Ecologia da Paisagem no contexto Luso-Brasileiro. Volume I. Editora Appris, Curitiba, Brasil. Pp. 377-412.<\/p>\n<p style=\"padding-left: 30px\">Azevedo, J.C., F. P\u00e9rez-Rodr\u00edguez, G.M. Silva, J. Lana. 2021. Ordenamento e planeamento florestal. In Carvalho-Ribeiro, S.M., D. Boscolo, G. Ciochetti, A. Firmino, N. Guiomar (Org.) Ecologia da Paisagem no contexto Luso-Brasileiro. Volume II. Editora Appris, Curitiba, Brasil. Pp. 53-76.<\/p>\n<p style=\"padding-left: 30px\">Doblas-Miranda, E., F. Attorre, J. Azevedo, I. Belen, E. E. Alcalde, H. Freitas, V. Garavaglia, J. A. H\u00f3dar, \u00d6. I\u02d9ritas, Y. Karaaslan, C. Khater, N. Koutsias, M. Lahlou, D. Malkinson, S. Mansour, D. Pet-tenella, N. Picard, J. Pino, J. Vieira, M. Vitale. 2018. Chapter 5. <a href=\"http:\/\/hdl.handle.net\/10198\/18280\" target=\"_blank\" rel=\"noopener noreferrer\">Drivers of degradation and other threats<\/a>. In Bourlion, N., V. Garavaglia, N. Picard (Eds.), <a href=\"http:\/\/aifm.org\/sites\/default\/files\/fichiers\/somf2018.pdf\" target=\"_blank\" rel=\"noopener noreferrer\">State of Mediterranean Forests 2018<\/a>. Food and Agriculture Organization of the United Nations, Rome and Plan Bleu, Marseille. Pp. 72-89.<\/p>\n<p style=\"padding-left: 30px\">Azevedo, J.C., V. Cadavez, M. Arrobas &amp; J. M. Pires. 2016. <a href=\"http:\/\/hdl.handle.net\/10198\/15950\" target=\"_blank\" rel=\"noopener noreferrer\">Sustentabilidade da montanha portuguesa: realidades<\/a>. In Azevedo, J.C., V. Cadavez, M. Arrobas &amp; J.M. Pires (Eds.). Sustentabilidade da Montanha Portuguesa: Realidades e Desafios. CIMO\/IPB, Bragan\u00e7a. Pp. 9-38.<\/p>\n<p style=\"padding-left: 30px\">Pires, J.M., V. Cadavez, M. Arrobas &amp;\u00a0J.C. Azevedo. 2016.\u00a0<a href=\"http:\/\/hdl.handle.net\/10198\/17637\" target=\"_blank\" rel=\"noopener noreferrer\">Sustentabilidade da montanha portuguesa: desafios<\/a>. In Azevedo, J.C., V. Cadavez, M. Arrobas &amp; J. Pires (Eds.). Sustentabilidade da Montanha Portuguesa: Realidades e Desafios. CIMO\/IPB, Bragan\u00e7a. Pp. 211-237.<\/p>\n<p style=\"padding-left: 30px\">Mubareka, S., R. Jonsson, F. Rinaldi, J.C. Azevedo, D. de Rigo, R. Sikkema. 2016. <a href=\"http:\/\/forest.jrc.ec.europa.eu\/media\/atlas\/Forest_biobased_economy_in_Europe.pdf\" target=\"_blank\" rel=\"noopener noreferrer\">Forest bio-based economy in Europe<\/a>. In: San-Miguel-Ayanz, J., D. de Rigo, G. Caudullo, T. Houston Durrant, A. Mauri (Eds.), <a href=\"http:\/\/forest.jrc.ec.europa.eu\/european-atlas-of-forest-tree-species\/\" target=\"_blank\" rel=\"noopener noreferrer\">European Atlas of Forest Tree Species<\/a>. Publ. Off. EU, Luxembourg, pp. e01a52d+<\/p>\n<p style=\"padding-left: 30px\">Azevedo, J.C., A.H. Perera &amp; M.A. Pinto. 2014. <a href=\"http:\/\/link.springer.com\/book\/10.1007%2F978-1-4939-0953-7\" target=\"_blank\" rel=\"noopener noreferrer\">Forest Landscape Ecology and Global Change: an Introduction<\/a>. In Azevedo, J.C., A.H. Perera &amp; M.A. Pinto (Eds.). 2014. Forest landscapes and global change: challenges for research and management. Springer. Pp. 1-28.<\/p>\n<p style=\"padding-left: 30px\">Marta-Pedroso, C., L. Laporta, V. Proen\u00e7a, J.C. Azevedo &amp; T. Domingos. 2014. <a href=\"http:\/\/link.springer.com\/book\/10.1007%2F978-1-4939-0953-7\" target=\"_blank\" rel=\"noopener noreferrer\">Changes in the Ecosystem Services Provided by Forests and their Economic Valuation -A Review<\/a>. In Azevedo, J.C., A.H. Perera &amp; M.A. Pinto (Eds.). 2014. Forest landscapes and global change: challenges for research and management. Springer. Pp. 107-138.<\/p>\n<p style=\"padding-left: 30px\">Azevedo, J.C., A.H. Perera &amp; M.A. Pinto. 2014. <a href=\"http:\/\/link.springer.com\/book\/10.1007%2F978-1-4939-0953-7\" target=\"_blank\" rel=\"noopener noreferrer\">Forest Landscape Ecology and Global Change: What are the Next Steps<\/a>. In Azevedo, J.C., A.H. Perera &amp; M.A. Pinto (Eds.). 2014. Forest landscapes and global change: challenges for research and management. Springer.\u00a0 Pp. 249-260.<\/p>\n<p style=\"padding-left: 30px\">Azevedo, J.C. 2012. <a href=\"https:\/\/bibliotecadigital.ipb.pt\/handle\/10198\/7135\">Florestas, ambiente e Sustentabilidade. Uma Abordagem Centrada nos Servi\u00e7os de Ecossistema das Florestas do Distrito de Bragan\u00e7a<\/a>. Ciclo de Confer\u00eancias: A Floresta. Instituto de Estudos Acad\u00e9micos para Seniores. Academia das Ci\u00eancias de Lisboa, Lisboa, 15 de Novembro de 2011, 25 pp.<\/p>\n<p style=\"padding-left: 30px\">Ribeiro, S.C., J.C. Azevedo, C. Guerra,\u00a0 V. Proen\u00e7a, C.C. Santos, I. P\u00f4\u00e7as,\u00a0 T.P. Correia, J.P. Honrado. 2011. <a href=\"https:\/\/bibliotecadigital.ipb.pt\/handle\/10198\/8307\" target=\"_blank\" rel=\"noopener noreferrer\">Condi\u00e7\u00e3o e tend\u00eancias recentes dos servi\u00e7os de ecossistema florestal no Norte de Portugal<\/a>. In Tereso J.P, J.Pradinho Honrado, A.T. Pinto &amp; F.C. Rego (Eds.) Florestas do Norte de Portugal: Hist\u00f3ria, Ecologia e Desafios de Gest\u00e3o. InBio &#8211; Rede de Investiga\u00e7\u00e3o em Biodiversidade e Biologia Evolutiva. Porto. (e-book).<\/p>\n<p style=\"padding-left: 30px\">Aguiar, C. e J. Azevedo. 2011.\u00a0<a href=\"https:\/\/bibliotecadigital.ipb.pt\/handle\/10198\/8302\" target=\"_blank\" rel=\"noopener noreferrer\">A floresta e a restitui\u00e7\u00e3o da fertilidade do solo nos sistemas de agricultura org\u00e2nicos tradicionais do NE de Portugal no in\u00edcio do s\u00e9c. XX<\/a>. In Tereso J.P, J. Pradinho Honrado, A.T. Pinto &amp; F.C. Rego (Eds.) Florestas do Norte de Portugal: Hist\u00f3ria, Ecologia e Desafios de Gest\u00e3o. InBio &#8211; Rede de Investiga\u00e7\u00e3o em Biodiversidade e Biologia Evolutiva. Porto. (e-book).<\/p>\n<p style=\"padding-left: 30px\">Azevedo, J.C. 2011. Altera\u00e7\u00f5es das paisagens florestais e desafios para a sua gest\u00e3o no Norte de Portugal. In Bento, J, P. Ferreira e M. Magalh\u00e3es. Gest\u00e3o florestal no norte de portugal: perspectivas e desafios futuros. InTereso J.P, J. Pradinho Honrado, A.T. Pinto &amp; F.C. Rego (Eds.) Florestas do Norte de Portugal: Hist\u00f3ria, Ecologia e Desafios de Gest\u00e3o. InBio &#8211; Rede de Investiga\u00e7\u00e3o em Biodiversidade e Biologia Evolutiva. Porto. (e-book).<\/p>\n<p style=\"padding-left: 30px\">Azevedo, J.C., J.P. Castro, H. Pinheiro, C. Moreira, S. Magalh\u00e3es, C. Loureiro &amp; P. Fernandes. 2011. <a href=\"https:\/\/bibliotecadigital.ipb.pt\/handle\/10198\/6410\" target=\"_blank\" rel=\"noopener noreferrer\">Din\u00e2mica e servi\u00e7os da paisagem no Nordeste de Portugal<\/a>. In Neto, J.A.F., C.J. Einloft &amp; R.L. Gon\u00e7alves (Org.) Desenvolvimento Rural, Sustentabilidade e Ordenamento Territorial. Universidade Federal de Vi\u00e7osa, Vi\u00e7osa, Brasil. Pp. 158-174.<\/p>\n<p style=\"padding-left: 30px\">Azevedo, J.C., C. Moreira, J.P. Castro &amp; C. Loureiro. 2011. <a href=\"http:\/\/link.springer.com\/book\/10.1007%2F978-3-642-12754-0\" target=\"_blank\" rel=\"noopener noreferrer\">Agriculture abandonment, land-use change and fire hazard in mountain landscapes in Northeastern Portugal<\/a>. In Li, C., R. Lafortezza and J. Chen (eds.) Landscape Ecology in Forest Management and Conservation: Challenges and Solutions for Global Change. Pp. 329-351. HEP-Springer.<\/p>\n<p style=\"padding-left: 30px\">Aguiar, C., O. Rodrigues, J. Azevedo &amp; T. Domingos. 2009. <a href=\"https:\/\/bibliotecadigital.ipb.pt\/handle\/10198\/2925\" target=\"_blank\" rel=\"noopener noreferrer\">Montanha<\/a>. In Pereira, H.M, T. Domingos, L. Vicente e V. Proen\u00e7a (eds.) Ecossistemas e Bem-Estar Humano: Avalia\u00e7\u00e3o para Portugal do Millennium Ecosystem Assessment. Escolar Editora, Lisboa. Pp. 295-339.<\/p>\n<p style=\"padding-left: 30px\">Azevedo, J.C., X.B. Wu, M.G. Messina, J.R. Williams &amp; R.F. Fisher. 2008. <a href=\"https:\/\/link.springer.com\/chapter\/10.1007\/978-1-4020-8504-8_16\" target=\"_blank\" rel=\"noopener noreferrer\">The role of the Sustainable Forestry Initiative in forest landscape changes in Texas, USA<\/a>.\u00a0 In Lafortezza, R., J. Chen, G. Sanesi &amp; T.R. Crow, (eds.). Patterns and Processes in Forest Landscapes-Multiple Use and Sustainable Management. Pp. 273-296. Springer.<\/p>\n<p style=\"padding-left: 30px\">Moreira, C., J.P. Castro &amp; J. Azevedo. 2008. <a href=\"https:\/\/bibliotecadigital.ipb.pt\/handle\/10198\/924\" target=\"_blank\" rel=\"noopener noreferrer\">Landscape change in a mountainous area in northeastern Portugal: implications for management<\/a>. In Panagopoulos, T., J.B. Burley &amp; S. Celikyay (eds.) New Aspects of Urban Planning and Transportation. Proceedings of the WSEAS International Conference on Urban Planning and Transportation (UPT &#8217;08). Pp. 122-126. Mathematics and Computers in Science Engineering Series. WSEAS Press.<\/p>\n<h1><\/h1>\n","protected":false},"excerpt":{"rendered":"<p>Books and book chapters Pamukcu-Albers, P., J.C. Azevedo, F. Ugolini, A. Zuniga-Teran, J. Wu. 2023. Urban resilience through green infrastructure. In Pacheco-Torgal, Claes Goran-Granvist (Eds) Adapting the Built Environment for Climate Change: Design Principles for Climate Emergencies. Elsevier, Cambridge, USA. Pp. 53-69. Dubova, L., L. Slavikova, J.C. Azevedo, J. Barstad, P. Gatto, J. Lesinski, D. [&hellip;]<\/p>\n","protected":false},"author":3,"featured_media":0,"parent":0,"menu_order":0,"comment_status":"closed","ping_status":"closed","template":"sidebar-page.php","meta":[],"_links":{"self":[{"href":"https:\/\/esa.ipb.pt\/cv\/jazevedo\/wp-json\/wp\/v2\/pages\/75"}],"collection":[{"href":"https:\/\/esa.ipb.pt\/cv\/jazevedo\/wp-json\/wp\/v2\/pages"}],"about":[{"href":"https:\/\/esa.ipb.pt\/cv\/jazevedo\/wp-json\/wp\/v2\/types\/page"}],"author":[{"embeddable":true,"href":"https:\/\/esa.ipb.pt\/cv\/jazevedo\/wp-json\/wp\/v2\/users\/3"}],"replies":[{"embeddable":true,"href":"https:\/\/esa.ipb.pt\/cv\/jazevedo\/wp-json\/wp\/v2\/comments?post=75"}],"version-history":[{"count":27,"href":"https:\/\/esa.ipb.pt\/cv\/jazevedo\/wp-json\/wp\/v2\/pages\/75\/revisions"}],"predecessor-version":[{"id":681,"href":"https:\/\/esa.ipb.pt\/cv\/jazevedo\/wp-json\/wp\/v2\/pages\/75\/revisions\/681"}],"wp:attachment":[{"href":"https:\/\/esa.ipb.pt\/cv\/jazevedo\/wp-json\/wp\/v2\/media?parent=75"}],"curies":[{"name":"wp","href":"https:\/\/api.w.org\/{rel}","templated":true}]}}