{"id":69,"date":"2016-03-01T16:14:08","date_gmt":"2016-03-01T16:14:08","guid":{"rendered":"https:\/\/esa.ipb.pt\/cv\/jazevedo\/?page_id=69"},"modified":"2023-06-28T08:45:04","modified_gmt":"2023-06-28T08:45:04","slug":"publications","status":"publish","type":"page","link":"https:\/\/esa.ipb.pt\/cv\/jazevedo\/publications\/","title":{"rendered":""},"content":{"rendered":"<h3>Editor<\/h3>\n<p style=\"padding-left: 40px\">Focus Issue \u201c<a href=\"https:\/\/www.mrd-journal.org\/issue\/pastoralism-and-rangelands-in-mountains\/\">Pastoralism and rangelands in mountains<\/a>\u201d, guest editor with V. Ralph Clark, Joanne Millar, Geoffrey Mukwada, Julio Postigo, and Maria Wurzinger, in collaboration with MRD\u2019s Editorial Office. <em>Mountain Research and Development<\/em> (MRD), Vol 41, No 4. Ongoing\u00a0<\/p>\n<p style=\"padding-left: 40px\">Special Issue: &#8220;<a href=\"https:\/\/www.mdpi.com\/journal\/land\/special_issues\/protected_area\">Ecosystem Services, Sustainable Rural Development and Protected Areas<\/a>&#8220;, guest editor with M\u00f3nica Castro-Pardo and P.F. Mart\u00ednez. <em>Land<\/em>.<\/p>\n<p style=\"padding-left: 40px\">Castro-Pardo, M., J.C. Azevedo, P.F. Mart\u00ednez (Eds.). 2021. <a href=\"http:\/\/www.mdpi.com\/books\/pdfview\/book\/4499\" target=\"_blank\" rel=\"noopener noreferrer\">Ecosystem Services, Sustainable Rural Development and Protected Areas<\/a>. MDPI, Basel, Switzerland. 270 pp. ISBN 978-3-0365-2293-7; 978-3-0365-2294-4; doi.org\/10.3390\/books978-3-0365-2294-4; mdpi.com\/books\/pdfview\/book\/4499 (Printed Edition of the Special Issue Published in Land)<\/p>\n<p style=\"padding-left: 40px\">Aquino, A.M. de, M.A. Amorim, M.S.V. Pinto, R.L. de Assis, L.F. Cesar, R.B. Prado, J. Azevedo, M. Price. 2018. <a href=\"https:\/\/bibliotecadigital.ipb.pt\/handle\/10198\/18593\" target=\"_blank\" rel=\"noopener noreferrer\">Book of Abstracts of the III Workshop on Sustainable Development in Mountain Environments and II International Conference on Research for Sustainable Development in Mountain Regions<\/a>, December 10-14, Nova Friburgo, Brazil. Instituto Polit\u00e9cnico de Bragan\u00e7a, Bragan\u00e7a, Portugal. 412pp. (e-book)<\/p>\n<p style=\"padding-left: 40px\">Azevedo, J.C. , V. Cadavez, M. Arrobas &amp; J.M. Pires (Eds.) 2016. <a href=\"http:\/\/hdl.handle.net\/10198\/15034\" target=\"_blank\" rel=\"noopener noreferrer\">Sustentabilidade da Montanha Portuguesa: Realidades e Desafios<\/a>. IPB, Bragan\u00e7a. (e-book).<\/p>\n<p style=\"padding-left: 40px\">Fern\u00e1ndez-N\u00fa\u00f1ez, E. &amp; M. Castro (Eds.) 2016. <a href=\"https:\/\/bibliotecadigital.ipb.pt\/bitstream\/10198\/13444\/3\/Management%20of%20Agroforestry%20Systems.%20Ecological,%20social%20and%20economic%20approaches.pdf\" target=\"_blank\" rel=\"noopener noreferrer\">Management of agroforestry systems: ecological, social and economic approaches<\/a>. IPB, Bragan\u00e7a.\u00a0(Associate Editor)<\/p>\n<p style=\"padding-left: 40px\">Azevedo, J.C., A.H. Perera &amp; M.A. Pinto (Eds.) 2014. <a href=\"http:\/\/www.springer.com\/uk\/book\/9781493909520?countryChanged=true\" target=\"_blank\" rel=\"noopener noreferrer\">Forest landscapes and global change: challenges for research and management<\/a>. Springer-Verlag, New York. 262 pp.<\/p>\n<p style=\"padding-left: 40px\">Rego, F.C., J. Bento, J.C. Azevedo, M.L. Monteiro, E. Sousa e G. Louro (Eds.) 2013. <a href=\"http:\/\/www.acad-ciencias.pt\/livraria\/pesquisa\/floresta\" target=\"_blank\" rel=\"noopener noreferrer\">A Floresta Portuguesa<\/a>. Academia das Ci\u00eancias de Lisboa, Lisboa.<\/p>\n<p style=\"padding-left: 40px\">N\u00famero especial: <a href=\"https:\/\/www.speco.pt\/pt\/edicoes\/5-ecologia-da-paisagem\">Ecologia da paisagem<\/a>. Guest editor with Jo\u00e3o Honrado and Isabel Ramos. <em>Ecologi@<\/em>, vol. 5, May-August 2012. SPECO, Sociedade Portuguesa de Ecologia, Lisboa.\u00a0<\/p>\n<p style=\"padding-left: 40px\">Teixeira, A., A. Martins, Ferreira, I.C.F.R., Azevedo, J., Barbosa, J.C., Dias, L.G., Rodrigues, M.A. (Org.) 2011. <a href=\"https:\/\/bibliotecadigital.ipb.pt\/bitstream\/10198\/9374\/1\/Livro_de_Resumos_I_Jornadas.pdf\" target=\"_blank\" rel=\"noopener noreferrer\">Livro de Resumos das I\u00a0Jornadas de Jovens Investigadores da Escola Superior Agr\u00e1ria do Instituto Polit\u00e9cnico de Bragan\u00e7a<\/a>.\u00a0IPB, Bragan\u00e7a.<\/p>\n<p style=\"padding-left: 40px\">Azevedo, J.C. &amp; A. Gon\u00e7alves (Coords.) 2010.<a href=\"https:\/\/bibliotecadigital.ipb.pt\/handle\/10198\/2929\" target=\"_blank\" rel=\"noopener noreferrer\"> Manual de Boas Pr\u00e1ticas em Espa\u00e7os Verdes<\/a>. C\u00e2mara Municipal de Bragan\u00e7a, Bragan\u00e7a.<\/p>\n<p style=\"padding-left: 40px\">Azevedo, J.C., M. Feliciano, J. Castro &amp; A. Pinto (Eds.) 2010. <a href=\"http:\/\/hdl.handle.net\/10198\/2692\">Forest Landscapes and Global Change &#8211; New Frontiers in Management, Conservation and Restoration<\/a>. Proceedings of the IUFRO Landscape Ecology Working Group International Conference, September 21-27, 2010, Bragan\u00e7a, Portugal.<\/p>\n<p style=\"padding-left: 40px\">Azevedo, J.C., M. Feliciano, J. Castro &amp; A. Pinto (Eds.) 2010. <a href=\"http:\/\/hdl.handle.net\/10198\/2695\">Book of abstracts of the IUFRO Landscape Ecology Working Group International Conference: Forest Landscapes and Global Change &#8211; New Frontiers in Management, Conservation and Restoration<\/a>. September 21-27, 2010, Bragan\u00e7a, Portugal. Instituto Polit\u00e9cnico de Bragan\u00e7a, Bragan\u00e7a, Portugal.<\/p>\n<h1>\u00a0<\/h1>\n\n\n<p><\/p>\n","protected":false},"excerpt":{"rendered":"<p>Editor Focus Issue \u201cPastoralism and rangelands in mountains\u201d, guest editor with V. Ralph Clark, Joanne Millar, Geoffrey Mukwada, Julio Postigo, and Maria Wurzinger, in collaboration with MRD\u2019s Editorial Office. Mountain Research and Development (MRD), Vol 41, No 4. Ongoing\u00a0 Special Issue: &#8220;Ecosystem Services, Sustainable Rural Development and Protected Areas&#8220;, guest editor with M\u00f3nica Castro-Pardo and [&hellip;]<\/p>\n","protected":false},"author":3,"featured_media":0,"parent":0,"menu_order":0,"comment_status":"closed","ping_status":"closed","template":"sidebar-page.php","meta":[],"_links":{"self":[{"href":"https:\/\/esa.ipb.pt\/cv\/jazevedo\/wp-json\/wp\/v2\/pages\/69"}],"collection":[{"href":"https:\/\/esa.ipb.pt\/cv\/jazevedo\/wp-json\/wp\/v2\/pages"}],"about":[{"href":"https:\/\/esa.ipb.pt\/cv\/jazevedo\/wp-json\/wp\/v2\/types\/page"}],"author":[{"embeddable":true,"href":"https:\/\/esa.ipb.pt\/cv\/jazevedo\/wp-json\/wp\/v2\/users\/3"}],"replies":[{"embeddable":true,"href":"https:\/\/esa.ipb.pt\/cv\/jazevedo\/wp-json\/wp\/v2\/comments?post=69"}],"version-history":[{"count":33,"href":"https:\/\/esa.ipb.pt\/cv\/jazevedo\/wp-json\/wp\/v2\/pages\/69\/revisions"}],"predecessor-version":[{"id":666,"href":"https:\/\/esa.ipb.pt\/cv\/jazevedo\/wp-json\/wp\/v2\/pages\/69\/revisions\/666"}],"wp:attachment":[{"href":"https:\/\/esa.ipb.pt\/cv\/jazevedo\/wp-json\/wp\/v2\/media?parent=69"}],"curies":[{"name":"wp","href":"https:\/\/api.w.org\/{rel}","templated":true}]}}