{"id":28,"date":"2016-02-17T23:20:56","date_gmt":"2016-02-17T23:20:56","guid":{"rendered":"https:\/\/esa.ipb.pt\/cv\/jazevedo\/?page_id=28"},"modified":"2024-03-14T15:44:10","modified_gmt":"2024-03-14T15:44:10","slug":"roles","status":"publish","type":"page","link":"https:\/\/esa.ipb.pt\/cv\/jazevedo\/roles\/","title":{"rendered":""},"content":{"rendered":"<h3>Present appointments<\/h3>\n<h4>Academic<\/h4>\n<p>Coordinator Professor, Dept. Environment and Natural Resources, <a href=\"https:\/\/esa.ipb.pt\/\" target=\"_blank\" rel=\"noopener noreferrer\">School of Agriculture<\/a>, Polytechnic Institute of Bragan\u00e7a, Portugal<\/p>\n<p>Researcher, <a href=\"https:\/\/cimo.ipb.pt\/web\/index.php?r=olderresearcher\/view&amp;id=28\" target=\"_blank\" rel=\"noopener noreferrer\">Centro de Investiga\u00e7\u00e3o de Montanha<\/a> (CIMO), Portugal<\/p>\n<p>Researcher, <a href=\"https:\/\/sustec.ipb.pt\/\" target=\"_blank\" rel=\"noopener\">Associate Laboratory for Sustainability and Technology in Mountains Regions<\/a> (SusTEC), Portugal<\/p>\n<p>Researcher, <a href=\"https:\/\/blogs.uned.es\/catedraunesco-aguaypaz\/\" target=\"_blank\" rel=\"noopener noreferrer\">C\u00e1tedra UNESCO &#8220;Agua y Paz&#8221;<\/a>, Universidad Nacional de Educaci\u00f3n a Distancia (UNED), Universidad Rey Juan Carlos (URJC), Spain<\/p>\n<h4>Organizations<\/h4>\n<p>Chair of <a href=\"https:\/\/iufrole-wp.weebly.com\/\" target=\"_blank\" rel=\"noopener noreferrer\">IUFRO \u2013 Landscape Ecology Working <\/a><a href=\"https:\/\/iufrole-wp.weebly.com\/\" target=\"_blank\" rel=\"noopener noreferrer\">Party<\/a> (IUFRO 8.01.02)<\/p>\n<p>Vice-president of <a href=\"http:\/\/www.spcflorestais.pt\/\" target=\"_blank\" rel=\"noopener noreferrer\">Sociedade Portuguesa de Ci\u00eancias Florestais<\/a>\u00a0(SPCF)<\/p>\n<h4>Teaching<\/h4>\n<p>MSc in Forest Resources Management, MSc in Environmental Technology, and BS in Environmental Engineering (ESA\/IPB)<\/p>\n<ul>\n<li>Landscape Ecology<\/li>\n<li>Nature Conservation<\/li>\n<li>Modeling and Simulation<\/li>\n<li>Natural Resources Conservation<\/li>\n<li>Energy and Environment<\/li>\n<\/ul>\n<h4>Upcoming conferences<strong><br \/>\n<\/strong><\/h4>\n<p><a href=\"http:\/\/www.apep.pt\/eventos-e-formacoes\/vi_ciep2024\/\" target=\"_blank\" rel=\"noopener\">VI CONGRESSO IB\u00c9RICO DE ECOLOGIA DA PAISAGEM | 19-21 JUNHO 2024 | BRAGAN\u00c7A<\/a><\/p>\n","protected":false},"excerpt":{"rendered":"<p>Present appointments Academic Coordinator Professor, Dept. Environment and Natural Resources, School of Agriculture, Polytechnic Institute of Bragan\u00e7a, Portugal Researcher, Centro de Investiga\u00e7\u00e3o de Montanha (CIMO), Portugal Researcher, Associate Laboratory for Sustainability and Technology in Mountains Regions (SusTEC), Portugal Researcher, C\u00e1tedra UNESCO &#8220;Agua y Paz&#8221;, Universidad Nacional de Educaci\u00f3n a Distancia (UNED), Universidad Rey Juan Carlos [&hellip;]<\/p>\n","protected":false},"author":3,"featured_media":0,"parent":0,"menu_order":0,"comment_status":"closed","ping_status":"closed","template":"sidebar-page.php","meta":[],"_links":{"self":[{"href":"https:\/\/esa.ipb.pt\/cv\/jazevedo\/wp-json\/wp\/v2\/pages\/28"}],"collection":[{"href":"https:\/\/esa.ipb.pt\/cv\/jazevedo\/wp-json\/wp\/v2\/pages"}],"about":[{"href":"https:\/\/esa.ipb.pt\/cv\/jazevedo\/wp-json\/wp\/v2\/types\/page"}],"author":[{"embeddable":true,"href":"https:\/\/esa.ipb.pt\/cv\/jazevedo\/wp-json\/wp\/v2\/users\/3"}],"replies":[{"embeddable":true,"href":"https:\/\/esa.ipb.pt\/cv\/jazevedo\/wp-json\/wp\/v2\/comments?post=28"}],"version-history":[{"count":97,"href":"https:\/\/esa.ipb.pt\/cv\/jazevedo\/wp-json\/wp\/v2\/pages\/28\/revisions"}],"predecessor-version":[{"id":683,"href":"https:\/\/esa.ipb.pt\/cv\/jazevedo\/wp-json\/wp\/v2\/pages\/28\/revisions\/683"}],"wp:attachment":[{"href":"https:\/\/esa.ipb.pt\/cv\/jazevedo\/wp-json\/wp\/v2\/media?parent=28"}],"curies":[{"name":"wp","href":"https:\/\/api.w.org\/{rel}","templated":true}]}}