{"id":249,"date":"2016-07-21T10:30:00","date_gmt":"2016-07-21T10:30:00","guid":{"rendered":"https:\/\/esa.ipb.pt\/cv\/jazevedo\/?page_id=249"},"modified":"2021-04-26T15:53:01","modified_gmt":"2021-04-26T15:53:01","slug":"intellectual-property","status":"publish","type":"page","link":"https:\/\/esa.ipb.pt\/cv\/jazevedo\/intellectual-property\/","title":{"rendered":""},"content":{"rendered":"<h2>Intellectual property<\/h2>\n<p style=\"padding-left: 30px\">P\u00e9rez-Rodr\u00edguez, F., Nunes, L., Sil, A., Azevedo, J.:\u00a0<a href=\"http:\/\/florestasdonordeste.esa.ipb.pt\/Tools\/Index\" target=\"_blank\" rel=\"noopener noreferrer\">FlorNExT 1.0<\/a> (software). Registration number: 03\/2016\/568. Priority country: Spain. Holding entity: Instituto Polit\u00e9cnico de Bragan\u00e7a, Portugal. Registration date: 12 April 2016.<\/p>\n<p style=\"padding-left: 30px\">P\u00e9rez-Rodr\u00edguez, F., Nunes, L., Sil, A., Azevedo, J.:\u00a0<a href=\"http:\/\/florestasdonordeste.esa.ipb.pt\/Tools\/Index\" target=\"_blank\" rel=\"noopener noreferrer\">FlorNExT PRO 1.0<\/a> (software). Registration number: 03\/2016\/571. Priority country: Spain. Holding entity: Instituto Polit\u00e9cnico de Bragan\u00e7a, Portugal. Registration date: 12 April 2016.<\/p>\n<p style=\"padding-left: 30px\">P\u00e9rez-Rodr\u00edguez, F., Nunes, L., Sil, A., Azevedo, J.:<a href=\"http:\/\/florestasdonordeste.esa.ipb.pt\/Tools\/Index\" target=\"_blank\" rel=\"noopener noreferrer\"> WRoute 1.0 <\/a>(software). Registration number: 03\/2016\/573. Priority country: Spain. Holding entity: Instituto Polit\u00e9cnico de Bragan\u00e7a, Portugal. Registration date: 12 April 2016.<\/p>\n<p style=\"padding-left: 30px\">P\u00e9rez-Rodr\u00edguez, F., Nunes, L., Sil, A., Azevedo, J.: AppTitude 1.0 (software). Registration number: SC-343-2017 (Provisional). Priority country: Spain.\u00a0Holding entity: Instituto Polit\u00e9cnico de Bragan\u00e7a, Portugal.\u00a0Registration date: 17 November 2017<\/p>\n<p style=\"padding-left: 30px\">P\u00e9rez-Rodr\u00edguez, F., Nunes, L., Sil, A., Azevedo, J.: <a href=\"http:\/\/florestasdonordeste.esa.ipb.pt\/\" target=\"_blank\" rel=\"noopener noreferrer\">Plataforma Florestas do Nordeste<\/a> (software). Registration number: SC-342-2017. Priority country: Spain.\u00a0Holding entity: Instituto Polit\u00e9cnico de Bragan\u00e7a, Portugal.\u00a0Registration date:\u00a017 November 2017.<\/p>\n","protected":false},"excerpt":{"rendered":"<p>Intellectual property P\u00e9rez-Rodr\u00edguez, F., Nunes, L., Sil, A., Azevedo, J.:\u00a0FlorNExT 1.0 (software). Registration number: 03\/2016\/568. Priority country: Spain. Holding entity: Instituto Polit\u00e9cnico de Bragan\u00e7a, Portugal. Registration date: 12 April 2016. P\u00e9rez-Rodr\u00edguez, F., Nunes, L., Sil, A., Azevedo, J.:\u00a0FlorNExT PRO 1.0 (software). Registration number: 03\/2016\/571. Priority country: Spain. Holding entity: Instituto Polit\u00e9cnico de Bragan\u00e7a, Portugal. Registration [&hellip;]<\/p>\n","protected":false},"author":3,"featured_media":0,"parent":0,"menu_order":0,"comment_status":"closed","ping_status":"closed","template":"sidebar-page.php","meta":[],"_links":{"self":[{"href":"https:\/\/esa.ipb.pt\/cv\/jazevedo\/wp-json\/wp\/v2\/pages\/249"}],"collection":[{"href":"https:\/\/esa.ipb.pt\/cv\/jazevedo\/wp-json\/wp\/v2\/pages"}],"about":[{"href":"https:\/\/esa.ipb.pt\/cv\/jazevedo\/wp-json\/wp\/v2\/types\/page"}],"author":[{"embeddable":true,"href":"https:\/\/esa.ipb.pt\/cv\/jazevedo\/wp-json\/wp\/v2\/users\/3"}],"replies":[{"embeddable":true,"href":"https:\/\/esa.ipb.pt\/cv\/jazevedo\/wp-json\/wp\/v2\/comments?post=249"}],"version-history":[{"count":10,"href":"https:\/\/esa.ipb.pt\/cv\/jazevedo\/wp-json\/wp\/v2\/pages\/249\/revisions"}],"predecessor-version":[{"id":582,"href":"https:\/\/esa.ipb.pt\/cv\/jazevedo\/wp-json\/wp\/v2\/pages\/249\/revisions\/582"}],"wp:attachment":[{"href":"https:\/\/esa.ipb.pt\/cv\/jazevedo\/wp-json\/wp\/v2\/media?parent=249"}],"curies":[{"name":"wp","href":"https:\/\/api.w.org\/{rel}","templated":true}]}}