{"id":2,"date":"2016-02-10T14:24:36","date_gmt":"2016-02-10T14:24:36","guid":{"rendered":"https:\/\/esa.ipb.pt\/cv\/jazevedo\/?page_id=2"},"modified":"2023-01-12T09:13:22","modified_gmt":"2023-01-12T09:13:22","slug":"pagina-exemplo","status":"publish","type":"page","link":"https:\/\/esa.ipb.pt\/cv\/jazevedo\/","title":{"rendered":""},"content":{"rendered":"<p style=\"padding-left: 60px\"><img decoding=\"async\" loading=\"lazy\" class=\"alignnone wp-image-48 size-medium\" src=\"https:\/\/esa.ipb.pt\/cv\/jazevedo\/wp-content\/uploads\/sites\/3\/2016\/02\/p55e96f86e0eb9-300x200.jpg\" alt=\"\" width=\"300\" height=\"200\" srcset=\"https:\/\/esa.ipb.pt\/cv\/jazevedo\/wp-content\/uploads\/sites\/3\/2016\/02\/p55e96f86e0eb9-300x200.jpg 300w, https:\/\/esa.ipb.pt\/cv\/jazevedo\/wp-content\/uploads\/sites\/3\/2016\/02\/p55e96f86e0eb9-768x513.jpg 768w, https:\/\/esa.ipb.pt\/cv\/jazevedo\/wp-content\/uploads\/sites\/3\/2016\/02\/p55e96f86e0eb9.jpg 1024w, https:\/\/esa.ipb.pt\/cv\/jazevedo\/wp-content\/uploads\/sites\/3\/2016\/02\/p55e96f86e0eb9-449x300.jpg 449w\" sizes=\"(max-width: 300px) 100vw, 300px\" \/><\/p>\n<p style=\"padding-left: 60px\">Dept. Ambiente e Recursos Naturais<br \/>\nCentro de Investiga\u00e7\u00e3o de Montanha (CIMO)<br \/>\nLaborat\u00f3rio Associado para a Sustentabilidade e Tecnologia em Regi\u00f5es de Montanha (SusTEC)<\/p>\n<p style=\"padding-left: 60px\">Escola Superior Agr\u00e1ria,\u00a0Instituto Polit\u00e9cnico de Bragan\u00e7a<br \/>\nCampus de Santa Apol\u00f3nia<br \/>\n5300-253 BRAGAN\u00c7A<br \/>\nPORTUGAL<\/p>\n<p style=\"padding-left: 60px\">Office: ESA building<br \/>\nPhone: (+351) 273 303 341<br \/>\nFax: (+351) 273 325 405<br \/>\n<span class=\"GramE\">e-mail<\/span>: <span class=\"SpellE\">jazevedo@ipb.pt<\/span><\/p>\n","protected":false},"excerpt":{"rendered":"<p>Dept. Ambiente e Recursos Naturais Centro de Investiga\u00e7\u00e3o de Montanha (CIMO) Laborat\u00f3rio Associado para a Sustentabilidade e Tecnologia em Regi\u00f5es de Montanha (SusTEC) Escola Superior Agr\u00e1ria,\u00a0Instituto Polit\u00e9cnico de Bragan\u00e7a Campus de Santa Apol\u00f3nia 5300-253 BRAGAN\u00c7A PORTUGAL Office: ESA building Phone: (+351) 273 303 341 Fax: (+351) 273 325 405 e-mail: jazevedo@ipb.pt<\/p>\n","protected":false},"author":3,"featured_media":0,"parent":0,"menu_order":0,"comment_status":"closed","ping_status":"closed","template":"sidebar-page.php","meta":[],"_links":{"self":[{"href":"https:\/\/esa.ipb.pt\/cv\/jazevedo\/wp-json\/wp\/v2\/pages\/2"}],"collection":[{"href":"https:\/\/esa.ipb.pt\/cv\/jazevedo\/wp-json\/wp\/v2\/pages"}],"about":[{"href":"https:\/\/esa.ipb.pt\/cv\/jazevedo\/wp-json\/wp\/v2\/types\/page"}],"author":[{"embeddable":true,"href":"https:\/\/esa.ipb.pt\/cv\/jazevedo\/wp-json\/wp\/v2\/users\/3"}],"replies":[{"embeddable":true,"href":"https:\/\/esa.ipb.pt\/cv\/jazevedo\/wp-json\/wp\/v2\/comments?post=2"}],"version-history":[{"count":25,"href":"https:\/\/esa.ipb.pt\/cv\/jazevedo\/wp-json\/wp\/v2\/pages\/2\/revisions"}],"predecessor-version":[{"id":645,"href":"https:\/\/esa.ipb.pt\/cv\/jazevedo\/wp-json\/wp\/v2\/pages\/2\/revisions\/645"}],"wp:attachment":[{"href":"https:\/\/esa.ipb.pt\/cv\/jazevedo\/wp-json\/wp\/v2\/media?parent=2"}],"curies":[{"name":"wp","href":"https:\/\/api.w.org\/{rel}","templated":true}]}}