{"id":27,"date":"2014-12-02T15:35:28","date_gmt":"2014-12-02T15:35:28","guid":{"rendered":"https:\/\/esa.ipb.pt\/cv\/angelor\/?page_id=27"},"modified":"2020-06-02T14:52:25","modified_gmt":"2020-06-02T14:52:25","slug":"editor","status":"publish","type":"page","link":"https:\/\/esa.ipb.pt\/cv\/angelor\/editor\/","title":{"rendered":"Editor"},"content":{"rendered":"<ul>\n<li>Rodrigues, M.A., Bastos, P. 2019. II Jornadas de L\u00fapulo e Cerveja. Livro de Resumos. Instituto Polit\u00e9cnico de Bragan\u00e7a, 18 e 19 de julho de 2019. ISBN: 978-972-745-262-0<\/li>\n<li>Rodrigues, M.A. 2017. Amendoeira: estado da produ\u00e7\u00e3o (Coordenador cient\u00edfico). Centro Nacional de Compet\u00eancias dos Frutos Secos. ISBN: 978-989-99857-9-7<\/li>\n<li>Rodrigues, M.A, S\u00e1 Morais, J., Castro, J.P. 2015. Livro de Atas, Jornadas de L\u00fapulo e Cerveja: novas oportunidades de neg\u00f3cio. Instituto Polit\u00e9cnico de Bragan\u00e7a, 3-5 julho de 2015, Bragan\u00e7a. ISBN: 978-972-745-202-6.<\/li>\n<li>Rodrigues, M.A, S\u00e1 Morais, J., Castro, J.P. 2015. Livro de Atas, Jornadas de L\u00fapulo e Cerveja: novas oportunidades de neg\u00f3cio. Instituto Polit\u00e9cnico de Bragan\u00e7a, 3-5 julho de 2015, Bragan\u00e7a. ISBN: 978-972-745-202-6.<\/li>\n<li>Teixeira, A., Martins, A., Ferreira, I., Azevedo, J.C., Barbosa, J.C., Dias, L.G., Rodrigues, M.A. 2011. Book of Abstracts. I Jornadas de Jovens Investigadores da Escola Superior Agr\u00e1ria do Instituto Polit\u00e9cnico de Bragan\u00e7a. 11 e 12 de Novembro de 2011. Escola Superior Agr\u00e1ria, Bragan\u00e7a. ISBN 978-972-745-122-7<\/li>\n<li>Rodrigues, M.A., Correia, C. 2009. Manual da Safra e contra Safra do Olival. Instituto Polit\u00e9cnico de Bragan\u00e7a. ISBN 978-972-745-103-6<\/li>\n<\/ul>\n","protected":false},"excerpt":{"rendered":"<p>Rodrigues, M.A., Bastos, P. 2019. II Jornadas de L\u00fapulo e Cerveja. Livro de Resumos. Instituto Polit\u00e9cnico de Bragan\u00e7a, 18 e 19 de julho de 2019. ISBN: 978-972-745-262-0 Rodrigues, M.A. 2017. Amendoeira: estado da produ\u00e7\u00e3o (Coordenador cient\u00edfico). Centro Nacional de Compet\u00eancias dos Frutos Secos. ISBN: 978-989-99857-9-7 Rodrigues, M.A, S\u00e1 Morais, J., Castro, J.P. 2015. Livro de [&hellip;]<\/p>\n","protected":false},"author":1,"featured_media":0,"parent":0,"menu_order":0,"comment_status":"closed","ping_status":"open","template":"","meta":[],"_links":{"self":[{"href":"https:\/\/esa.ipb.pt\/cv\/angelor\/wp-json\/wp\/v2\/pages\/27"}],"collection":[{"href":"https:\/\/esa.ipb.pt\/cv\/angelor\/wp-json\/wp\/v2\/pages"}],"about":[{"href":"https:\/\/esa.ipb.pt\/cv\/angelor\/wp-json\/wp\/v2\/types\/page"}],"author":[{"embeddable":true,"href":"https:\/\/esa.ipb.pt\/cv\/angelor\/wp-json\/wp\/v2\/users\/1"}],"replies":[{"embeddable":true,"href":"https:\/\/esa.ipb.pt\/cv\/angelor\/wp-json\/wp\/v2\/comments?post=27"}],"version-history":[{"count":6,"href":"https:\/\/esa.ipb.pt\/cv\/angelor\/wp-json\/wp\/v2\/pages\/27\/revisions"}],"predecessor-version":[{"id":128,"href":"https:\/\/esa.ipb.pt\/cv\/angelor\/wp-json\/wp\/v2\/pages\/27\/revisions\/128"}],"wp:attachment":[{"href":"https:\/\/esa.ipb.pt\/cv\/angelor\/wp-json\/wp\/v2\/media?parent=27"}],"curies":[{"name":"wp","href":"https:\/\/api.w.org\/{rel}","templated":true}]}}