{"id":25,"date":"2014-12-02T15:34:59","date_gmt":"2014-12-02T15:34:59","guid":{"rendered":"https:\/\/esa.ipb.pt\/cv\/angelor\/?page_id=25"},"modified":"2020-06-02T14:51:27","modified_gmt":"2020-06-02T14:51:27","slug":"technical-papers-and-advisory-reports","status":"publish","type":"page","link":"https:\/\/esa.ipb.pt\/cv\/angelor\/technical-papers-and-advisory-reports\/","title":{"rendered":"Technical papers and advisory reports"},"content":{"rendered":"<ol reversed=\"\">\n<li>Rodrigues, M.A. 2020. Cannabis sativa, uma planta com futuro. Revista da Associa\u00e7\u00e3o Portuguesa de Horticultura 135: 24-28.<\/li>\n<li>Rodrigues, M.A., Barroso, V., Pereira, A., Arrobas, M. 2019. Resposta do castanheiro \u00e0 aplica\u00e7\u00e3o de fertilizantes organo-minerais e de liberta\u00e7\u00e3o controlada de nutrientes. Revista Vida Rural (Setembro 2019): 38-44.<\/li>\n<li>Rodrigues, M.A. 2019. L\u00fapulo: o fim de uma cultura m\u00edtica da agricultura portuguesa pode ser evitado. Revista Voz do Campo (Junho, 2019), pp. 28-30.<\/li>\n<li>Rodrigues, M.A., Raimundo, S., Arrobas, M. 2019. Um olhar sobre a gest\u00e3o do solo em olival face ao aquecimento global. Revista Voz do Campo (Mar\u00e7o, 2019), Agroci\u00eancia V, 56-57.<\/li>\n<li>Rodrigues, M.A. Sandra, A., Arrobas, M. 2018. \u00cdndices de sufici\u00eancia para interpreta\u00e7\u00e3o de an\u00e1lise foliar de ervas arom\u00e1ticas. AGROTEC 29 (Dezembro): 64-66.<\/li>\n<li>Rodrigues, M.A. Ribeiro, A.C., Arrobas, M. 2018. Fertiliza\u00e7\u00e3o de soutos e amendoais. AGROTEC (Setembro): 32-35.<\/li>\n<li>Ribeiro, A.C., Feliciano, M., Blanco-Ward, D., Barreales, D., Castro, J.P., Verdial, J., Pires, J., Rodrigues, M.A., Miranda, A. 2018. Efeitos potenciais do ozono na vinha. Revista da Associa\u00e7\u00e3o Portuguesa de Horticultura, n\u00ba 129, junho de 2018.<\/li>\n<li>Rodrigues, M.A., Bento, A., Arrobas, M. 2018. A amendoeira: estado da produ\u00e7\u00e3o. Revista Voz do Campo (Junho, 2018), Agroci\u00eancia I-II.<br \/>\n25. Rodrigues, M.A., Arrobas, M. 2018. Leguminosas na gest\u00e3o do solo em olivais. Revista Agrotec, mar\u00e7o 2017: 24-27<\/li>\n<li>Rodrigues, M.A., Arrobas, M. 2018. Manuten\u00e7\u00e3o do solo. Projeto Amendoeira. Projeto PRODER 54610 \u2013 Medida 4.1.<\/li>\n<li>Arrobas, M., Rodrigues, M.A. 2018. Fertiliza\u00e7\u00e3o do amendoal. Projeto Amendoeira. Projeto PRODER 54610 \u2013 Medida 4.1.<\/li>\n<li>Arrobas, M., Rodrigues, M.A. 2018. Adapta\u00e7\u00e3o ecol\u00f3gica da amendoeira. Projeto Amendoeira. Projeto PRODER 54610 \u2013 Medida 4.1.<\/li>\n<li>Rodrigues, M.A., Lopes, J.I., Arrobas, M. 2017. A poda n\u00e3o aumenta a produ\u00e7\u00e3o da oliveira. Revista Voz do Campo (Ago-Set, 2017), Agroci\u00eancia III-IV.<\/li>\n<li>Rodrigues, M.A, Pra\u00e7a, P., Arrobas, M. 2017. Aplica\u00e7\u00e3o do composto Ferti Tr\u00e1s-os-Montes nas culturas dominantes na regi\u00e3o. Revista Voz do Campo (abril, 2017), Agroci\u00eancia IV-V.<\/li>\n<li>Arrobas, M., Sandra, A., Ferreira, I. Rodrigues, M.A. 2016. Estudos de fertiliza\u00e7\u00e3o do castanheiro: resultados preliminares. Revista Voz do Campo (jan\/fev 2015): Agroci\u00eancia VIII-IX.<\/li>\n<li>Rodrigues, M.A., Castro, J.P.M., S\u00e1 Morais, J. 2015. A cultura do l\u00fapulo em Portugal: passado, presente e futuro. Revista Voz do Campo (julho 2015): 40-41.<\/li>\n<li>Rodrigues, M.A., Sousa, M.J., Arrobas, M. 2015. Instala\u00e7\u00e3o de Plantas Arom\u00e1ticas e Medicinais. Revista Voz do Campo \u2013 Se\u00e7\u00e3o Agroci\u00eancia: X-XI (abril de 2015).<\/li>\n<li>Rodrigues, M.A., Sousa, M.J., Arrobas, M. 2015. Adapta\u00e7\u00e3o da st\u00e9via \u00e0s condi\u00e7\u00f5es ecol\u00f3gicas de Portugal. Revista Voz do Campo \u2013 Se\u00e7\u00e3o Agroci\u00eancia: II-III (fevereiro de 2015).<\/li>\n<li>Rodrigues, M.A., Sousa, M.J., Arrobas, M. 2014. Plantas arom\u00e1ticas e medicinais: alguns constrangimentos ao desenvolvimento do setor. Revista da Associa\u00e7\u00e3o Portuguesa de Horticultura, No 113 (janeiro\/mar\u00e7o): 26-29.<\/li>\n<li>Rodrigues, M.A; Caseiro, R.; Pedro, D.; Lopes, J.I. 2014. A poda (limpa) do olival tradicional. OlivaTMAD, Rede Tem\u00e1tica de Informa\u00e7\u00e3o e Divulga\u00e7\u00e3o da Fileira Oliv\u00edcola em Tr\u00e1s-os-Montes e Alto Douro. Boletim T\u00e9cnico N\u00ba 4, janeiro de 2014 (ISSN 2182-2778). 4p.<\/li>\n<li>Rodrigues, M.A. 2013. Introdu\u00e7\u00e3o de leguminosas pratenses na gest\u00e3o do solo em olivais de sequeiro. Trifolia (Boletim N\u00ba 4, abril de 2013), Sociedade Portuguesa de Pastagens e Forragens.<\/li>\n<li>Rodrigues, M.A., Ferreira, I.Q., Arrobas, M., Almeida, ACF. 2013. A colza pode dinamizar o setor arvense de sequeiro. Vida Rural (jul.\/ago.): 34-36.<\/li>\n<li>Rodrigues, M.A; Arrobas, M. 2013. Que fertilizantes usar em olival e como os aplicar. OlivaTMAD, Rede Tem\u00e1tica de Informa\u00e7\u00e3o e Divulga\u00e7\u00e3o da Fileira Oliv\u00edcola em Tr\u00e1s-os-Montes e Alto Douro. Boletim T\u00e9cnico N\u00ba 3, fevereiro de 2013 (ISSN 2182-2778). 4p.<\/li>\n<li>Rodrigues, M.A; Arrobas, M. 2013. Principais problemas nutricionais dos olivais transmontanos e que quantidades de fertilizantes aplicar. OlivaTMAD, Rede Tem\u00e1tica de Informa\u00e7\u00e3o e Divulga\u00e7\u00e3o da Fileira Oliv\u00edcola em Tr\u00e1s-os-Montes e Alto Douro. Boletim T\u00e9cnico N\u00ba 2, janeiro de 2013 (ISSN 2182-2778). 4p.<\/li>\n<li>Rodrigues, M.A., Arrobas, M. 2011. O fen\u00f3meno da safra e contra safra em olival. Oleavitis 8: 10-12 (Out.\/Nov\/Dez. 2011).<\/li>\n<li>Arrobas, M., Ferreira, I.Q., Claro, M., Correia, C.M., Moutinho-Pereira, J., Rodrigues, M.A. 2011. Introdu\u00e7\u00e3o de cobertos de leguminosas anuais em olival. Vida Rural: 32-34 (Outubro 2011)<\/li>\n<li>Rodrigues, M.A. 2011. Monitoriza\u00e7\u00e3o de infestantes no olival. OlivaTMAD, Rede Tem\u00e1tica de Informa\u00e7\u00e3o e Divulga\u00e7\u00e3o da Fileira Oliv\u00edcola em Tr\u00e1s-os-Montes e Alto Douro. Boletim T\u00e9cnico N\u00ba 1, Julho de 2011 (ISSN 2182-2778). 4p.<\/li>\n<li>Rodrigues, M.A., Pav\u00e3o, F., Oliveira, J., Arrobas, M. 2010. Gest\u00e3o da vegeta\u00e7\u00e3o herb\u00e1cea em olival biol\u00f3gico. Revista da Associa\u00e7\u00e3o Portuguesa de Horticultura, No 102 (Julho-Agosto-Setembro): 17-20.<\/li>\n<li>Rodrigues, M.A., Cordeiro, A., Arrobas, M. 2010. Gest\u00e3o da vegeta\u00e7\u00e3o herb\u00e1cea em vinha e olival. Oleavitis 4: 12-15 (Out.\/Nov. 2010).<\/li>\n<li>Rodrigues, M.A., Ferreira, I., Arrobas, M. 2009. Ensaios com cultivares de Inverno de colza em Tr\u00e1s-os-Montes. Vida Rural: 30-32 (Outubro 2009).<\/li>\n<li>Rodrigues, M.A., Correia, C., Pav\u00e3o, F., Lopes, J.E., Arrobas, M., Moutinho Pereira, J., Cabanas. J.E. 2007. Diminuir a contra-safra em olivais de sequeiro. Revista Frutas, Legumes e Flores (Ed. Especial Olival e Azeite): 22-24.<\/li>\n<li>Rodrigues, M.A. 2006. Utiliza\u00e7\u00e3o de boro em olivais de sequeiro. Mensageiro de Bragan\u00e7a, Se\u00e7\u00e3o T\u00e9cnica \u201c\u00c0 m\u00e3o de semear\u201d (4 de Maio de 2006), pp. 24.<\/li>\n<li>Rodrigues, M.A. 2005. Manuten\u00e7\u00e3o do solo em olivais de sequeiro. Ouro Virgem (Revista do Museu da Oliveira e do Azeite), 2: 65-69.<\/li>\n<li>Lopes, J., Rodrigues, M.A. 2005. Manuten\u00e7\u00e3o do solo em olivais de Tr\u00e1s-os-Montes. Agricultura Transmontana (Revista da Dire\u00e7\u00e3o Regional de Agricultura e Pescas do Norte), 62: 11-12.<\/li>\n<\/ol>\n","protected":false},"excerpt":{"rendered":"<p>Rodrigues, M.A. 2020. Cannabis sativa, uma planta com futuro. Revista da Associa\u00e7\u00e3o Portuguesa de Horticultura 135: 24-28. Rodrigues, M.A., Barroso, V., Pereira, A., Arrobas, M. 2019. Resposta do castanheiro \u00e0 aplica\u00e7\u00e3o de fertilizantes organo-minerais e de liberta\u00e7\u00e3o controlada de nutrientes. Revista Vida Rural (Setembro 2019): 38-44. Rodrigues, M.A. 2019. L\u00fapulo: o fim de uma cultura [&hellip;]<\/p>\n","protected":false},"author":1,"featured_media":0,"parent":0,"menu_order":0,"comment_status":"closed","ping_status":"open","template":"","meta":[],"_links":{"self":[{"href":"https:\/\/esa.ipb.pt\/cv\/angelor\/wp-json\/wp\/v2\/pages\/25"}],"collection":[{"href":"https:\/\/esa.ipb.pt\/cv\/angelor\/wp-json\/wp\/v2\/pages"}],"about":[{"href":"https:\/\/esa.ipb.pt\/cv\/angelor\/wp-json\/wp\/v2\/types\/page"}],"author":[{"embeddable":true,"href":"https:\/\/esa.ipb.pt\/cv\/angelor\/wp-json\/wp\/v2\/users\/1"}],"replies":[{"embeddable":true,"href":"https:\/\/esa.ipb.pt\/cv\/angelor\/wp-json\/wp\/v2\/comments?post=25"}],"version-history":[{"count":6,"href":"https:\/\/esa.ipb.pt\/cv\/angelor\/wp-json\/wp\/v2\/pages\/25\/revisions"}],"predecessor-version":[{"id":127,"href":"https:\/\/esa.ipb.pt\/cv\/angelor\/wp-json\/wp\/v2\/pages\/25\/revisions\/127"}],"wp:attachment":[{"href":"https:\/\/esa.ipb.pt\/cv\/angelor\/wp-json\/wp\/v2\/media?parent=25"}],"curies":[{"name":"wp","href":"https:\/\/api.w.org\/{rel}","templated":true}]}}