{"id":23,"date":"2014-12-02T15:34:32","date_gmt":"2014-12-02T15:34:32","guid":{"rendered":"https:\/\/esa.ipb.pt\/cv\/angelor\/?page_id=23"},"modified":"2020-06-02T14:50:07","modified_gmt":"2020-06-02T14:50:07","slug":"book-chapters","status":"publish","type":"page","link":"https:\/\/esa.ipb.pt\/cv\/angelor\/book-chapters\/","title":{"rendered":"Book Chapters"},"content":{"rendered":"<ol reversed=\"\">\n<li>Rodrigues, M.A., Arrobas, M. 2020. Cover cropping for increasing fruit production and farming sustainability. In: Srivastava, A.K., Hu, C. (Eds), Fruit Crops: Diagnosis and Management of Nutrient Constraints. Elsevier, Amsterdam, The Netherlands. pp, 279-295.<\/li>\n<li>Ribeiro, A.C.; Blanco-Ward, D.; Barreales, D.; Castro, J.; Andrade, J. V.; Pires, J.; Rodrigues, M.A.; Feliciano, M.; Miranda, A. 2018 Efeitos potenciais do ozono na cultura da vinha In: A.I. Miranda, Ribeiro, A.C.; Rocha, A.; Monteiro, A. (Eds) 2018. DOUROZONE &#8211; Risco de ozono para a vinha Duriense em clima atual e futuro. UA Editora, Aveiro, 29-40 pp. ISBN 978-972-789-552-6.<\/li>\n<li>Bento, A., Rodrigues, M.A., Pereira, J.A. 2017. Sistemas de condu\u00e7\u00e3o e poda (cap. 8); In M. A. Rodrigues (Coordenador cient\u00edfico). Amendoeira: Estado da Produ\u00e7\u00e3o. pp. 275-302. ISBN: 978-989-99857-9-7.<\/li>\n<li>Arrobas, M., Rodrigues, M.A. 2017. Fertiliza\u00e7\u00e3o (cap. 7); In M. A. Rodrigues (Coordenador cient\u00edfico). Amendoeira: Estado da Produ\u00e7\u00e3o. pp. 232-274. ISBN: 978-989-99857-9-7.<\/li>\n<li>Rodrigues, M.A., Arrobas, M. 2017. Manuten\u00e7\u00e3o do Solo (cap. 6); In M. A. Rodrigues (Coordenador cient\u00edfico). Amendoeira: Estado da Produ\u00e7\u00e3o. pp. 185-231. ISBN: 978-989-99857-9-7.<\/li>\n<li>Rodrigues, M.A., Correia, C. 2009. O ciclo bienal da oliveira. <em>In<\/em> M.A. Rodrigues e C. Correia (Eds.). Manual da Safra e contra Safra do Olival. Inst. Pol. Bragan\u00e7a. pp. 17-20. ISBN 978-972-745-103-6.<\/li>\n<li>Rodrigues, M.A., Cabanas, J.E. 2009. Manuten\u00e7\u00e3o do solo. <em>In<\/em> M.A. Rodrigues e C. Correia (Eds.). Manual da Safra e contra Safra do Olival. Inst. Pol. Bragan\u00e7a. pp. 41-57. ISBN 978-972-745-103-6.<\/li>\n<li>Lopes, J., Pinto, J., Rodrigues, M.A. 2009. Condu\u00e7\u00e3o e poda. <em>In<\/em> M.A. Rodrigues e C. Correia (Eds.). Manual da Safra e contra Safra do Olival. Inst. Pol. Bragan\u00e7a. pp. 69-78. ISBN 978-972-745-103-6.<\/li>\n<li>Lopes, J.I., Pav\u00e3o, F., Rodrigues, M.A. 2009. Colheita da Azeitona. <em>In<\/em> M.A. Rodrigues e C. Correia (Eds.). Manual da Safra e contra Safra do Olival. Inst. Pol. Bragan\u00e7a. pp. 89-94. ISBN 978-972-745-103-6.<\/li>\n<li>Rodrigues, M.A., Cabanas, J.E. 2007. As Infestantes. <em>In<\/em> Torres, L. (ed.) Manual da Protec\u00e7\u00e3o Integrada do Olival. Jo\u00e3o Azevedo Editor, Viseu, pp. 357-376. ISBN 978-972-9001-92-5.<\/li>\n<li>Rodrigues, M.A., Coutinho, J.F. 2000. Efici\u00eancia de utiliza\u00e7\u00e3o do azoto pelas plantas. <em>S\u00e9rie Estudos<\/em>, n\u00ba 47. Instituto Polit\u00e9cnico de Bragan\u00e7a, 48 p. ISBN 972-945-053-9.<\/li>\n<\/ol>\n","protected":false},"excerpt":{"rendered":"<p>Rodrigues, M.A., Arrobas, M. 2020. Cover cropping for increasing fruit production and farming sustainability. In: Srivastava, A.K., Hu, C. (Eds), Fruit Crops: Diagnosis and Management of Nutrient Constraints. Elsevier, Amsterdam, The Netherlands. pp, 279-295. Ribeiro, A.C.; Blanco-Ward, D.; Barreales, D.; Castro, J.; Andrade, J. V.; Pires, J.; Rodrigues, M.A.; Feliciano, M.; Miranda, A. 2018 Efeitos [&hellip;]<\/p>\n","protected":false},"author":1,"featured_media":0,"parent":0,"menu_order":0,"comment_status":"closed","ping_status":"open","template":"","meta":[],"_links":{"self":[{"href":"https:\/\/esa.ipb.pt\/cv\/angelor\/wp-json\/wp\/v2\/pages\/23"}],"collection":[{"href":"https:\/\/esa.ipb.pt\/cv\/angelor\/wp-json\/wp\/v2\/pages"}],"about":[{"href":"https:\/\/esa.ipb.pt\/cv\/angelor\/wp-json\/wp\/v2\/types\/page"}],"author":[{"embeddable":true,"href":"https:\/\/esa.ipb.pt\/cv\/angelor\/wp-json\/wp\/v2\/users\/1"}],"replies":[{"embeddable":true,"href":"https:\/\/esa.ipb.pt\/cv\/angelor\/wp-json\/wp\/v2\/comments?post=23"}],"version-history":[{"count":9,"href":"https:\/\/esa.ipb.pt\/cv\/angelor\/wp-json\/wp\/v2\/pages\/23\/revisions"}],"predecessor-version":[{"id":126,"href":"https:\/\/esa.ipb.pt\/cv\/angelor\/wp-json\/wp\/v2\/pages\/23\/revisions\/126"}],"wp:attachment":[{"href":"https:\/\/esa.ipb.pt\/cv\/angelor\/wp-json\/wp\/v2\/media?parent=23"}],"curies":[{"name":"wp","href":"https:\/\/api.w.org\/{rel}","templated":true}]}}