{"id":21,"date":"2014-12-02T15:34:05","date_gmt":"2014-12-02T15:34:05","guid":{"rendered":"https:\/\/esa.ipb.pt\/cv\/angelor\/?page_id=21"},"modified":"2019-01-25T15:29:42","modified_gmt":"2019-01-25T15:29:42","slug":"papers-in-other-peer-review-non-isi-journals","status":"publish","type":"page","link":"https:\/\/esa.ipb.pt\/cv\/angelor\/papers-in-other-peer-review-non-isi-journals\/","title":{"rendered":"Papers in other peer review non-ISI Journals"},"content":{"rendered":"<ol reversed=\"\">\n<li>Rodrigues, M.A., Raimundo, S., Arrobas, M. 2019. Cover Cropping in Rainfed Fruticulture. World J Agri &amp; Soil Sci. 1(3): WJASS.MS.ID.000511.<\/li>\n<li>Carvalho, A.M., Rodrigues, M.A. 2017. Estacaria de Aloysia citrodora Palau: ensaios de enraizamento em estufa e sob diferentes condi\u00e7\u00f5es. Revista de Ci\u00eancias Agr\u00e1rias, 40 (especial): 50-58.<\/li>\n<li>Rodrigues, M.A., Ferreira, I.Q., Afonso, S., Sousa, M.J. Arrobas, M. 2017. Cultivar Stevia rebaudiana Bertoni em Braganla: orienta\u00e7\u00f5es para a t\u00e9cnica cultural. Revista de Ci\u00eancias Agr\u00e1rias, 40 (especial): 41-49.<\/li>\n<li>Correia, C. M., Brito, C., Fernandes-Silva, A., Bacelar, E., Gon\u00e7alves, B. M., Ferreira, H., Arrobas, M., Moutinho-Pereira, J. M., Rodrigues, M. A., 2013. Sustainable management of olive rainfed orchards by the introduction of leguminous cover crops. Ecology &amp; Safety, 7(1): 146-156.<\/li>\n<li>Rodrigues, M.A. 2013. Introdu\u00e7\u00e3o de leguminosas pratenses na gest\u00e3o do solo em olivais de sequeiro. Trifolia (Boletim N\u00ba 4, abril de 2013), Sociedade Portuguesa de Pastagens e Forragens.<\/li>\n<li>Aguiar, C., Rodrigues, M.A., Fern\u00e1ndez-Nunez, M.E., Domingos, T., Pires, J. 2012. The effect of soil microtopographic gradients on dry matter yield and species richness in two Mediterranean pastures. Options M\u00e9diterran\u00e9ennes 102: 295-298.<\/li>\n<li>Rodrigues, M.A., Pires, J.M., Claro, M., Ferreira, I.Q., Barbosa, J.C., Arrobas, M. 2013. Instala\u00e7\u00e3o de leguminosas anuais de ressementeira natural como cobertos vegetais em olivais de sequeiro. Revista Pastagens e Forragens 32\/33: 85-97.<\/li>\n<li>Arrobas, M., Claro, M., Ferreira, I.Q., Rodrigues, M.A.2013. Pastagens tempor\u00e1rias na rota\u00e7\u00e3o como forma de promover a fertilidade do solo. Revista Pastagens e Forragens 32\/33: 143-156.<\/li>\n<li>Rodrigues, M.A., Ferreira, I., Arrobas, M. 2010. Ensaios com cultivares de Inverno, doses de azoto e profundidades de sementeira em Tr\u00e1s-os-Montes. Revista de Ci\u00eancias Agr\u00e1rias XXXIII (2): 27-39.<\/li>\n<li>Rodrigues, M.A., Cabanas, J.E., Lopes, J.I., Pav\u00e3o, F., Aguiar, C., Arrobas, M. 2009. Grau de cobertura do solo e din\u00e2mica da vegeta\u00e7\u00e3o em olivais de sequeiro com a introdu\u00e7\u00e3o de herbicidas. Revista de Ci\u00eancias Agr\u00e1rias XXXII (2): 30-42.<\/li>\n<li>Arrobas, M., Rodrigues M.A. 2009. Efeito da aduba\u00e7\u00e3o azotada, fosfatada e pot\u00e1ssica na cultura da batata. Produtividade e efici\u00eancia de uso dos nutrientes. Revista de Ci\u00eancias Agr\u00e1rias XXXI (1): 101-111.<\/li>\n<li>Pereira, A., Rodrigues, M.A., Arrobas M. 2009. Avalia\u00e7\u00e3o da liberta\u00e7\u00e3o de azoto a partir de correctivos org\u00e2nicos utilizando membranas de troca ani\u00f3nica e um medidor de clorofila SPAD-502. Revista de Ci\u00eancias Agr\u00e1rias XXXI (1): 27-39.<\/li>\n<li>Rodrigues M.A., Pereira, J.A., Arrobas, M., Andrade, P.B., Bento, A. 2009. Resposta da couve Tronchuda (Brassica oleracea var. costata) \u00e0 aplica\u00e7\u00e3o de azoto e boro e de um fertilizante org\u00e2nico autorizado em Agricultura Biol\u00f3gica. Revista de Ci\u00eancias Agr\u00e1rias XXXI (1): 93-100.<\/li>\n<li>Arrobas, M., Tom\u00e1s, P., Rodrigues, M.A. 2009. Efeito de fertilizantes minerais e org\u00e2nicos na produ\u00e7\u00e3o de azev\u00e9m (Lolium multiflorum L.): produ\u00e7\u00e3o de mat\u00e9ria seca e azoto aparentemente recuperado. Revista de Ci\u00eancias Agr\u00e1rias XXXI (1): 112-120.<\/li>\n<li>Santos, H., Rodrigues, M.A., Dias, L.G., Arrobas, M. 2008. Evaluation of slow release nitrogen fertilization for tall cabbage grown in autumn. Italian Journal of Agronomy, vol. 3, No. 3, suppl. 161-162.<\/li>\n<li>Ruivo, S., Arrobas, M., Rodrigues, M.A. 2008. Soil phosphorus dynamic in an olive orchard grown under different weed-control systems. Italian Journal of Agronomy, vol. 3, No. 3, suppl. 245-246.<\/li>\n<li>Rodrigues, M.A., Arrobas, M., Bonif\u00e1cio, N. 2005. An\u00e1lise de terras em olivais tradicionais de sequeiro. O efeito da aplica\u00e7\u00e3o localizada de fertilizantes. Revista de Ci\u00eancias Agr\u00e1rias Vol. XXVIII, 2: 167-176.<\/li>\n<li>Rodrigues, M.A., Martins, F., Coutinho, J. 2004. Efeito da idade fisiol\u00f3gica, do calibre e do corte da semente no desenvolvimento e produ\u00e7\u00e3o da cultura da batata (cv. D\u00e9sir\u00e9e). Revista de Ci\u00eancias Agr\u00e1rias. Vol. XXVII (2\/4): 28-39.<\/li>\n<li>Rodrigues, M.A., Coutinho, J., Martins, F., Soutinho, J.C. 2001. Fertiliza\u00e7\u00e3o azotada da batateira. Produtividade e aspectos qualitativos da cv. D\u00e9sire\u00e9. Revista de Ci\u00eancias Agr\u00e1rias. Vol. XXIV (3 &amp; 4): 184-192.<\/li>\n<li>Rodrigues, M.A., Bento, A., Lopes, J.I., Torres, L., Pereira, J.A. 2001. Manuten\u00e7\u00e3o da superf\u00edcie do solo em olival. Revista de Ci\u00eancias Agr\u00e1rias. Vol. XXIV (1&amp;2): 20-25.<\/li>\n<\/ol>\n","protected":false},"excerpt":{"rendered":"<p>Rodrigues, M.A., Raimundo, S., Arrobas, M. 2019. Cover Cropping in Rainfed Fruticulture. World J Agri &amp; Soil Sci. 1(3): WJASS.MS.ID.000511. Carvalho, A.M., Rodrigues, M.A. 2017. Estacaria de Aloysia citrodora Palau: ensaios de enraizamento em estufa e sob diferentes condi\u00e7\u00f5es. Revista de Ci\u00eancias Agr\u00e1rias, 40 (especial): 50-58. Rodrigues, M.A., Ferreira, I.Q., Afonso, S., Sousa, M.J. Arrobas, [&hellip;]<\/p>\n","protected":false},"author":1,"featured_media":0,"parent":0,"menu_order":0,"comment_status":"closed","ping_status":"open","template":"","meta":[],"_links":{"self":[{"href":"https:\/\/esa.ipb.pt\/cv\/angelor\/wp-json\/wp\/v2\/pages\/21"}],"collection":[{"href":"https:\/\/esa.ipb.pt\/cv\/angelor\/wp-json\/wp\/v2\/pages"}],"about":[{"href":"https:\/\/esa.ipb.pt\/cv\/angelor\/wp-json\/wp\/v2\/types\/page"}],"author":[{"embeddable":true,"href":"https:\/\/esa.ipb.pt\/cv\/angelor\/wp-json\/wp\/v2\/users\/1"}],"replies":[{"embeddable":true,"href":"https:\/\/esa.ipb.pt\/cv\/angelor\/wp-json\/wp\/v2\/comments?post=21"}],"version-history":[{"count":4,"href":"https:\/\/esa.ipb.pt\/cv\/angelor\/wp-json\/wp\/v2\/pages\/21\/revisions"}],"predecessor-version":[{"id":112,"href":"https:\/\/esa.ipb.pt\/cv\/angelor\/wp-json\/wp\/v2\/pages\/21\/revisions\/112"}],"wp:attachment":[{"href":"https:\/\/esa.ipb.pt\/cv\/angelor\/wp-json\/wp\/v2\/media?parent=21"}],"curies":[{"name":"wp","href":"https:\/\/api.w.org\/{rel}","templated":true}]}}