{"id":19,"date":"2014-12-02T15:33:08","date_gmt":"2014-12-02T15:33:08","guid":{"rendered":"https:\/\/esa.ipb.pt\/cv\/angelor\/?page_id=19"},"modified":"2020-06-02T14:48:44","modified_gmt":"2020-06-02T14:48:44","slug":"papers-in-isi-journals","status":"publish","type":"page","link":"https:\/\/esa.ipb.pt\/cv\/angelor\/papers-in-isi-journals\/","title":{"rendered":"Papers in JCR\/ISI Journals"},"content":{"rendered":"<ol reversed=\"\">\n<li>Ferreira, I.Q., Arrobas, M., Moutinho-Pereira, J.M., Correia, C.M., Rodrigues, M.A. 0000 The effect of nitrogen applications on the growth of young olive trees and nitrogen 3 use efficiency. Turkish Journal of Agriculture and Forestry. DOI: 10.3906\/tar-1905-26<\/li>\n<li>Rodrigues, M.A., Grade, V., Barroso, V., Pereira, A., Cassol. L.C., Arrobas, M. 2019. Chestnut response to organo-mineral and controlled-release fertilizers in rainfed growing conditions. Journal of Soil Science and Plant Nutrition 19 (4): 00-00. \/doi.org\/10.1007\/s42729-019-00119-7.<\/li>\n<li>Rodrigues, M.A., Garmus, T., Arrobas, M., Gon\u00e7alves, A., Silva, E., Rocha, L., Pinto, L., Brito, C., Martins, S., Vargas, T., Correia, C. Combined biochar and organic waste have little effect on chemical soil properties and plant growth. Spanish Journal of Soil Science 9 (3): 199-211. DOI: 10.3232\/SJSS.2019.V9.N3.04<\/li>\n<li>Gonl\u00e7alves, A., Silva, E., Brito, C., Martins, S., Pinto, L., Dinis, L.T., Luzio, A., Martins-Gomes, C., Fernandes-Silva, A., Ribeiro, C., Rodrigues, M.A., Moutinho-Pereira, J., Nunes, F.M., Correia, C.M. 2019. Olive tree physiology and chemical composition of fruits are modulated by different deficit irrigation strategies. Journal of the Science of Food and Agriculture. DOI 10.1002\/jsfa.10064.<\/li>\n<li>Rodigues, M.A., Coelho, V., Arrobas, M., Gouveia, E., Raimundo, S., Correia, C., Bento, A. 2019. The effect of nitrogen fertilization on the incidence of olive fruit fly, olive leaf spot and olive anthracnose in two olive cultivars grown in rainfed conditions. Scientia Horticulturae 256: 00-00. https:\/\/doi.org\/10.1016\/j.scienta.2019.108658<\/li>\n<li>Brito, C., Dinis, L.-T., Luzio, A., Silva, E., Gon\u00e7alves, A., Meij\u00f3n, M., Escand\u00f3n, M., Arrobas, M., Rodrigues, M.A., Moutinho-Pereira, J. Correia, C.M. 2019. Kaolin and salicylic acid alleviate summer stress in rainfed olive orchards by modulation of distinct physiological and biochemical response. Scientia Horticulturae 246 (27): 201-211. https:\/\/doi.org\/10.1016\/j.scienta.2018.10.059.<\/li>\n<li>Barreira, A., Arrobas, M., Cardoso, C., Rodrigues, M.A. 2019. Management of winter and summer weeds in vineyards and olive groves with an ecological fertilizer with herbicidal properties. Journal of Viticulture and Enology (Ci\u00eancia e T\u00e9cnica Vitivin\u00edcola) 34 (1): 36-47. https:\/\/doi.org\/10.1051\/ctv\/20193401036<\/li>\n<li>Arrobas, M., Santos, D., Ribeiro, A., Pereira, E., Rodrigues. M.A. 2019. Soil and foliar nitrogen and boron fertilization of almond trees grown under rainfed conditions. European Journal of Agronomy 106: 39\u201348. https:\/\/doi.org\/10.1016\/j.eja.2019.02.014<\/li>\n<li>Ferreira, I.Q., Rodrigues, M.A., Arrobas, M. 2019. Soil and foliar applied boron in olive: tree crop growth and yield, and boron remobilization within plant tissue. Spanish Journal of Agricultural Research, 17 (1), e0901. https:\/\/doi.org\/10.5424\/sjar\/2019171-13796<\/li>\n<li>Rodrigues, M.A., Afonso, S., Tipewa, N., Almeida, A.C.F., Arrobas, M. 2019. Quantification of loss in oil seed rape yield caused by delayed sowing date in a Mediterranean environment. Archives of Agronomy and Soil Science. DOI: 10.1080\/03650340.2019.1572119<\/li>\n<li>Aires, Alfredo, Morais, Maria Cristina, Barreales, David, Rodrigues, M.A., Ribeiro, A.C., Gon\u00e7alves, B., Silva, A.P. 2018.Variation of almond yield, biometry, \u03b1-tocopherol levels and antioxidant properties with nitrogen fertilization. Journal Food Biochemistry 2018; 42:e12685 doi: 10.1111\/jfbc.12685<\/li>\n<li>Ferreira, I.Q., Arrobas, M., Moutinho-Pereira, J.M., Correia, C., Rodrigues, M.A. 2018. Olive response to potassium applications under different water regimes and cultivars. Nutrient Cycling in Agroecosystems 112: 387-401. Doi:10.1007\/s10705-018-9954-2.<\/li>\n<li>Arrobas, M., Ferreira, I.Q. Afonso, S. Rodrigues, M.A. 2018. Sufficiency ranges and crop nutrient removals for peppermint (Mentha 1 x piperita L.) established from field and pot fertilizer experiments. Comm. Soil Sci. Plant Anal. 49(14): 1719-1730. DOI:10.1080\/00103624.2018.1474909<\/li>\n<li>Rodrigues, M.A. Lopes, J.I., Ferreira, I.Q., Arrobas, M. 2018. Olive tree response to the severity of pruning. Turkish Journal of Agriculture and Forestry 42: 103-113. doi:10.3906\/tar-1708-56<\/li>\n<li>Brito, C\u00e1tia, Dinis, Lia-T\u00e2nia, Silva, Ermelinda, Gon\u00e7alves, Alexandre, Matos, Carlos, Rodrigues, M. \u00c2ngelo, Moutinho-Pereira, Jos\u00e9, Baros, Ana, Correia, Carlos. 2018. Kaolin and salicylic acid foliar application modulate yield, quality and phytochemical composition of olive pulp and oil from rainfed trees. Scientia Horticulturae 237, 176\u2013183. https:\/\/doi.org\/10.1016\/j.scienta.2018.04.019<\/li>\n<li>Afonso, S., Arrobas, M., Ferreira, I.Q., Rodrigues, M.A. 2018. Leaf nutrient concentration standards for lemon verbena (Aloysia citrodora Pal\u00e1u) obtained from field and pot fertilization experiments. Journal of Applied Research on Medicinal and Aromatic Plants 8: 33-40. https:\/\/doi.org\/10.1016\/j.jarmap.2017.09.004<\/li>\n<li>Ferreira, I.Q., Rodrigues, M.A., Moutinho-Pereira, J.M., Correia, C., Arrobas, M. 2018. Olive tree response to applied phosphorus in field and pot experiments. Scientia Horticulturae. Scientia Horticulturae 234 (2018) 236\u2013244. https:\/\/doi.org\/10.1016\/j.scienta.2018.02.050<\/li>\n<li>Rodrigues, M.A., Ferreira, I.Q., Afonso, S., Arrobas, M. 2018. Sufficiency ranges and nutrient removals in lemon balm based on crop response to applied nitrogen, phosphorus, potassium and boron. Journal of Plant Nutrition 41 (8): 996-1008. https:\/\/doi.org\/10.1080\/01904167.2018.1431671.<\/li>\n<li>Rodrigues, M.A., Ladeira, L.C., Arrobas, M. 2018. Azotobacter-enriched organic manures to increase nitrogen fixation and crop productivity. European Journal of Agronomy 93: 88-94. https:\/\/doi.org\/10.1016\/j.eja.2018.01.002<\/li>\n<li>Afonso, S., Arrobas, M., Ferreira, I.Q., Rodrigues, M.A. 2018. Assessing the potential use of two portable chlorophyll meters in diagnosing the nutritional status of plants. Journal of Plant Nutrition 41(2): 261-271. http:\/\/dx.doi.org\/10.1080\/01904167.2017.1385798<\/li>\n<li>Arrobas, M., Afonso, S., Rodrigues, M.A. 2018. Diagnosing the nutritional condition of chestnut groves by soil and leaf analyses. Scientia Horticulturae 228, 113\u2013121. http:\/\/dx.doi.org\/10.1016\/j.scienta.2017.10.027.<\/li>\n<li>Barroso, M.R., Martins, N., Barros, L., Antonio, A.L., Rodrigues, M.A., Sousa, M.J., Santos-Buelga, C., Ferreira, I.C.F.R. 2018. Assessment of the nitrogen fertilization effect on bioactive compounds of frozen fresh and dried samples of Stevia rebaudiana Bertoni. Food Chemistry 243: 208\u2013213. http:\/\/dx.doi.org\/10.1016\/j.foodchem.2017.09.137<\/li>\n<li>Arrobas, M., Afonso, S., Ferreira, I.Q., Moutinho-Pereiram J.M., Correia, C.M., Rodrigues, M.A. 2017. Liming and application of nitrogen, phosphorus, potassium and boron on a young plantation of Chestnut. Turkish Journal of Agriculture and Forestry, 41:441-451. doi:10.3906\/tar-1705-79.<\/li>\n<li>Arrobas, M., Lopes, H., Rodrigues, M.A. 2017. Urban agriculture in Bragan\u00e7a, Northeast Portugal: assessing the nutrient dynamic in the soil and plants, and their contamination with trace metals. Biological Agriculture &amp; Horticulture, 33 (1): 1-13. http:\/\/dx.doi.org\/10.1080\/01448765.2016.1172345.<\/li>\n<li>Rodrigues, M.A., Afonso, S., Ferreira, I.Q., Arrobas, M. 2017. Response of stevia to nitrogen fertilization and harvesting regime in Northeastern Portugal. Archives of Agronomy and Soil Science, 63(5): 626\u2013637 DOI: 10.1080\/03650340.2016.1230272.<\/li>\n<li>Barroso, M., Barros, L., Rodrigues, M.A., Sousa, M.J.S., Santos-Buelga, C., Ferreira, I.C.F.R. 2016. Stevia rebaudiana Bertoni cultivated in Portugal: A prospective study of its antioxidant potential in different conservation conditions. Ind. Crops and Products. Industrial Crops and Products 90: 49\u201355.<\/li>\n<li>Arrobas, M., Ferreira, I.Q., Claro, A.M., Rodrigues, M.A. 2015. The effect of legume species grown as cover crops in olive orchards on soil phosphorus bioavailability. The Journal of Plant Nutrition 38: 2294\u20132311. DOI: 10.1080\/01904167.2015.1009104<\/li>\n<li>Ferreira, I.Q., Rodrigues, M.A., Claro, A.M., Arrobas, M. 2015. Management of nitrogen-rich legume cover crops as a mulching in traditional olive orchards. Commun. Soil Sci. Plant Anal. 46: 1881-1894. (http:\/\/dx.doi.org\/10.1080\/00103624.2015.1059847).<\/li>\n<li>Arrobas, M., Aguiar, P., Rodrigues, M.A. 2015. A Comparison of a Pasture Ley with a Maize Monoculture on the Soil Fertility and Nutrient Release in the Succeeding Crop. Archives of Agronomy and Soil Science, 1-11 (http:\/\/dx.doi.org\/10.1080\/03650340.2015.1096014).<\/li>\n<li>Rodrigues, M.A., Dimande, P., Pereira, E., Ferreira, I.Q., Freitas, S., Correia, C.M., Moutinho-Pereira, J., Arrobas, M. 2015. Early-maturing annual legumes: an option for cover cropping in rainfed olive orchards. Nutrient Cycling in Agroecosystems 103:153\u2013166. (DOI: 10.1007\/s10705-015-9730-5).<\/li>\n<li>Rodrigues, M.A., Ferreira, I.Q., Freitas, S., Pires, J., Arrobas, M. 2015. Self-reseeding annual legumes for cover cropping in rainfed managed olive orchards. Spanish Journal of Agricultural Research. 13 (2): e0302, 13 pages. (http:\/\/dx.doi.org\/10.5424\/sjar\/2015132-6252).<\/li>\n<li>Arrobas, M., Ferreira, I.Q., Freitas, S., Verdial, J., Rodrigues, M.A. 2014. Guidelines for fertilizer use in vineyards based on nutrient content of grapevine parts. Scientia Horticulturae 172: 191-198. (http:\/\/dx.doi.org\/10.1016\/j.scienta.2014.04.016)<\/li>\n<li>Rodrigues, M.A., Correia, C.M., Claro, A.M., Ferreira, I.Q., Barbosa, J.C., Moutinho-Pereira, J.M., Bacelar, E.A., Fernandes-Silva, A.A., Arrobas, M. 2013. Soil nitrogen availability in olive orchards after mulching legume cover crop residues. Scientia Horticulturae 156: 45-51. DOI information: 10.1016\/j.scienta.2013.04.035.<\/li>\n<li>Ferreira, I.Q., Arrobas, M., Claro, A.M., Rodrigues, M.A. 2013. Soil management in rainfed olive orchards may result in conflicting effects on olive production and soil fertility. Spanish Journal of Agricultural Research 11 (2): 472-480.<\/li>\n<li>Arrobas, M., Rodrigues, M.A. 2013. Agronomic evaluation of a fertiliser with D-CODER technology, a new mechanism for the slow release of nutrients. Journal of Agricultural Science and Technology 15: 409-419.<\/li>\n<li>Arrobas, M., Fonseca, T., Parada, M.J., Rodrigues, M.A. (2012). The influence of sampling date on soil nitrogen availability indices Commun. Soil Sci Plant Anal. Communications in Soil Science and Plant Analysis 43: 2521-2534.<\/li>\n<li>Rodrigues, M.A., Ferreira, I.Q., Claro, A.M., Arrobas, M. 2012. Fertiliser recommendations for olive based upon nutrients removed in crop and pruning. Scientia Horticulturae 142: 205-211.<\/li>\n<li>Rodrigues, M.A., Lopes, J.I., Pav\u00e3o, F.M., Cabanas, J.E., Arrobas, M. (2011). Effect of soil management on olive yield and nutritional status of trees in rainfed orchards. Commun. Soil Sci. Plant Anal. 42: 993-2011.<\/li>\n<li>Arrobas, M., Parada, M.J., Magalh\u00e3es, P., Rodrigues, M.A. 2011. Nitrogen-use efficiency and economic efficiency of slow-release N fertilisers applied to irrigated turfs in a Mediterranean environment. Nutrient Cycling in Agroecosystems 89:329\u2013339.<\/li>\n<li>Rodrigues, M.A., Pav\u00e3o, F., Lopes, J.I., Gomes, V., Arrobas, M., Moutinho-Pereira, J., Ruivo, S., Cabanas, J.E., Correia, C.M. 2011. Olive yields and tree nutritional status during a four year period without nitrogen and boron fertilization. Commun. Soil Sci. Plant Anal. 42 (7): 803 &#8211; 814.<\/li>\n<li>Rodrigues, M.A., Gomes, V., Dias, L.G., Pires, J., Aguiar, C.F., Arrobas, M. 2010. Evaluation of soil nitrogen availability by growing tufts of nitrophilic species in an intensively grazed biodiverse legume-rich pasture. Spanish Journal of Agricultural Research 8 (4): 1058-1067.<\/li>\n<li>Arrobas, M., Lopes, J.I., Pav\u00e3o, F., Cabanas, J. E., Rodrigues, M.A. 2010. Comparative boron nutritional diagnosis for olive based on July and January leaf samplings. Commununications in Soil Science and Plant Anal. 41: 709-720.<\/li>\n<li>Rodrigues, M. A., Santos, H., Ruivo, S., Arrobas, M. 2010. Slow-release N fertilisers are not an alternative to urea for fertilisation of autumn-grown tall cabbage. European Journal of Agronomy, 32 (2): 137-143.<\/li>\n<li>Rodrigues, M.A., Arrobas, M. 2008. Effect of soil boron application on flower bud and leaf boron concentrations of olives. Acta Horticulturae, 791: 393-396.<\/li>\n<li>Guerra, L., Pereira, C., Rodrigues, M.A., Andrade, P.B., Ferreres, F. Seabra, R. M.. Valent\u00e3o, P. 2008. Targeted Metabolite Analysis and Antioxidant Potential of Rumex induratus. Journal of Agricultural and Food Chemistry, 56: 8184-8194.<\/li>\n<li>Oliveira, A.P, Pereira, D.M., Andrade P.B., Valent\u00e3o, P., Sousa, C., Pereira, J.A., Bento, A., Rodrigues, M.A., Seabra, R.M., Silva, B.M. 2008. Free amino acids of tronchuda cabbage (Brassica oleracea L. var. costata DC): influence of leaf position (internal or external) and collection time. Journal of Agricultural and Food Chemistry, 56: 5216-5221.<\/li>\n<li>Sousa, C., Pereira, D. M., Pereira, J. A., Bento, A., Rodrigues, M.A., Dopico-Garcia, S., Valent\u00e3o, P., Lopes, G., Ferreres, F., Seabra, R. M., Andrade, P. B. 2008. Multivariate Analysis of tronchuda cabbage (Brassica oleracea L. var. costata DC) phenolics: influence of fertilsers. Journal of Agricultural and Food Chemistry, 56: 2231-2239.<\/li>\n<li>Rodrigues, M.A., Sousa, L., Cabanas J. E., Arrobas, M. 2007. Tuber yield and leaf mineral composition of Jerusalem artichoke (Helianthus tuberosus L.) grown under different cropping practices. Spanish Journal of Agricultural Research, 5 (4): 545-553.<\/li>\n<li>Rodrigues, M.A., Pereira, A., Cabanas, J. E., Dias, L. Pires, J., Arrobas, M. 2006. Crops use-efficiency of nitrogen from manures permitted in organic farming. European Journal of Agronomy, 25: 328-335.<\/li>\n<li>Ferreres, F., Ribeiro, V., Izquierdo, A.G., Rodrigues, M.A., Seabra, R.M., Andrade, P.B., Valent\u00e3o, P. 2006. Rumex induratus leaves: Interesting dietary source of potential bioactive compounds. Journal of Agricultural and Food Chemistry, 54: 5782-5789.<\/li>\n<li>Rodrigues, M.A., Coutinho, J., Martins, J., Arrobas, M. 2005. Quantitative sidedress nitrogen recommendations for potatoes based upon crop nutritional indices. European Journal of Agronomy 23\/1: 79-88.<\/li>\n<li>Rodrigues, M.A. 2004. An in situ incubation technique to measure the contribution of organic N to potatoes. Agronomie. Agriculture &amp; Environment, 24: 249-256.<\/li>\n<li>Rodrigues, M.A. 2004. Establishment of continuous critical levels for indices of plant and pre-sidedress soil N status in the potato crop. Communications in Soil Science and Plant Analysis, 35 (13 &amp; 14): 2067-2085.<\/li>\n<li>Rodrigues, M.A., Coutinho, J., Martins, F. 2002. Efficacy and limitations of triticale as nitrogen catch crop in a Mediterranean environment. European Journal of Agronomy, 17\/3: 155-160.<\/li>\n<li>Rodrigues, M.A., Coutinho, J., Martins, F. 2001. Efficiency of organic nitrogen fertilisation of potato in Northeast Portugal. Acta Horticulturae, 563: 179-186.<\/li>\n<\/ol>\n","protected":false},"excerpt":{"rendered":"<p>Ferreira, I.Q., Arrobas, M., Moutinho-Pereira, J.M., Correia, C.M., Rodrigues, M.A. 0000 The effect of nitrogen applications on the growth of young olive trees and nitrogen 3 use efficiency. Turkish Journal of Agriculture and Forestry. DOI: 10.3906\/tar-1905-26 Rodrigues, M.A., Grade, V., Barroso, V., Pereira, A., Cassol. L.C., Arrobas, M. 2019. Chestnut response to organo-mineral and controlled-release [&hellip;]<\/p>\n","protected":false},"author":1,"featured_media":0,"parent":0,"menu_order":0,"comment_status":"closed","ping_status":"open","template":"","meta":[],"_links":{"self":[{"href":"https:\/\/esa.ipb.pt\/cv\/angelor\/wp-json\/wp\/v2\/pages\/19"}],"collection":[{"href":"https:\/\/esa.ipb.pt\/cv\/angelor\/wp-json\/wp\/v2\/pages"}],"about":[{"href":"https:\/\/esa.ipb.pt\/cv\/angelor\/wp-json\/wp\/v2\/types\/page"}],"author":[{"embeddable":true,"href":"https:\/\/esa.ipb.pt\/cv\/angelor\/wp-json\/wp\/v2\/users\/1"}],"replies":[{"embeddable":true,"href":"https:\/\/esa.ipb.pt\/cv\/angelor\/wp-json\/wp\/v2\/comments?post=19"}],"version-history":[{"count":9,"href":"https:\/\/esa.ipb.pt\/cv\/angelor\/wp-json\/wp\/v2\/pages\/19\/revisions"}],"predecessor-version":[{"id":125,"href":"https:\/\/esa.ipb.pt\/cv\/angelor\/wp-json\/wp\/v2\/pages\/19\/revisions\/125"}],"wp:attachment":[{"href":"https:\/\/esa.ipb.pt\/cv\/angelor\/wp-json\/wp\/v2\/media?parent=19"}],"curies":[{"name":"wp","href":"https:\/\/api.w.org\/{rel}","templated":true}]}}